{"id":12791,"date":"2023-12-20T08:45:38","date_gmt":"2023-12-20T05:45:38","guid":{"rendered":"https:\/\/irmak.k12.tr\/primary\/?page_id=12791"},"modified":"2023-12-20T08:45:38","modified_gmt":"2023-12-20T05:45:38","slug":"okul-ici-yarismalar","status":"publish","type":"page","link":"https:\/\/irmak.k12.tr\/primary\/okul-ici-yarismalar\/","title":{"rendered":"Okul \u0130\u00e7i Yar\u0131\u015fmalar"},"content":{"rendered":"<div class=\"wpb-content-wrapper\"><p>[vc_row][vc_column][vc_column_text]<\/p>\n<div class=\"text-left\">\n<p>\u00d6\u011fle aras\u0131 teneff\u00fcslerimizi etkili bir \u015fekilde de\u011ferlendirmek i\u00e7in \u00e7e\u015fitli turnuva ve yar\u0131\u015fmalar d\u00fczenliyoruz. \u00d6\u011frencilerimiz bireysel ya da grupla kat\u0131ld\u0131klar\u0131 bu etkinliklerde kendilerini \u00e7e\u015fitli bran\u015flarda ifade etme f\u0131rsat\u0131 yakal\u0131yor. Ayr\u0131ca turnuvalar okulda pozitif davran\u0131\u015flar\u0131n sergilendi\u011fi olumlu sosyal bir ortam yaratmakla birlikte, \u00f6\u011frenci \u00f6\u011fretmen ili\u015fkilerini de desteklemektedir.<\/p>\n<p><strong>Irmak Olimpiyatlar\u0131 :<\/strong> 1-8. s\u0131n\u0131flar seviyesinde organize edilen olimpiyatlar\u0131m\u0131zda t\u00fcm \u00f6\u011frencilerimiz, kendi seviyesinde farkl\u0131 kategorilerden \u00f6l\u00e7\u00fcmlere dahil olurlar. 2 hafta s\u00fcre ile devam eden olimpiyatlar\u0131m\u0131zda her sene takribi 3500 derece kay\u0131t alt\u0131na al\u0131n\u0131r (\u00f6\u011frenci say\u0131s\u0131na g\u00f6re de\u011fi\u015fkenlik g\u00f6stermektedir). Bu \u00f6l\u00e7\u00fcmler sonucunda dereceye giren \u00f6\u011frenciler \u00f6d\u00fcllendirilir. Ayr\u0131ca, \u00f6l\u00e7\u00fcm sonu\u00e7lar\u0131na g\u00f6re \u00f6\u011frencilerimize sportif y\u00f6nlendirmeler sa\u011flan\u0131r.<\/p>\n<p><strong>Atletizm Yar\u0131\u015fmalar\u0131 :<\/strong> Okul i\u00e7inde d\u00fczenlenen atletizm yar\u0131\u015fmalar\u0131nda \u00f6ncelikli amac\u0131m\u0131z; \u00f6\u011frencilerimizi fiziksel aktiviteye te\u015fvik edilmesidir. Yar\u0131\u015fmalar\u0131m\u0131zda \u00f6\u011frencilerimizin tak\u0131m ruhu geli\u015fir, disiplin ve strateji gibi \u00f6nemli beceriler kazan\u0131r ve rekabet ederken birbirlerine destek olmay\u0131 \u00f6\u011frenirler.<\/p>\n<p><strong>Basketbol Turnuvas\u0131 :<\/strong> Basketbol bran\u015f\u0131na \u00f6zg\u00fc, koordinasyon, h\u0131z, dayan\u0131kl\u0131l\u0131k ve tak\u0131m \u00e7al\u0131\u015fmas\u0131 gibi bir\u00e7ok beceriyi geli\u015ftirebilecekleri bir ortam sa\u011flamak amac\u0131yla ger\u00e7ekle\u015ftirilmektedir.<\/p>\n<p><strong>Futsal Turnuvas\u0131<\/strong> : Futbol temel becerilerinin sergilendi\u011fi ve tak\u0131m ruhunun bir arada kullan\u0131ld\u0131\u011f\u0131 turnuvam\u0131z 2.-3.ve 4. s\u0131n\u0131f seviyelerinde ger\u00e7ekle\u015ftirilmektedir.<\/p>\n<p><strong>Tenis Turnuvas\u0131:<\/strong> Okul i\u00e7inde d\u00fczenlenen tenis turnuvalar\u0131n\u0131n temel amac\u0131, \u00f6\u011frencilere tenis sporunu deneyimleme ve bu spor dal\u0131nda becerilerini geli\u015ftirme f\u0131rsat\u0131 sunmakt\u0131r. Tenis, h\u0131z, \u00e7eviklik, koordinasyon ve strateji gerektiren bir spor oldu\u011fu i\u00e7in, bu turnuvalar \u00f6\u011frencilere fiziksel yeteneklerini art\u0131rma ve teknik becerilerini peki\u015ftirme \u015fans\u0131 tan\u0131r. Ayn\u0131 zamanda, tenis turnuvalar\u0131 \u00f6\u011frenciler aras\u0131nda dost\u00e7a rekabeti te\u015fvik eder ve fair play (adil oyun) anlay\u0131\u015f\u0131n\u0131 g\u00fc\u00e7lendirir.<\/p>\n<p><strong>Geleneksel Irmak Spor \u015eenli\u011fi :<\/strong> 19 May\u0131s Atat\u00fcrk\u2019\u00fc Anma Gen\u00e7lik ve Spor Bayram\u0131 kapsam\u0131nda her y\u0131l geleneksel olarak d\u00fczenledi\u011fi Irmak Spor \u015eenli\u011fi\u2019nde amac\u0131m\u0131z; farkl\u0131 bran\u015flarda Irmak Okullar\u0131\u2019n\u0131 temsil eden sporcu \u00f6\u011frencilerin, di\u011fer \u00f6zel okullar ve devlet okullar\u0131 sporcu \u00f6\u011frencileriyle kayna\u015fmalar\u0131n\u0131 sa\u011flamak ve sporun evrensel boyutlardaki sevgi, dostluk ve fair play ilkelerinin benimsenmesine katk\u0131da bulunmak amac\u0131yla ger\u00e7ekle\u015ftirmektedir.<\/p>\n<p><strong>Kids Athletics :<\/strong> Okul i\u00e7erisinde d\u00fczenlenen ve \u00f6\u011frencilerimizin aileleri ile birlikte kat\u0131ld\u0131\u011f\u0131 parkur etkinliklerinin temel amac\u0131, \u00f6\u011frencilere fiziksel aktivite, dayan\u0131kl\u0131l\u0131k, strateji geli\u015ftirme, hedeflere ula\u015fma ve engellerle ba\u015fa \u00e7\u0131kma becerilerini geli\u015ftirme f\u0131rsat\u0131 sunmakt\u0131r. Etkinli\u011fimiz ile \u00f6\u011frencilerimiz aileleri ile birlikte okul i\u00e7erisinde sosyalle\u015firken kendilerini geli\u015ftirebilecek bir ortam sunmaktay\u0131z.<\/p>\n<\/div>\n<p>[\/vc_column_text][\/vc_column][\/vc_row]<\/p>\n<\/div>","protected":false},"excerpt":{"rendered":"<p>[vc_row][vc_column][vc_column_text] \u00d6\u011fle aras\u0131 teneff\u00fcslerimizi etkili bir \u015fekilde de\u011ferlendirmek i\u00e7in \u00e7e\u015fitli turnuva ve yar\u0131\u015fmalar d\u00fczenliyoruz. \u00d6\u011frencilerimiz bireysel ya da grupla kat\u0131ld\u0131klar\u0131 bu etkinliklerde kendilerini \u00e7e\u015fitli bran\u015flarda ifade etme f\u0131rsat\u0131 yakal\u0131yor. Ayr\u0131ca turnuvalar okulda pozitif davran\u0131\u015flar\u0131n sergilendi\u011fi olumlu sosyal bir ortam yaratmakla birlikte, \u00f6\u011frenci \u00f6\u011fretmen ili\u015fkilerini de desteklemektedir. Irmak Olimpiyatlar\u0131 : 1-8. s\u0131n\u0131flar seviyesinde organize edilen olimpiyatlar\u0131m\u0131zda [&hellip;]<\/p>\n","protected":false},"author":3,"featured_media":0,"parent":0,"menu_order":0,"comment_status":"closed","ping_status":"closed","template":"","meta":{"footnotes":""},"class_list":["post-12791","page","type-page","status-publish","hentry"],"_links":{"self":[{"href":"https:\/\/irmak.k12.tr\/primary\/wp-json\/wp\/v2\/pages\/12791","targetHints":{"allow":["GET"]}}],"collection":[{"href":"https:\/\/irmak.k12.tr\/primary\/wp-json\/wp\/v2\/pages"}],"about":[{"href":"https:\/\/irmak.k12.tr\/primary\/wp-json\/wp\/v2\/types\/page"}],"author":[{"embeddable":true,"href":"https:\/\/irmak.k12.tr\/primary\/wp-json\/wp\/v2\/users\/3"}],"replies":[{"embeddable":true,"href":"https:\/\/irmak.k12.tr\/primary\/wp-json\/wp\/v2\/comments?post=12791"}],"version-history":[{"count":1,"href":"https:\/\/irmak.k12.tr\/primary\/wp-json\/wp\/v2\/pages\/12791\/revisions"}],"predecessor-version":[{"id":12792,"href":"https:\/\/irmak.k12.tr\/primary\/wp-json\/wp\/v2\/pages\/12791\/revisions\/12792"}],"wp:attachment":[{"href":"https:\/\/irmak.k12.tr\/primary\/wp-json\/wp\/v2\/media?parent=12791"}],"curies":[{"name":"wp","href":"https:\/\/api.w.org\/{rel}","templated":true}]}}