{"id":12284,"date":"2023-05-25T10:43:05","date_gmt":"2023-05-25T07:43:05","guid":{"rendered":"https:\/\/irmak.k12.tr\/primary\/?page_id=12284"},"modified":"2023-05-25T10:48:34","modified_gmt":"2023-05-25T07:48:34","slug":"irmak-basketbol-spor-kulubu","status":"publish","type":"page","link":"https:\/\/irmak.k12.tr\/primary\/irmak-basketbol-spor-kulubu\/","title":{"rendered":"Irmak Basketbol Spor Kul\u00fcb\u00fc"},"content":{"rendered":"<div class=\"wpb-content-wrapper\"><p>[vc_row][vc_column][vc_column_text]<\/p>\n<div class=\"text-justify\">\n<p>Irmak Basketbol Spor Kul\u00fcb\u00fc, sporcular\u0131na akademik hayat ile spor hayat\u0131n\u0131 bir arada y\u00fcr\u00fctebildi\u011fi, okulunun her alan\u0131n\u0131 geli\u015fimi i\u00e7in kullanabilece\u011fi \u00f6\u011frenme ortam\u0131 sunmay\u0131 hedefler. Bu hedeflerin i\u00e7erisinde sporcular\u0131n\u0131n geli\u015fimi i\u00e7in gerekli t\u00fcm materyallere sahiptir. Irmak Basketbol Spor Kul\u00fcb\u00fc, basketbola yeni ba\u015flayan basketbolcu adaylar\u0131n\u0131 geli\u015ftirip, yetenekleri ile \u00f6n plana \u00e7\u0131kan sporcular\u0131n\u0131 T\u00fcrk basketboluna kazand\u0131rmak i\u00e7in b\u00fcy\u00fck kul\u00fcplere g\u00f6ndermede arac\u0131 olur. Irmak Basketbol Spor Kul\u00fcb\u00fc, sporcular\u0131n\u0131n geli\u015fimlerini d\u00fczenli \u015fekilde takip eder ve belirli s\u00fcreler ile \u00f6l\u00e7\u00fcmler ger\u00e7ekle\u015ftirir.<\/p>\n<\/div>\n<p>[\/vc_column_text][\/vc_column][\/vc_row]<\/p>\n<\/div>","protected":false},"excerpt":{"rendered":"<p>[vc_row][vc_column][vc_column_text] Irmak Basketbol Spor Kul\u00fcb\u00fc, sporcular\u0131na akademik hayat ile spor hayat\u0131n\u0131 bir arada y\u00fcr\u00fctebildi\u011fi, okulunun her alan\u0131n\u0131 geli\u015fimi i\u00e7in kullanabilece\u011fi \u00f6\u011frenme ortam\u0131 sunmay\u0131 hedefler. Bu hedeflerin i\u00e7erisinde sporcular\u0131n\u0131n geli\u015fimi i\u00e7in gerekli t\u00fcm materyallere sahiptir. Irmak Basketbol Spor Kul\u00fcb\u00fc, basketbola yeni ba\u015flayan basketbolcu adaylar\u0131n\u0131 geli\u015ftirip, yetenekleri ile \u00f6n plana \u00e7\u0131kan sporcular\u0131n\u0131 T\u00fcrk basketboluna kazand\u0131rmak i\u00e7in b\u00fcy\u00fck [&hellip;]<\/p>\n","protected":false},"author":3,"featured_media":0,"parent":0,"menu_order":0,"comment_status":"closed","ping_status":"closed","template":"","meta":{"footnotes":""},"class_list":["post-12284","page","type-page","status-publish","hentry"],"_links":{"self":[{"href":"https:\/\/irmak.k12.tr\/primary\/wp-json\/wp\/v2\/pages\/12284","targetHints":{"allow":["GET"]}}],"collection":[{"href":"https:\/\/irmak.k12.tr\/primary\/wp-json\/wp\/v2\/pages"}],"about":[{"href":"https:\/\/irmak.k12.tr\/primary\/wp-json\/wp\/v2\/types\/page"}],"author":[{"embeddable":true,"href":"https:\/\/irmak.k12.tr\/primary\/wp-json\/wp\/v2\/users\/3"}],"replies":[{"embeddable":true,"href":"https:\/\/irmak.k12.tr\/primary\/wp-json\/wp\/v2\/comments?post=12284"}],"version-history":[{"count":0,"href":"https:\/\/irmak.k12.tr\/primary\/wp-json\/wp\/v2\/pages\/12284\/revisions"}],"wp:attachment":[{"href":"https:\/\/irmak.k12.tr\/primary\/wp-json\/wp\/v2\/media?parent=12284"}],"curies":[{"name":"wp","href":"https:\/\/api.w.org\/{rel}","templated":true}]}}