{"id":12256,"date":"2023-05-25T10:34:50","date_gmt":"2023-05-25T07:34:50","guid":{"rendered":"https:\/\/irmak.k12.tr\/primary\/?page_id=12256"},"modified":"2025-09-08T09:39:19","modified_gmt":"2025-09-08T06:39:19","slug":"kis-okulu","status":"publish","type":"page","link":"https:\/\/irmak.k12.tr\/primary\/kis-okulu\/","title":{"rendered":"K\u0131\u015f Okulu"},"content":{"rendered":"<div class=\"wpb-content-wrapper\"><p>[vc_row][vc_column][vc_column_text]<\/p>\n<div class=\"text-justify\">\n<p>\u00d6\u011frencilerimizin m\u00fczik, drama, bale, teknoloji, satran\u00e7 ve spor becerilerinin geli\u015fimlerine destek olmay\u0131 hedefledi\u011fimiz K\u0131\u015f okulumuz her y\u0131l devam etmektedir. Kurslara kat\u0131lmak isteyen velilerimizin, kay\u0131t i\u015flemleri i\u00e7in Muhasebe birimi\u2019ne ba\u015fvurmalar\u0131 yeterlidir.<\/p>\n<\/div>\n<p>[\/vc_column_text][\/vc_column][\/vc_row][vc_row][vc_column][vc_gallery interval=&#8221;3&#8243; images=&#8221;12259,12260,12261,12262,12263,12264,12265,12266,12267,12268,12272,12273,12274,12275,12276,12277,12280,12281&#8243; img_size=&#8221;1080&#215;800&#8243; css=&#8221;&#8221;][\/vc_column][\/vc_row]<\/p>\n<\/div>","protected":false},"excerpt":{"rendered":"<p>[vc_row][vc_column][vc_column_text] \u00d6\u011frencilerimizin m\u00fczik, drama, bale, teknoloji, satran\u00e7 ve spor becerilerinin geli\u015fimlerine destek olmay\u0131 hedefledi\u011fimiz K\u0131\u015f okulumuz her y\u0131l devam etmektedir. Kurslara kat\u0131lmak isteyen velilerimizin, kay\u0131t i\u015flemleri i\u00e7in Muhasebe birimi\u2019ne ba\u015fvurmalar\u0131 yeterlidir. [\/vc_column_text][\/vc_column][\/vc_row][vc_row][vc_column][vc_gallery interval=&#8221;3&#8243; images=&#8221;12259,12260,12261,12262,12263,12264,12265,12266,12267,12268,12272,12273,12274,12275,12276,12277,12280,12281&#8243; img_size=&#8221;1080&#215;800&#8243; css=&#8221;&#8221;][\/vc_column][\/vc_row]<\/p>\n","protected":false},"author":3,"featured_media":0,"parent":0,"menu_order":0,"comment_status":"closed","ping_status":"closed","template":"","meta":{"footnotes":""},"class_list":["post-12256","page","type-page","status-publish","hentry"],"_links":{"self":[{"href":"https:\/\/irmak.k12.tr\/primary\/wp-json\/wp\/v2\/pages\/12256","targetHints":{"allow":["GET"]}}],"collection":[{"href":"https:\/\/irmak.k12.tr\/primary\/wp-json\/wp\/v2\/pages"}],"about":[{"href":"https:\/\/irmak.k12.tr\/primary\/wp-json\/wp\/v2\/types\/page"}],"author":[{"embeddable":true,"href":"https:\/\/irmak.k12.tr\/primary\/wp-json\/wp\/v2\/users\/3"}],"replies":[{"embeddable":true,"href":"https:\/\/irmak.k12.tr\/primary\/wp-json\/wp\/v2\/comments?post=12256"}],"version-history":[{"count":6,"href":"https:\/\/irmak.k12.tr\/primary\/wp-json\/wp\/v2\/pages\/12256\/revisions"}],"predecessor-version":[{"id":15357,"href":"https:\/\/irmak.k12.tr\/primary\/wp-json\/wp\/v2\/pages\/12256\/revisions\/15357"}],"wp:attachment":[{"href":"https:\/\/irmak.k12.tr\/primary\/wp-json\/wp\/v2\/media?parent=12256"}],"curies":[{"name":"wp","href":"https:\/\/api.w.org\/{rel}","templated":true}]}}