{"id":12241,"date":"2023-05-25T10:28:49","date_gmt":"2023-05-25T07:28:49","guid":{"rendered":"https:\/\/irmak.k12.tr\/primary\/?page_id=12241"},"modified":"2025-09-30T08:52:13","modified_gmt":"2025-09-30T05:52:13","slug":"yaz-okulu","status":"publish","type":"page","link":"https:\/\/irmak.k12.tr\/primary\/yaz-okulu\/","title":{"rendered":"Yaz Okulu"},"content":{"rendered":"<div class=\"wpb-content-wrapper\"><p>[vc_row][vc_column][vc_column_text]<\/p>\n<div class=\"text-justify\">\n<p>Anaokulu, ilkokul ve ortaokul 5 ve 6. s\u0131n\u0131f \u00f6\u011frencilerimize y\u00f6nelik haz\u0131rlanan \u201cYaz Okulu Program\u0131\u201d ile \u00f6\u011frencilerimizin sanat, bili\u015fim ve sportif becerilerini ke\u015ffetmeye ve geli\u015ftirmeye her y\u0131l devam ediyoruz. Yaz okulumuza, ya\u015f gruplar\u0131na uygun okul d\u0131\u015f\u0131 \u00f6\u011frenciler de ba\u015fvurabilir. Yaz okuluna kat\u0131lmak isteyen velilerimizin, kay\u0131t i\u015flemleri i\u00e7in Muhasebe birimi\u2019ne ba\u015fvurmalar\u0131 yeterlidir.<\/p>\n<\/div>\n<p>[\/vc_column_text][\/vc_column][\/vc_row][vc_row][vc_column][vc_gallery interval=&#8221;3&#8243; images=&#8221;12243,12245,12246,12247,12248,12249,12250&#8243; img_size=&#8221;1080&#215;800&#8243; css=&#8221;&#8221;][\/vc_column][\/vc_row]<\/p>\n<\/div>","protected":false},"excerpt":{"rendered":"<p>[vc_row][vc_column][vc_column_text] Anaokulu, ilkokul ve ortaokul 5 ve 6. s\u0131n\u0131f \u00f6\u011frencilerimize y\u00f6nelik haz\u0131rlanan \u201cYaz Okulu Program\u0131\u201d ile \u00f6\u011frencilerimizin sanat, bili\u015fim ve sportif becerilerini ke\u015ffetmeye ve geli\u015ftirmeye her y\u0131l devam ediyoruz. Yaz okulumuza, ya\u015f gruplar\u0131na uygun okul d\u0131\u015f\u0131 \u00f6\u011frenciler de ba\u015fvurabilir. Yaz okuluna kat\u0131lmak isteyen velilerimizin, kay\u0131t i\u015flemleri i\u00e7in Muhasebe birimi\u2019ne ba\u015fvurmalar\u0131 yeterlidir. [\/vc_column_text][\/vc_column][\/vc_row][vc_row][vc_column][vc_gallery interval=&#8221;3&#8243; images=&#8221;12243,12245,12246,12247,12248,12249,12250&#8243; img_size=&#8221;1080&#215;800&#8243; [&hellip;]<\/p>\n","protected":false},"author":3,"featured_media":0,"parent":0,"menu_order":0,"comment_status":"closed","ping_status":"closed","template":"","meta":{"footnotes":""},"class_list":["post-12241","page","type-page","status-publish","hentry"],"_links":{"self":[{"href":"https:\/\/irmak.k12.tr\/primary\/wp-json\/wp\/v2\/pages\/12241","targetHints":{"allow":["GET"]}}],"collection":[{"href":"https:\/\/irmak.k12.tr\/primary\/wp-json\/wp\/v2\/pages"}],"about":[{"href":"https:\/\/irmak.k12.tr\/primary\/wp-json\/wp\/v2\/types\/page"}],"author":[{"embeddable":true,"href":"https:\/\/irmak.k12.tr\/primary\/wp-json\/wp\/v2\/users\/3"}],"replies":[{"embeddable":true,"href":"https:\/\/irmak.k12.tr\/primary\/wp-json\/wp\/v2\/comments?post=12241"}],"version-history":[{"count":5,"href":"https:\/\/irmak.k12.tr\/primary\/wp-json\/wp\/v2\/pages\/12241\/revisions"}],"predecessor-version":[{"id":15445,"href":"https:\/\/irmak.k12.tr\/primary\/wp-json\/wp\/v2\/pages\/12241\/revisions\/15445"}],"wp:attachment":[{"href":"https:\/\/irmak.k12.tr\/primary\/wp-json\/wp\/v2\/media?parent=12241"}],"curies":[{"name":"wp","href":"https:\/\/api.w.org\/{rel}","templated":true}]}}