{"id":11502,"date":"2023-02-15T14:16:58","date_gmt":"2023-02-15T11:16:58","guid":{"rendered":"https:\/\/irmak.k12.tr\/primary\/?page_id=11502"},"modified":"2023-02-21T09:33:23","modified_gmt":"2023-02-21T06:33:23","slug":"ikinci-adim-programi","status":"publish","type":"page","link":"https:\/\/irmak.k12.tr\/primary\/ikinci-adim-programi\/","title":{"rendered":"\u0130kinci Ad\u0131m Program\u0131"},"content":{"rendered":"<div class=\"wpb-content-wrapper\"><p>[vc_row][vc_column][vc_column_text]<\/p>\n<div class=\"text-justify\">\n<div class=\"text-justify\">\n<p>\u00d6\u011frenmeye haz\u0131r olu\u015fta sosyal ve duygusal becerilerin \u00f6nemini temel alan &#8220;\u0130kinci Ad\u0131m&#8221; program\u0131 okulumuzda uygulanmaktad\u0131r. &#8220;\u0130kinci Ad\u0131m&#8221; Program\u0131 \u00e7ocuklar\u0131n sosyal ve duygusal geli\u015fimlerini destekleyerek, okul ortam\u0131nda ya\u015fanma ihtimali olan \u015fiddeti \u00f6nlemeyi ama\u00e7layan bir programd\u0131r. \u00d6\u011frencilerin sosyal ve duygusal becerilerini destekleyerek olumlu s\u0131n\u0131f ikliminin olu\u015fmas\u0131na katk\u0131da bulunur. Olumlu s\u0131n\u0131f iklimi, \u00f6\u011frenmenin ger\u00e7ekle\u015fmesi i\u00e7in en \u00f6nemli anahtard\u0131r. \u0130kinci Ad\u0131m, ara\u015ft\u0131rmalar taraf\u0131ndan etkinli\u011fi kan\u0131tlanm\u0131\u015f bir programd\u0131r.<\/p>\n<p>\u0130kinci Ad\u0131m dersleri \u00e7ocuklara becerileri, foto\u011frafl\u0131 ders kartlar\u0131 ve g\u00fcnl\u00fck hayattan al\u0131nm\u0131\u015f videolarla tan\u0131t\u0131r ve \u00f6\u011fretir. B\u00fct\u00fcn \u00f6\u011frenciler \u00f6\u011frendikleri yeni becerileri, \u0130kinci Ad\u0131m derslerinin \u00f6nemli bir k\u0131sm\u0131 olan &#8220;canland\u0131rma&#8221; y\u00f6ntemiyle uygulayarak \u00f6\u011frenirler.<\/p>\n<p>Program\u0131n temelinde; &#8220;Empati&#8221; \u2013 &#8220;D\u00fcrt\u00fc Kontrol\u00fc ve Problem \u00c7\u00f6zme&#8221; \u2013 &#8220;\u00d6fke Y\u00f6netimi&#8221; konular\u0131n\u0131 i\u00e7eren 3 \u00fcnite yer almaktad\u0131r. &#8220;Aile Mektuplar\u0131&#8221; ve &#8220;Beceri Tan\u0131t\u0131m Mektuplar\u0131&#8221; \u0130kinci Ad\u0131m derslerinde \u00f6\u011frendi\u011fi beceriyi evde uygulamas\u0131 ve s\u0131n\u0131fta yap\u0131lan \u00e7al\u0131\u015fmalar\u0131 ailelerinde takip edebilmesi i\u00e7in aileler ile payla\u015f\u0131lmaktad\u0131r.<\/p>\n<p>(\u00a0<strong><a href=\"http:\/\/www.sdoakademi.com\/\" target=\"_blank\" rel=\"noopener\">http:\/\/www.sdoakademi.com<\/a><\/strong>\u00a0linkinden program ile ilglili detayl\u0131 bilgilere ula\u015fabilirsiniz.)<\/p>\n<\/div>\n<\/div>\n<p>[\/vc_column_text][\/vc_column][\/vc_row]<\/p>\n<\/div>","protected":false},"excerpt":{"rendered":"<p>[vc_row][vc_column][vc_column_text] \u00d6\u011frenmeye haz\u0131r olu\u015fta sosyal ve duygusal becerilerin \u00f6nemini temel alan &#8220;\u0130kinci Ad\u0131m&#8221; program\u0131 okulumuzda uygulanmaktad\u0131r. &#8220;\u0130kinci Ad\u0131m&#8221; Program\u0131 \u00e7ocuklar\u0131n sosyal ve duygusal geli\u015fimlerini destekleyerek, okul ortam\u0131nda ya\u015fanma ihtimali olan \u015fiddeti \u00f6nlemeyi ama\u00e7layan bir programd\u0131r. \u00d6\u011frencilerin sosyal ve duygusal becerilerini destekleyerek olumlu s\u0131n\u0131f ikliminin olu\u015fmas\u0131na katk\u0131da bulunur. Olumlu s\u0131n\u0131f iklimi, \u00f6\u011frenmenin ger\u00e7ekle\u015fmesi i\u00e7in en \u00f6nemli [&hellip;]<\/p>\n","protected":false},"author":1,"featured_media":0,"parent":0,"menu_order":0,"comment_status":"closed","ping_status":"closed","template":"","meta":{"footnotes":""},"class_list":["post-11502","page","type-page","status-publish","hentry"],"_links":{"self":[{"href":"https:\/\/irmak.k12.tr\/primary\/wp-json\/wp\/v2\/pages\/11502","targetHints":{"allow":["GET"]}}],"collection":[{"href":"https:\/\/irmak.k12.tr\/primary\/wp-json\/wp\/v2\/pages"}],"about":[{"href":"https:\/\/irmak.k12.tr\/primary\/wp-json\/wp\/v2\/types\/page"}],"author":[{"embeddable":true,"href":"https:\/\/irmak.k12.tr\/primary\/wp-json\/wp\/v2\/users\/1"}],"replies":[{"embeddable":true,"href":"https:\/\/irmak.k12.tr\/primary\/wp-json\/wp\/v2\/comments?post=11502"}],"version-history":[{"count":0,"href":"https:\/\/irmak.k12.tr\/primary\/wp-json\/wp\/v2\/pages\/11502\/revisions"}],"wp:attachment":[{"href":"https:\/\/irmak.k12.tr\/primary\/wp-json\/wp\/v2\/media?parent=11502"}],"curies":[{"name":"wp","href":"https:\/\/api.w.org\/{rel}","templated":true}]}}