{"id":11499,"date":"2023-02-15T14:12:38","date_gmt":"2023-02-15T11:12:38","guid":{"rendered":"https:\/\/irmak.k12.tr\/primary\/?page_id=11499"},"modified":"2023-05-31T08:27:33","modified_gmt":"2023-05-31T05:27:33","slug":"psikolojik-danismanlik-ve-rehberlik-calismalari","status":"publish","type":"page","link":"https:\/\/irmak.k12.tr\/primary\/psikolojik-danismanlik-ve-rehberlik-calismalari\/","title":{"rendered":"Psikolojik Dan\u0131\u015fmanl\u0131k ve Rehberlik \u00c7al\u0131\u015fmalar\u0131"},"content":{"rendered":"<div class=\"wpb-content-wrapper\"><p>[vc_row][vc_column][vc_column_text]<\/p>\n<div class=\"text-justify\">\n<div class=\"text-justify\">\n<p><strong>Psikolojik Dan\u0131\u015fma ve Rehberlik Birimi<\/strong><\/p>\n<p>\u0130lkokul \u00e7a\u011f\u0131 \u00e7ocu\u011funun okul sistemine uyum sa\u011flamas\u0131, gelecek y\u0131llardaki okul ya\u015fam\u0131n\u0131 etkileyecek \u00f6nemli bir fakt\u00f6rd\u00fcr. Psikolojik Dan\u0131\u015fma ve Rehberlik B\u00f6l\u00fcm\u00fc bu s\u00fcreci kolayla\u015ft\u0131rmak i\u00e7in, \u00f6\u011frenci, veli ve \u00f6\u011fretmenlerle i\u015f birli\u011fi i\u00e7inde \u00e7al\u0131\u015f\u0131r. \u00c7al\u0131\u015fmalarla \u00f6\u011frencilerimizin:<\/p>\n<p>\u2022 S\u0131n\u0131rlar\u0131n\u0131n fark\u0131nda, ya\u015f\u0131ndan beklenen sorumluluklar\u0131 \u00fcstlenebilen,<br \/>\n\u2022 Kendisiyle ve di\u011fer insanlarla bar\u0131\u015f\u0131k,<br \/>\n\u2022 Sosyal ya\u015famda ayaklar\u0131 \u00fczerinde durabilen,<br \/>\n\u2022 Sorun \u00e7\u00f6zme becerileriyle donanm\u0131\u015f,<br \/>\n\u2022 Duygu ve d\u00fc\u015f\u00fcncelerini, yerinde ve zaman\u0131nda, etkin bir bi\u00e7imde ifade edebilen,<br \/>\n\u2022 \u0130lgi ve yeteneklerinin fark\u0131nda, geli\u015fmeye ve \u00f6\u011frenmeye a\u00e7\u0131k,<br \/>\n\u2022 Mutlu ve sa\u011fl\u0131kl\u0131 bireyler,<\/p>\n<p>olarak yeti\u015fmeleri i\u00e7in s\u00fcrekli, sistemli ve profesyonel bir yard\u0131m\u0131n verilmesi hedeflenmektedir.<br \/>\nBu hedefler do\u011frultusunda; y\u0131l i\u00e7inde g\u00f6zlemlenen geli\u015fimsel ihtiya\u00e7lar do\u011frultusunda \u00f6\u011frencilerde \u00e7e\u015fitli konularda fark\u0131ndal\u0131k olu\u015fturmak, bilin\u00e7lendirmek ve bilgilendirmek amac\u0131yla seminerler veya s\u0131n\u0131f i\u00e7i etkinlikler ger\u00e7ekle\u015ftirilir. Bu y\u0131l ger\u00e7ekle\u015ftirilen\/ger\u00e7ekle\u015ftirilen \u00e7al\u0131\u015fma konular\u0131,<\/p>\n<p><strong>\u00d6\u011frencilere Y\u00f6nelik \u00c7al\u0131\u015fmalar<\/strong><\/p>\n<p><strong>Bireysel G\u00f6r\u00fc\u015fmeler<\/strong><br \/>\nY\u0131l i\u00e7erisinde \u00f6\u011frencilerle bireysel olarak g\u00f6r\u00fc\u015f\u00fclmektedir. S\u0131n\u0131f ve saha g\u00f6zlemi yap\u0131larak \u00f6\u011frenciler hem grup i\u00e7erisinde hem de bireysel olarak sosyal duygusal a\u00e7\u0131dan de\u011ferlendirilmektedir. \u00d6\u011frencilerin g\u00f6rsel alg\u0131, dikkat, kavram bilgisi gibi temel becerilerini geli\u015ftirmek amac\u0131yla ya\u015f gruplar\u0131na uygun de\u011ferlendirme ara\u00e7lar\u0131 kullan\u0131larak e\u011fitim ihtiya\u00e7 analizleri yap\u0131lmaktad\u0131r ve gerekli y\u00f6nlendirmeler ger\u00e7ekle\u015ftirilmektedir.<\/p>\n<p><strong>Seminerler ve Workshop \u00c7al\u0131\u015fmalar\u0131<\/strong><br \/>\nY\u0131l i\u00e7inde g\u00f6zlemlenen geli\u015fimsel ihtiya\u00e7lar do\u011frultusunda \u00f6\u011frencilerde \u00e7e\u015fitli konularda fark\u0131ndal\u0131k olu\u015fturmak, bilin\u00e7lendirmek ve bilgilendirmek amac\u0131yla seminerler veya s\u0131n\u0131f i\u00e7i \u00e7al\u0131\u015fmalar ger\u00e7ekle\u015ftirilir. Psikolojik Dan\u0131\u015fma ve Rehberlik Birimi, \u00f6\u011frencilerimizle bireysel ve grup \u00e7al\u0131\u015fmalar\u0131 yaparak \u00f6\u011frencilerimize \u00e7e\u015fitli alanlarda beceriler kazand\u0131rmay\u0131 hedeflemektedir:<\/p>\n<p><strong>Workshop \u00c7al\u0131\u015fmalar\u0131m\u0131z<\/strong><br \/>\nBu sene yap\u0131lan \u00e7al\u0131\u015fma konular\u0131,<br \/>\n\u2022 Okula Uyum<br \/>\n\u2022 Arkada\u015fl\u0131k \u0130li\u015fkileri ve Zorbal\u0131k<br \/>\n\u2022 Sorumluluklar\u0131m\u0131z<br \/>\n\u2022 Duygular\u0131 Tan\u0131ma<br \/>\n\u2022 Bedensel S\u0131n\u0131rlar\u0131m\u0131z<br \/>\n\u2022 S\u0131nav Kayg\u0131s\u0131 (4.s\u0131n\u0131flar)<br \/>\n\u2022 Ortaokula Ge\u00e7i\u015f (4.s\u0131n\u0131flar)<\/p>\n<p>&nbsp;<\/p>\n<p><strong>Ki\u015fisel Geli\u015fim At\u00f6lyesi<\/strong><\/p>\n<p>Psikolojik Dan\u0131\u015fma ve Rehberlik B\u00f6l\u00fcm\u00fc\u2019nde \u00f6\u011frencilerimizin akademik ve ki\u015filik geli\u015fimleri izlenmekte; sosyal becerileri geli\u015ftirici bireysel \u00e7al\u0131\u015fmalar, grup ve s\u0131n\u0131f \u00e7al\u0131\u015fmalar\u0131 uygulanmakta; gereksinim duyduklar\u0131 konularda \u00f6\u011frencilerimize bilgilendirme ve y\u00f6nlendirme yap\u0131lmaktad\u0131r.<\/p>\n<p>Bu kapsamda yap\u0131lan \u201cKi\u015fisel Geli\u015fim At\u00f6lyesi\u201d \u00e7al\u0131\u015fmalar\u0131nda \u00d6\u011frencilerin kendisini ve \u00e7evresini tan\u0131ma, duygular\u0131 fark edip ifade edebilme, \u00e7at\u0131\u015fma \u00e7\u00f6zme ve etkili ileti\u015fim kurma, zor durumlarla etkili ve g\u00fcvenli \u015fekilde ba\u015fa \u00e7\u0131kabilme becerilerini desteklemek amac\u0131yla s\u0131n\u0131rl\u0131 say\u0131da \u00f6\u011frenciyle yap\u0131lan ve ortalama 5 hafta, haftada 1 ders saati s\u00fcren \u00e7al\u0131\u015fmalard\u0131r.<\/p>\n<p><strong>Velilere Y\u00f6nelik \u00c7al\u0131\u015fmalar<\/strong><\/p>\n<p><strong>Bireysel G\u00f6r\u00fc\u015fmeler<\/strong><br \/>\nY\u0131l i\u00e7erisinde t\u00fcm velilerle birebir g\u00f6r\u00fc\u015f\u00fclmektedir. Bu g\u00f6r\u00fc\u015fmelerde \u00f6\u011frencilerin geli\u015fim \u00f6yk\u00fcleri al\u0131nmakta, okul i\u00e7erisinde yap\u0131lan g\u00f6zlemler ve \u00e7al\u0131\u015fmalar de\u011ferlendirilmekte, ihtiya\u00e7lar do\u011frultusunda gerekli y\u00f6nlendirmeler yap\u0131lmaktad\u0131r.<\/p>\n<p><strong>Veli B\u00fcltenleri<\/strong><br \/>\nGeli\u015fim d\u00f6nemlerine uygun olarak \u00e7e\u015fitli konularda bilgilendirici e- b\u00fcltenler haz\u0131rlanarak velilere belirli aral\u0131klarla g\u00f6nderilmektedir.<\/p>\n<p><strong>Seminer ve Konferanslar<\/strong><br \/>\nE\u011fitim \u00f6\u011fretim y\u0131l\u0131 i\u00e7erisinde Psikolojik Dan\u0131\u015fma ve Rehberlik B\u00f6l\u00fcm\u00fcne yans\u0131yan konulara ve veli ihtiya\u00e7lar\u0131na g\u00f6re se\u00e7ilen \u00e7e\u015fitli konularda, okul psikolojik dan\u0131\u015fman\u0131 ve alan\u0131nda uzman ki\u015filer taraf\u0131ndan velilere y\u00f6nelik seminer ve konferanslar d\u00fczenlenmektedir.<\/p>\n<\/div>\n<\/div>\n<p>[\/vc_column_text][\/vc_column][\/vc_row]<\/p>\n<\/div>","protected":false},"excerpt":{"rendered":"<p>[vc_row][vc_column][vc_column_text] Psikolojik Dan\u0131\u015fma ve Rehberlik Birimi \u0130lkokul \u00e7a\u011f\u0131 \u00e7ocu\u011funun okul sistemine uyum sa\u011flamas\u0131, gelecek y\u0131llardaki okul ya\u015fam\u0131n\u0131 etkileyecek \u00f6nemli bir fakt\u00f6rd\u00fcr. Psikolojik Dan\u0131\u015fma ve Rehberlik B\u00f6l\u00fcm\u00fc bu s\u00fcreci kolayla\u015ft\u0131rmak i\u00e7in, \u00f6\u011frenci, veli ve \u00f6\u011fretmenlerle i\u015f birli\u011fi i\u00e7inde \u00e7al\u0131\u015f\u0131r. \u00c7al\u0131\u015fmalarla \u00f6\u011frencilerimizin: \u2022 S\u0131n\u0131rlar\u0131n\u0131n fark\u0131nda, ya\u015f\u0131ndan beklenen sorumluluklar\u0131 \u00fcstlenebilen, \u2022 Kendisiyle ve di\u011fer insanlarla bar\u0131\u015f\u0131k, \u2022 Sosyal [&hellip;]<\/p>\n","protected":false},"author":1,"featured_media":0,"parent":0,"menu_order":0,"comment_status":"closed","ping_status":"closed","template":"","meta":{"footnotes":""},"class_list":["post-11499","page","type-page","status-publish","hentry"],"_links":{"self":[{"href":"https:\/\/irmak.k12.tr\/primary\/wp-json\/wp\/v2\/pages\/11499","targetHints":{"allow":["GET"]}}],"collection":[{"href":"https:\/\/irmak.k12.tr\/primary\/wp-json\/wp\/v2\/pages"}],"about":[{"href":"https:\/\/irmak.k12.tr\/primary\/wp-json\/wp\/v2\/types\/page"}],"author":[{"embeddable":true,"href":"https:\/\/irmak.k12.tr\/primary\/wp-json\/wp\/v2\/users\/1"}],"replies":[{"embeddable":true,"href":"https:\/\/irmak.k12.tr\/primary\/wp-json\/wp\/v2\/comments?post=11499"}],"version-history":[{"count":0,"href":"https:\/\/irmak.k12.tr\/primary\/wp-json\/wp\/v2\/pages\/11499\/revisions"}],"wp:attachment":[{"href":"https:\/\/irmak.k12.tr\/primary\/wp-json\/wp\/v2\/media?parent=11499"}],"curies":[{"name":"wp","href":"https:\/\/api.w.org\/{rel}","templated":true}]}}