{"id":11492,"date":"2023-02-15T14:01:59","date_gmt":"2023-02-15T11:01:59","guid":{"rendered":"https:\/\/irmak.k12.tr\/primary\/?page_id=11492"},"modified":"2023-12-20T08:34:19","modified_gmt":"2023-12-20T05:34:19","slug":"okul-sonrasi-etkinlikler","status":"publish","type":"page","link":"https:\/\/irmak.k12.tr\/primary\/okul-sonrasi-etkinlikler\/","title":{"rendered":"Okul Sonras\u0131 Etkinlikler"},"content":{"rendered":"<div class=\"wpb-content-wrapper\"><p>[vc_row][vc_column][vc_column_text]<\/p>\n<div class=\"text-justify\">\n<p>Amac\u0131m\u0131z, ses e\u011fitimi ve m\u00fczik k\u00fclt\u00fcr\u00fc kazan\u0131mlar\u0131yla beraber, m\u00fczikal y\u00f6nden farkl\u0131 yeteneklere sahip olan \u00f6\u011frencilerin saptanmas\u0131 ve y\u00f6nlendirilmesi gibi hedeflerle koro \u00e7al\u0131\u015fmalar\u0131n\u0131 ger\u00e7ekle\u015ftirmektir. \u00d6\u011frencilerimiz \u00e7al\u0131\u015fmalarda, gurupla s\u00f6ylemeyi, sesini kullanmay\u0131 ve denetlemeyi \u00f6\u011frendikleri gibi, uyum becerisini ve i\u015fbirli\u011fine dair disiplin anlay\u0131\u015flar\u0131n\u0131 geli\u015ftirirler.<\/p>\n<p>Irmak Okullar\u0131nda Irmak \u00c7ocuk Korosu\u2019na kat\u0131lmak isteyen 3. ve 6. s\u0131n\u0131flar\u0131m\u0131z, M\u00fczik B\u00f6l\u00fcm\u00fc \u00f6\u011fretmenleri taraf\u0131ndan yap\u0131lan M\u00fczikal Duyum Testi ile Irmak Okul Korosu\u2019na girmeye hak kazan\u0131rlar.<\/p>\n<p>Uygulanan test sonucunda, belirlenen m\u00fczikal kriterlere g\u00f6re uygun olan \u00f6\u011frenciler, Irmak \u00c7ocuk Korosu\u2019na girmeye hak kazan\u0131rlar. Bu \u00e7al\u0131\u015fmalarda, \u00f6\u011frencilerimizle nefes \u00e7al\u0131\u015fmalar\u0131 yaparak \u015fark\u0131 s\u00f6ylerken do\u011fru yerde nefes almay\u0131 \u00f6\u011frenmekteler. Seslendirilen eserleri anla\u015f\u0131labilir k\u0131lmak i\u00e7in artik\u00fclasyon (bo\u011fumlama) \u00e7al\u0131\u015fmalar\u0131 ger\u00e7ekle\u015ftirmekteyiz. Nota okuryazarl\u0131\u011f\u0131m\u0131z\u0131 (notasyon) ilerletmek ve ezgisel haf\u0131zam\u0131z\u0131 geni\u015fletmek i\u00e7in de\u011ferli bestecimiz Muammer Sun\u2019un solfej kitab\u0131nda yer alan maj\u00f6r ve min\u00f6r tonlarda yaz\u0131lan basit kal\u0131plardaki melodileri piyano e\u015flikli seslendirmekteyiz. Ders i\u00e7inde seslendirilen okul \u015fark\u0131lar\u0131nda ve koro \u00e7al\u0131\u015fmalar\u0131nda m\u00fczik \u00f6\u011fretmenlerince m\u00fczikalite olarak be\u011fenilen ses rengi g\u00fczel, tonalitesi d\u00fczg\u00fcn ve ritim duygusu ileri d\u00fczeyde olan \u00f6\u011frencilerimiz \u00e7e\u015fitli etkinliklerde okul korosu e\u015fli\u011finde solist olarak g\u00f6rev almaktad\u0131r.<\/p>\n<\/div>\n<p>[\/vc_column_text][\/vc_column][\/vc_row]<\/p>\n<\/div>","protected":false},"excerpt":{"rendered":"<p>[vc_row][vc_column][vc_column_text] Amac\u0131m\u0131z, ses e\u011fitimi ve m\u00fczik k\u00fclt\u00fcr\u00fc kazan\u0131mlar\u0131yla beraber, m\u00fczikal y\u00f6nden farkl\u0131 yeteneklere sahip olan \u00f6\u011frencilerin saptanmas\u0131 ve y\u00f6nlendirilmesi gibi hedeflerle koro \u00e7al\u0131\u015fmalar\u0131n\u0131 ger\u00e7ekle\u015ftirmektir. \u00d6\u011frencilerimiz \u00e7al\u0131\u015fmalarda, gurupla s\u00f6ylemeyi, sesini kullanmay\u0131 ve denetlemeyi \u00f6\u011frendikleri gibi, uyum becerisini ve i\u015fbirli\u011fine dair disiplin anlay\u0131\u015flar\u0131n\u0131 geli\u015ftirirler. Irmak Okullar\u0131nda Irmak \u00c7ocuk Korosu\u2019na kat\u0131lmak isteyen 3. ve 6. s\u0131n\u0131flar\u0131m\u0131z, M\u00fczik B\u00f6l\u00fcm\u00fc [&hellip;]<\/p>\n","protected":false},"author":1,"featured_media":0,"parent":0,"menu_order":0,"comment_status":"closed","ping_status":"closed","template":"","meta":{"footnotes":""},"class_list":["post-11492","page","type-page","status-publish","hentry"],"_links":{"self":[{"href":"https:\/\/irmak.k12.tr\/primary\/wp-json\/wp\/v2\/pages\/11492","targetHints":{"allow":["GET"]}}],"collection":[{"href":"https:\/\/irmak.k12.tr\/primary\/wp-json\/wp\/v2\/pages"}],"about":[{"href":"https:\/\/irmak.k12.tr\/primary\/wp-json\/wp\/v2\/types\/page"}],"author":[{"embeddable":true,"href":"https:\/\/irmak.k12.tr\/primary\/wp-json\/wp\/v2\/users\/1"}],"replies":[{"embeddable":true,"href":"https:\/\/irmak.k12.tr\/primary\/wp-json\/wp\/v2\/comments?post=11492"}],"version-history":[{"count":1,"href":"https:\/\/irmak.k12.tr\/primary\/wp-json\/wp\/v2\/pages\/11492\/revisions"}],"predecessor-version":[{"id":12784,"href":"https:\/\/irmak.k12.tr\/primary\/wp-json\/wp\/v2\/pages\/11492\/revisions\/12784"}],"wp:attachment":[{"href":"https:\/\/irmak.k12.tr\/primary\/wp-json\/wp\/v2\/media?parent=11492"}],"curies":[{"name":"wp","href":"https:\/\/api.w.org\/{rel}","templated":true}]}}