{"id":11475,"date":"2023-02-15T13:45:05","date_gmt":"2023-02-15T10:45:05","guid":{"rendered":"https:\/\/irmak.k12.tr\/primary\/?page_id=11475"},"modified":"2023-03-08T09:31:53","modified_gmt":"2023-03-08T06:31:53","slug":"fen-laboratuvar-uygulamalari-2","status":"publish","type":"page","link":"https:\/\/irmak.k12.tr\/primary\/fen-laboratuvar-uygulamalari-2\/","title":{"rendered":"Fen Laboratuvar Uygulamalar\u0131"},"content":{"rendered":"<div class=\"wpb-content-wrapper\"><p>[vc_row][vc_column][vc_column_text]<\/p>\n<div class=\"text-left\">\n<div class=\"text-justify\">\n<div class=\"text-justify\">\n<div class=\"text-justify\">\n<div class=\"text-justify\">\n<p><strong>AMA\u00c7LAR<\/strong><\/p>\n<p>Irmak Okullar\u0131 olarak, \u00f6\u011frencilerimizin. g\u00f6zlem yapma, fikir \u00fcretme ve yorum yapma gibi becerilerini geli\u015ftirmek temel hedeflerimizdendir. \u00d6\u011frencilerimiz, fen laboratuvar\u0131nda somut ya\u015fant\u0131lar ge\u00e7irirler ve ya\u015fayarak \u00f6\u011frenirler. Deneyler arac\u0131l\u0131\u011f\u0131yla, \u00f6\u011frencilerin hem fenle ilgili etkinliklere kat\u0131lmalar\u0131na hem de bilimsel y\u00f6ntemi tan\u0131malar\u0131na olanak sa\u011flar\u0131z.<\/p>\n<p>Irmak Okullar\u0131 Fen Laboratuvar\u0131 uygulamalar\u0131n\u0131n ama\u00e7lar\u0131n\u0131 \u015fu \u015fekilde s\u0131ralayabiliriz:<\/p>\n<p>\u2022 Fen bilimlerinin konular\u0131n\u0131n \u00e7o\u011funlukla soyut olmas\u0131 nedeniyle \u00f6\u011frencilere somut materyallerle deneyim kazand\u0131rmak,<br \/>\n\u2022 Bilimin \u00f6z\u00fcn\u00fc kavrayabilmeleri i\u00e7in, ihtiya\u00e7 duyulan \u00e7al\u0131\u015fma ve y\u00f6ntemleri, problem \u00e7\u00f6zme, inceleme ve genelleme yapma becerilerini \u00f6\u011frencilere kazand\u0131rmak,<br \/>\n\u2022 \u00d6\u011frencilerin kazand\u0131klar\u0131 pratik deneyimleri geni\u015f bir alanda kullanabilecekleri \u00f6zel yeteneklerinin geli\u015fmesini kolayla\u015ft\u0131rmak,<br \/>\n\u2022 Yap\u0131lan pratik \u00e7al\u0131\u015fmalardan zevk alan \u00f6\u011frencilerin fen bilimlerine kar\u015f\u0131 tutumlar\u0131n\u0131 geli\u015ftirmek<\/p>\n<p><strong>HEDEFLER<\/strong><\/p>\n<p>Hedefimiz, okulumuzun vizyonuna uygun olarak akademik ba\u015far\u0131s\u0131 y\u00fcksek, ya\u015fam boyu \u00f6\u011frenen, laboratuvar derslerinde edindi\u011fi bilgi ve beceriyi farkl\u0131 alanlara transfer edebilme kabiliyetine sahip \u00e7ocuklar yeti\u015ftirmektir.<br \/>\nBundan hareketle \u00f6\u011frencilerimize fen derslerini sevmelerini ve iyi bir teknoloji okuryazar\u0131 olmalar\u0131n\u0131 sa\u011flayacak deneyler yapmalar\u0131n\u0131 sa\u011fl\u0131yoruz.<\/p>\n<p><strong>B\u00f6l\u00fcm Hedeflerimiz ;<\/strong><\/p>\n<p>\u2022 \u00d6\u011frencilerimizin laboratuvar ara\u00e7-gere\u00e7lerini kullanma becerilerini geli\u015ftirerek fen bilimleri ile ilgili kavramlar\u0131 ya\u015fayarak \u00f6\u011frenmeleri sa\u011flamak<br \/>\n\u2022 Fen ve teknolojinin do\u011fas\u0131n\u0131; fen, teknoloji, toplum ve \u00e7evre aras\u0131ndaki kar\u015f\u0131l\u0131kl\u0131 etkile\u015fimleri anlamalar\u0131n\u0131 sa\u011flamak,<br \/>\n\u2022 E\u011fitim hayatlar\u0131 boyunca edinecekleri fen bilimlerine dair bilgi, deneyim, ilgi geli\u015ftirmelerini sa\u011flayabilecek alt yap\u0131y\u0131 olu\u015fturmak,<br \/>\n\u2022 Laboratuar \u00e7al\u0131\u015fmas\u0131 i\u00e7in verilen y\u00f6nergeleri uygulayabilme becerisi kazand\u0131rmak ve tak\u0131m \u00e7al\u0131\u015fmas\u0131na uygun davran\u0131\u015flar sergilemelerini sa\u011flamak,<\/p>\n<p><strong>M\u00dcFREDAT<\/strong><\/p>\n<p>Laboratuvar dersleri MEB m\u00fcfredat\u0131 ve PYP program\u0131na uygun olarak dizayn edilmektedir.<\/p>\n<\/div>\n<\/div>\n<\/div>\n<\/div>\n<\/div>\n<p>[\/vc_column_text][\/vc_column][\/vc_row]<\/p>\n<\/div>","protected":false},"excerpt":{"rendered":"<p>[vc_row][vc_column][vc_column_text] AMA\u00c7LAR Irmak Okullar\u0131 olarak, \u00f6\u011frencilerimizin. g\u00f6zlem yapma, fikir \u00fcretme ve yorum yapma gibi becerilerini geli\u015ftirmek temel hedeflerimizdendir. \u00d6\u011frencilerimiz, fen laboratuvar\u0131nda somut ya\u015fant\u0131lar ge\u00e7irirler ve ya\u015fayarak \u00f6\u011frenirler. Deneyler arac\u0131l\u0131\u011f\u0131yla, \u00f6\u011frencilerin hem fenle ilgili etkinliklere kat\u0131lmalar\u0131na hem de bilimsel y\u00f6ntemi tan\u0131malar\u0131na olanak sa\u011flar\u0131z. Irmak Okullar\u0131 Fen Laboratuvar\u0131 uygulamalar\u0131n\u0131n ama\u00e7lar\u0131n\u0131 \u015fu \u015fekilde s\u0131ralayabiliriz: \u2022 Fen bilimlerinin konular\u0131n\u0131n [&hellip;]<\/p>\n","protected":false},"author":1,"featured_media":0,"parent":0,"menu_order":0,"comment_status":"closed","ping_status":"closed","template":"","meta":{"footnotes":""},"class_list":["post-11475","page","type-page","status-publish","hentry"],"_links":{"self":[{"href":"https:\/\/irmak.k12.tr\/primary\/wp-json\/wp\/v2\/pages\/11475","targetHints":{"allow":["GET"]}}],"collection":[{"href":"https:\/\/irmak.k12.tr\/primary\/wp-json\/wp\/v2\/pages"}],"about":[{"href":"https:\/\/irmak.k12.tr\/primary\/wp-json\/wp\/v2\/types\/page"}],"author":[{"embeddable":true,"href":"https:\/\/irmak.k12.tr\/primary\/wp-json\/wp\/v2\/users\/1"}],"replies":[{"embeddable":true,"href":"https:\/\/irmak.k12.tr\/primary\/wp-json\/wp\/v2\/comments?post=11475"}],"version-history":[{"count":0,"href":"https:\/\/irmak.k12.tr\/primary\/wp-json\/wp\/v2\/pages\/11475\/revisions"}],"wp:attachment":[{"href":"https:\/\/irmak.k12.tr\/primary\/wp-json\/wp\/v2\/media?parent=11475"}],"curies":[{"name":"wp","href":"https:\/\/api.w.org\/{rel}","templated":true}]}}