{"id":11473,"date":"2023-02-15T13:43:48","date_gmt":"2023-02-15T10:43:48","guid":{"rendered":"https:\/\/irmak.k12.tr\/primary\/?page_id=11473"},"modified":"2025-09-08T09:36:49","modified_gmt":"2025-09-08T06:36:49","slug":"drama","status":"publish","type":"page","link":"https:\/\/irmak.k12.tr\/primary\/drama\/","title":{"rendered":"Drama"},"content":{"rendered":"<div class=\"wpb-content-wrapper\"><p>[vc_row][vc_column][vc_column_text]<\/p>\n<div class=\"text-left\">\n<div class=\"text-justify\">\n<div class=\"text-justify\">\n<div class=\"text-justify\">\n<p><strong>AMA\u00c7LAR<\/strong><\/p>\n<p>\u00d6\u011frencilerimizin yarat\u0131c\u0131l\u0131\u011f\u0131n\u0131, ileti\u015fim becerilerini, olumlu benlik alg\u0131s\u0131n\u0131, kendisini farkl\u0131 \u015fekillerde ifade edebilmesini, estetik duyarl\u0131l\u0131\u011f\u0131n\u0131n olu\u015fmas\u0131n\u0131 sa\u011flamak yarat\u0131c\u0131 draman\u0131n ilk hedeflerindendir.<br \/>\nIrmak Okullar\u0131, Yarat\u0131c\u0131 Drama ile \u00f6\u011frencilerimizde var olan yetilerin a\u00e7\u0131\u011fa \u00e7\u0131kmas\u0131n\u0131, kendine g\u00fcvenen, ara\u015ft\u0131ran, \u00fcreten, sorumluluk sahibi, \u00f6zg\u00fcr \u2013 \u00f6zg\u00fcn d\u00fc\u015f\u00fcnen, kat\u0131l\u0131mc\u0131, ho\u015fg\u00f6r\u00fcl\u00fc bireylerin yeti\u015fmesine olanak sa\u011flar.<\/p>\n<p><strong>Irmak Okullar\u0131 Yarat\u0131c\u0131 Drama e\u011fitimi ama\u00e7lar\u0131n\u0131 \u015fu \u015fekilde s\u0131ralayabiliriz;<\/strong><br \/>\n\u2022 Yarat\u0131c\u0131 bir deneyimde aktif rol alarak ortak hedef do\u011frultusunda i\u015f birli\u011fi i\u00e7inde \u00e7al\u0131\u015fmay\u0131 kavratmak.<br \/>\n\u2022 Problem \u00e7\u00f6zme arac\u0131 olarak yarat\u0131c\u0131 drama performanslar\u0131n\u0131 kullanmay\u0131 \u00f6\u011fretmek.<br \/>\n\u2022 Yarat\u0131c\u0131 draman\u0131n farkl\u0131 t\u00fcrleri ile k\u00fclt\u00fcrel ba\u011flant\u0131lar\u0131n nas\u0131l yap\u0131labilece\u011fini \u00f6\u011fretmek.<br \/>\n\u2022 Ki\u015fisel ilgi ve becerileri belirleyip dramatik y\u00f6ntemlerle bunlar\u0131 geli\u015ftirmek.<br \/>\n\u2022 \u00d6\u011frencilerin Dramatik fikirler sayesinde konu\u015farak, g\u00f6rsel, i\u015fitsel devinimlerle \u00f6zg\u00fcvenlerini geli\u015ftirmek.<br \/>\n\u2022 \u00c7evresine, do\u011faya, ya\u015fama duyarl\u0131 g\u00f6zlem g\u00fcc\u00fc y\u00fcksek bireyler yeti\u015ftirmek.<br \/>\n\u2022 Sahne, rol kavramlar\u0131n\u0131 \u00f6\u011freterek, bir izleyici ya da oyuncu olarak d\u00fc\u015f\u00fcn\u00fcp dramaya uygun davran\u0131\u015flar\u0131 yetileri ortaya \u00e7\u0131karmak.<br \/>\n\u2022 \u00d6\u011frencilerin yaz\u0131l\u0131 oyunlar\u0131, diyaloglar\u0131 yorumlayabilme yetilerini geli\u015ftirmek.<\/p>\n<p><strong>HEDEFLER<\/strong><\/p>\n<p>Yarat\u0131c\u0131 Drama \u00e7al\u0131\u015fmalar\u0131yla her ya\u015ftan \u00f6\u011frencilerimizin dramatik performans yoluyla fikirlerini, duygular\u0131n\u0131, deneyimlerini ke\u015fif yoluyla tart\u0131\u015f\u0131p deneyerek aktarmalar\u0131n\u0131 hedeflemekteyiz. Sanat i\u00e7inde yeni anlay\u0131\u015flar belirleyerek bunlar\u0131 yans\u0131tmak, farkl\u0131 rolleri tan\u0131mak, anlamak, deneyimlemek ba\u015fl\u0131ca hedeflerimiz aras\u0131ndad\u0131r. Bunlar\u0131n yan\u0131 s\u0131ra \u00f6\u011frencilerimizin yarat\u0131c\u0131l\u0131\u011f\u0131n\u0131, bili\u015fsel becerilerini geli\u015ftirmek, \u00f6zg\u00fcvenlerine katk\u0131 sa\u011flamak, duygular\u0131n fark\u0131na varmalar\u0131n\u0131, olumlu ileti\u015fim kurmalar\u0131n\u0131, sosyal fark\u0131ndal\u0131klar\u0131n\u0131n artmas\u0131n\u0131 ve problem \u00e7\u00f6zme becerilerinin geli\u015fmesini yarat\u0131c\u0131 drama ile peki\u015ftirmekteyiz.<\/p>\n<p><strong>M\u00dcFREDAT<\/strong><\/p>\n<p>Genel Olarak Yarat\u0131c\u0131 Drama;<br \/>\n\u2022 Hareket<br \/>\n\u2022 Pandomim<br \/>\n\u2022 Taklit- oyun<br \/>\n\u2022 Dramatizasyon<br \/>\n\u2022 Rol Oynama<br \/>\n\u2022 Do\u011fa\u00e7lama<br \/>\n\u2022 M\u00fczik \u2013 devinim \u2013 ritim<br \/>\n\u2022 \u00d6yk\u00fc anlatma \u2013 kurma<br \/>\n\u2022 Kukla oynatma gibi teknikleri derslerimizde uygularken e\u015f zamanl\u0131 olarak Uluslararas\u0131 Bakalorya Organizasyonu\u2019nun (IB) ilk y\u0131llar program\u0131 (PYP) ba\u011flam\u0131nda disiplinler \u00fcst\u00fc anlay\u0131\u015fla belirli profiller, tutumlar, hedefler ve beceriler yarat\u0131c\u0131 drama ile \u00f6\u011fretilmektedir.<\/p>\n<p>Ana s\u0131n\u0131f\u0131ndan ve birinci s\u0131n\u0131f \u00f6\u011frencilerimizden ba\u015flayarak kendilerini, bedenlerini tan\u0131malar\u0131n\u0131, g\u00f6zlem yeteneklerini aktarabilmelerini, kendilerini do\u011fru ifade edebilmelerini, hayal g\u00fc\u00e7lerini s\u0131n\u0131rs\u0131zca kullanabilmeleri ad\u0131na do\u011fa\u00e7lama, hikaye kurma, \u0131s\u0131nma \u00e7al\u0131\u015fmalar\u0131, grup \u00e7al\u0131\u015fmalar\u0131, bireysel \u00e7al\u0131\u015fmalar, pandomim, kukla oynat\u0131m\u0131 \u2013 basit kukla yap\u0131m\u0131, devinim ve ritim yarat\u0131c\u0131 drama dersi ile \u00f6\u011fretilmektedir.<\/p>\n<p>\u0130kinci ve \u00fc\u00e7\u00fcnc\u00fc s\u0131n\u0131f ile \u0131s\u0131nma \u00e7al\u0131\u015fmalar\u0131, g\u00fcven \u00e7al\u0131\u015fmalar\u0131, yaz\u0131l\u0131 metin \u00e7al\u0131\u015fmalar\u0131, rol yaratma, var olan bir rol\u00fc canland\u0131rma, sahne, tiyatro bilgisi, oyun yazma ve canland\u0131rma, dramatizasyon ile \u00f6\u011frencilerimizin \u00f6zg\u00fcvenlerini peki\u015ftirerek sahne ve oyunculuk yetilerini geli\u015ftirmesi sa\u011flan\u0131r.<\/p>\n<p><strong>BRAN\u015e E\u011e\u0130T\u0130M\u0130<\/strong><\/p>\n<p>Irmak Okullar\u0131 olarak yarat\u0131c\u0131l\u0131\u011fa ve sanata verdi\u011fimiz \u00f6nemden dolay\u0131 ilk y\u0131llardan ba\u015flayarak \u00f6\u011frencilerimizi g\u00f6zlemleyerek sanat alan\u0131ndaki yetilerini yarat\u0131c\u0131 drama dersi ile ortaya \u00e7\u0131karmak, ki\u015fisel geli\u015fimlerinin yan\u0131 s\u0131ra tiyatro bilgilerini geli\u015ftirerek, duygu ve d\u00fc\u015f\u00fcncelerini rol yapma (role girme) ya da oyun yazma alanlar\u0131nda ifade edebilmelerini sa\u011flamakt\u0131r.<\/p>\n<\/div>\n<\/div>\n<\/div>\n<\/div>\n<p>[\/vc_column_text][\/vc_column][\/vc_row]<\/p>\n<\/div>","protected":false},"excerpt":{"rendered":"<p>[vc_row][vc_column][vc_column_text] AMA\u00c7LAR \u00d6\u011frencilerimizin yarat\u0131c\u0131l\u0131\u011f\u0131n\u0131, ileti\u015fim becerilerini, olumlu benlik alg\u0131s\u0131n\u0131, kendisini farkl\u0131 \u015fekillerde ifade edebilmesini, estetik duyarl\u0131l\u0131\u011f\u0131n\u0131n olu\u015fmas\u0131n\u0131 sa\u011flamak yarat\u0131c\u0131 draman\u0131n ilk hedeflerindendir. Irmak Okullar\u0131, Yarat\u0131c\u0131 Drama ile \u00f6\u011frencilerimizde var olan yetilerin a\u00e7\u0131\u011fa \u00e7\u0131kmas\u0131n\u0131, kendine g\u00fcvenen, ara\u015ft\u0131ran, \u00fcreten, sorumluluk sahibi, \u00f6zg\u00fcr \u2013 \u00f6zg\u00fcn d\u00fc\u015f\u00fcnen, kat\u0131l\u0131mc\u0131, ho\u015fg\u00f6r\u00fcl\u00fc bireylerin yeti\u015fmesine olanak sa\u011flar. Irmak Okullar\u0131 Yarat\u0131c\u0131 Drama e\u011fitimi ama\u00e7lar\u0131n\u0131 [&hellip;]<\/p>\n","protected":false},"author":1,"featured_media":0,"parent":0,"menu_order":0,"comment_status":"closed","ping_status":"closed","template":"","meta":{"footnotes":""},"class_list":["post-11473","page","type-page","status-publish","hentry"],"_links":{"self":[{"href":"https:\/\/irmak.k12.tr\/primary\/wp-json\/wp\/v2\/pages\/11473","targetHints":{"allow":["GET"]}}],"collection":[{"href":"https:\/\/irmak.k12.tr\/primary\/wp-json\/wp\/v2\/pages"}],"about":[{"href":"https:\/\/irmak.k12.tr\/primary\/wp-json\/wp\/v2\/types\/page"}],"author":[{"embeddable":true,"href":"https:\/\/irmak.k12.tr\/primary\/wp-json\/wp\/v2\/users\/1"}],"replies":[{"embeddable":true,"href":"https:\/\/irmak.k12.tr\/primary\/wp-json\/wp\/v2\/comments?post=11473"}],"version-history":[{"count":1,"href":"https:\/\/irmak.k12.tr\/primary\/wp-json\/wp\/v2\/pages\/11473\/revisions"}],"predecessor-version":[{"id":15355,"href":"https:\/\/irmak.k12.tr\/primary\/wp-json\/wp\/v2\/pages\/11473\/revisions\/15355"}],"wp:attachment":[{"href":"https:\/\/irmak.k12.tr\/primary\/wp-json\/wp\/v2\/media?parent=11473"}],"curies":[{"name":"wp","href":"https:\/\/api.w.org\/{rel}","templated":true}]}}