{"id":11470,"date":"2023-02-15T13:42:34","date_gmt":"2023-02-15T10:42:34","guid":{"rendered":"https:\/\/irmak.k12.tr\/primary\/?page_id=11470"},"modified":"2023-03-08T09:27:43","modified_gmt":"2023-03-08T06:27:43","slug":"satranc-2","status":"publish","type":"page","link":"https:\/\/irmak.k12.tr\/primary\/satranc-2\/","title":{"rendered":"Satran\u00e7"},"content":{"rendered":"<div class=\"wpb-content-wrapper\"><p>[vc_row][vc_column][vc_column_text]<\/p>\n<div class=\"text-left\">\n<div class=\"text-justify\">\n<div class=\"text-justify\">\n<p>Tarihin en eski oyunu olarak bilinen Satran\u00e7, okulumuz ilkokul 1 ve 2.s\u0131n\u0131flar\u0131nda ders olarak okutulmakta olup, derslerimiz modern ekipmanlarla ve satran\u00e7 masalar\u0131 ile donat\u0131lm\u0131\u015f, en yeni satran\u00e7 programlar\u0131n\u0131n kullan\u0131ld\u0131\u011f\u0131 ak\u0131ll\u0131 tahtas\u0131 olan satran\u00e7 s\u0131n\u0131f\u0131nda yap\u0131lmaktad\u0131r.<\/p>\n<p>Hayat\u0131n bir yans\u0131mas\u0131, bir sim\u00fclasyonu olarak d\u00fc\u015f\u00fcn\u00fclen satranc\u0131n \u00e7ocuklar\u0131n e\u011fitiminde olumlu ve kal\u0131c\u0131 etkiler sa\u011flad\u0131\u011f\u0131 bilinen bir ger\u00e7ektir. Plan yapmay\u0131 \u00f6\u011frenmek, do\u011fru kararlar\u0131 vermeye \u00e7al\u0131\u015fmak ve yanl\u0131\u015f kararlar\u0131m\u0131zdan bir \u015feyler \u00f6\u011frenip geli\u015fmek bunlardan baz\u0131lar\u0131. \u00d6ncelikli hedeflerimizden birisi \u00e7ocuklar\u0131m\u0131z\u0131 bu oyunun mant\u0131\u011f\u0131 ve felsefesi ile tan\u0131\u015ft\u0131rmak, hayat ile aras\u0131ndaki yak\u0131n ili\u015fkisini onlara \u00f6\u011fretmektir.<\/p>\n<p>Dikkati toplama, bir konu \u00fcst\u00fcne yo\u011funla\u015fabilme ve konsantrasyon yeteneklerinin geli\u015fmesini satran\u00e7 dersi ile artt\u0131rmay\u0131 hedefliyoruz. Konsantrasyon \u00f6\u011frenilebilir bir \u00f6zelli\u011fe sahiptir. Satran\u00e7 sayesinde konsantre olmay\u0131 \u00f6\u011frenen bir \u00e7ocuk, burada kazand\u0131\u011f\u0131 \u00f6zelli\u011fi hayat\u0131n di\u011fer alanlar\u0131na da ta\u015f\u0131yabilir.<\/p>\n<p>Satran\u00e7 ile \u00e7ocuklar\u0131m\u0131z\u0131n haf\u0131zalar\u0131n\u0131 g\u00fc\u00e7lendirmek ama\u00e7lar\u0131m\u0131zdan bir tanesi. \u00c7ocuklar\u0131n ger\u00e7ekle\u015ftirmek istediklerini \u00f6nce zihinde yaratmalar\u0131 onlarda yarat\u0131c\u0131 d\u00fc\u015f\u00fcncenin filizlenmesine zemin haz\u0131rlamaktad\u0131r.<\/p>\n<\/div>\n<\/div>\n<\/div>\n<p>[\/vc_column_text][\/vc_column][\/vc_row]<\/p>\n<\/div>","protected":false},"excerpt":{"rendered":"<p>[vc_row][vc_column][vc_column_text] Tarihin en eski oyunu olarak bilinen Satran\u00e7, okulumuz ilkokul 1 ve 2.s\u0131n\u0131flar\u0131nda ders olarak okutulmakta olup, derslerimiz modern ekipmanlarla ve satran\u00e7 masalar\u0131 ile donat\u0131lm\u0131\u015f, en yeni satran\u00e7 programlar\u0131n\u0131n kullan\u0131ld\u0131\u011f\u0131 ak\u0131ll\u0131 tahtas\u0131 olan satran\u00e7 s\u0131n\u0131f\u0131nda yap\u0131lmaktad\u0131r. Hayat\u0131n bir yans\u0131mas\u0131, bir sim\u00fclasyonu olarak d\u00fc\u015f\u00fcn\u00fclen satranc\u0131n \u00e7ocuklar\u0131n e\u011fitiminde olumlu ve kal\u0131c\u0131 etkiler sa\u011flad\u0131\u011f\u0131 bilinen bir ger\u00e7ektir. Plan [&hellip;]<\/p>\n","protected":false},"author":1,"featured_media":0,"parent":0,"menu_order":0,"comment_status":"closed","ping_status":"closed","template":"","meta":{"footnotes":""},"class_list":["post-11470","page","type-page","status-publish","hentry"],"_links":{"self":[{"href":"https:\/\/irmak.k12.tr\/primary\/wp-json\/wp\/v2\/pages\/11470","targetHints":{"allow":["GET"]}}],"collection":[{"href":"https:\/\/irmak.k12.tr\/primary\/wp-json\/wp\/v2\/pages"}],"about":[{"href":"https:\/\/irmak.k12.tr\/primary\/wp-json\/wp\/v2\/types\/page"}],"author":[{"embeddable":true,"href":"https:\/\/irmak.k12.tr\/primary\/wp-json\/wp\/v2\/users\/1"}],"replies":[{"embeddable":true,"href":"https:\/\/irmak.k12.tr\/primary\/wp-json\/wp\/v2\/comments?post=11470"}],"version-history":[{"count":0,"href":"https:\/\/irmak.k12.tr\/primary\/wp-json\/wp\/v2\/pages\/11470\/revisions"}],"wp:attachment":[{"href":"https:\/\/irmak.k12.tr\/primary\/wp-json\/wp\/v2\/media?parent=11470"}],"curies":[{"name":"wp","href":"https:\/\/api.w.org\/{rel}","templated":true}]}}