{"id":11464,"date":"2023-02-15T13:37:02","date_gmt":"2023-02-15T10:37:02","guid":{"rendered":"https:\/\/irmak.k12.tr\/primary\/?page_id=11464"},"modified":"2023-03-08T09:19:26","modified_gmt":"2023-03-08T06:19:26","slug":"bilisim-teknolojileri-ve-kodlama","status":"publish","type":"page","link":"https:\/\/irmak.k12.tr\/primary\/bilisim-teknolojileri-ve-kodlama\/","title":{"rendered":"Bili\u015fim Teknolojileri ve Kodlama"},"content":{"rendered":"<div class=\"wpb-content-wrapper\"><p>[vc_row][vc_column][vc_column_text]<\/p>\n<div class=\"text-left\">\n<div class=\"text-justify\">\n<div>Bili\u015fim teknolojileri ve Kodlama dersinin amac\u0131; ge\u00e7mi\u015f ya\u015fant\u0131lar\u0131, bireysel farkl\u0131l\u0131klar\u0131 ve olanaklar\u0131 ne olursa olsun b\u00fct\u00fcn \u00f6\u011frencileri \u201cbilgisayar okuryazar\u0131\u201d olarak yeti\u015ftirmenin yan\u0131nda, bili\u015fim teknolojilerini kullan\u0131rken etik ve sosyal de\u011ferler, tutumlar, g\u00fcvenlik, sa\u011fl\u0131k, teknoloji okuryazarl\u0131\u011f\u0131 konular\u0131n\u0131 bilin\u00e7li olarak hayata ge\u00e7irebilen bireyler olmalar\u0131 sa\u011flan\u0131r.<\/div>\n<div><\/div>\n<div>Bili\u015fim Teknolojileri derslerinde; \u00f6ncelikle dijital vatanda\u015f olan \u00f6\u011frenciler yeti\u015ftirmeyi hedeflenir.\u00a0 \u00d6\u011frencilerimizin teknolojiyi kullanarak analitik d\u00fc\u015f\u00fcnebilen, \u00fcreten ve y\u00fcksek problem \u00e7\u00f6zme becerisine sahip bireyler olarak, ad\u0131m ad\u0131m tasarlayabilecekleri kodlaman\u0131n temellerini kavramalar\u0131 sa\u011flan\u0131r.<\/div>\n<div><\/div>\n<div>Bilgisayar derslerimiz, PYP \u00fcnitelerimizle entegre olarak anaokulu ve 1\u20134. s\u0131n\u0131flar d\u00fczeyinde haftada birer ders saati yap\u0131lmaktad\u0131r. 3, 4. s\u0131n\u0131flar d\u00fczeyinde haftada iki\u015fer saat olmak \u00fczere kul\u00fcp \u00e7al\u0131\u015fmas\u0131 da yap\u0131lmaktad\u0131r.<\/div>\n<p>Irmak Okullar\u0131 \u00f6\u011frencilerine;<\/p>\n<p>\u2022 Temel bilgisayar donan\u0131mlar\u0131n\u0131 tan\u0131ma ve kullan\u0131m\u0131n\u0131 \u00f6\u011fretmek,<br \/>\n\u2022 Teknolojik ara\u00e7lar\u0131 \u00f6zenli, g\u00fcvenli ve tasarruflu kullanmalar\u0131n\u0131 sa\u011flamak,<br \/>\n\u2022 Teknolojinin g\u00fcnl\u00fck ya\u015famdaki genel kullan\u0131m avantaj ve dezavantajlar\u0131n\u0131 \u00f6\u011fretmek,<br \/>\n\u2022 \u00d6\u011frenmeyi desteklemek i\u00e7in geli\u015fim seviyelerine uygun \u00e7oklu ortam kaynaklar\u0131n\u0131, teknolojik kaynaklar\u0131 (bulmacalar, mant\u0131ksal d\u00fc\u015f\u00fcnme programlar\u0131, \u00e7izim ara\u00e7lar\u0131, yazma ara\u00e7lar\u0131) kullanabilmelerini sa\u011flamak,<br \/>\n\u2022 Yarat\u0131c\u0131l\u0131k, problem \u00e7\u00f6zme, ileti\u015fim, ara\u015ft\u0131rma ve sorgulama becerilerinin geli\u015fimini sa\u011flamak,<br \/>\n\u2022 Bili\u015fim teknolojilerini kullan\u0131rken i\u015f birli\u011fi yapma ve \u00e7evrelerine sayg\u0131l\u0131 olmay\u0131 benimsetmek,<br \/>\n\u2022 Bilgi teknolojileri terimlerine h\u00e2kimiyetlerini kazand\u0131rmak,<br \/>\n\u2022 \u0130nternet ve e-posta i\u015f birli\u011fine dayal\u0131 projelerde bilgisayar\u0131 amac\u0131na uygun olarak kullanmay\u0131 \u00f6\u011fretmek,<br \/>\n\u2022 Ofis programlar\u0131n\u0131 etkin ve amac\u0131na uygun bi\u00e7imde temel d\u00fczeyde kullanabilmelerini sa\u011flamak,<br \/>\n\u2022 Bilgisayar\u0131n g\u00fcnl\u00fck kullan\u0131m\u0131 s\u0131ras\u0131nda kar\u015f\u0131la\u015fabilecekleri sorunlar\u0131 tan\u0131mlayabilip \u00e7\u00f6z\u00fcm stratejilerini uygulayabilen \u00f6\u011frenciler olmalar\u0131n\u0131 sa\u011flamak,<br \/>\n\u2022 Bilgiye ula\u015fman\u0131n en kolay ve en k\u0131sa yolunu \u00f6\u011frenmelerini ve bu kaynaklar\u0131 kullanabilmelerini sa\u011flamak,<br \/>\n\u2022Ki\u015fisel \u00fcretkenlikleri geli\u015ftirerek ve grup ile i\u015f birli\u011fi yapma yeteneklerini desteklemek,<br \/>\n\u2022 \u00c7oklu ortam ve yard\u0131mc\u0131 ara\u00e7lar\u0131n\u0131 tan\u0131tmak, \u00f6\u011frencilerin yarat\u0131c\u0131l\u0131klar\u0131n\u0131 kullanarak haz\u0131rlad\u0131klar\u0131 \u00e7al\u0131\u015fmalar\u0131 g\u00f6r\u00fcnt\u00fcleme cihazlar\u0131yla sunabilmeleri \u00f6\u011fretmek,<br \/>\n\u2022 On parmak klavye programlar\u0131m\u0131z ile do\u011fru klavye kullan\u0131m\u0131n\u0131 geli\u015ftirmek ve yaz\u0131m h\u0131zlar\u0131n\u0131 artt\u0131rmak,<\/p>\n<\/div>\n<\/div>\n<p>[\/vc_column_text][\/vc_column][\/vc_row]<\/p>\n<\/div>","protected":false},"excerpt":{"rendered":"<p>[vc_row][vc_column][vc_column_text] Bili\u015fim teknolojileri ve Kodlama dersinin amac\u0131; ge\u00e7mi\u015f ya\u015fant\u0131lar\u0131, bireysel farkl\u0131l\u0131klar\u0131 ve olanaklar\u0131 ne olursa olsun b\u00fct\u00fcn \u00f6\u011frencileri \u201cbilgisayar okuryazar\u0131\u201d olarak yeti\u015ftirmenin yan\u0131nda, bili\u015fim teknolojilerini kullan\u0131rken etik ve sosyal de\u011ferler, tutumlar, g\u00fcvenlik, sa\u011fl\u0131k, teknoloji okuryazarl\u0131\u011f\u0131 konular\u0131n\u0131 bilin\u00e7li olarak hayata ge\u00e7irebilen bireyler olmalar\u0131 sa\u011flan\u0131r. Bili\u015fim Teknolojileri derslerinde; \u00f6ncelikle dijital vatanda\u015f olan \u00f6\u011frenciler yeti\u015ftirmeyi hedeflenir.\u00a0 \u00d6\u011frencilerimizin teknolojiyi [&hellip;]<\/p>\n","protected":false},"author":1,"featured_media":0,"parent":0,"menu_order":0,"comment_status":"closed","ping_status":"closed","template":"","meta":{"footnotes":""},"class_list":["post-11464","page","type-page","status-publish","hentry"],"_links":{"self":[{"href":"https:\/\/irmak.k12.tr\/primary\/wp-json\/wp\/v2\/pages\/11464","targetHints":{"allow":["GET"]}}],"collection":[{"href":"https:\/\/irmak.k12.tr\/primary\/wp-json\/wp\/v2\/pages"}],"about":[{"href":"https:\/\/irmak.k12.tr\/primary\/wp-json\/wp\/v2\/types\/page"}],"author":[{"embeddable":true,"href":"https:\/\/irmak.k12.tr\/primary\/wp-json\/wp\/v2\/users\/1"}],"replies":[{"embeddable":true,"href":"https:\/\/irmak.k12.tr\/primary\/wp-json\/wp\/v2\/comments?post=11464"}],"version-history":[{"count":0,"href":"https:\/\/irmak.k12.tr\/primary\/wp-json\/wp\/v2\/pages\/11464\/revisions"}],"wp:attachment":[{"href":"https:\/\/irmak.k12.tr\/primary\/wp-json\/wp\/v2\/media?parent=11464"}],"curies":[{"name":"wp","href":"https:\/\/api.w.org\/{rel}","templated":true}]}}