{"id":11461,"date":"2023-02-15T13:35:41","date_gmt":"2023-02-15T10:35:41","guid":{"rendered":"https:\/\/irmak.k12.tr\/primary\/?page_id=11461"},"modified":"2023-03-08T09:18:26","modified_gmt":"2023-03-08T06:18:26","slug":"gorsel-sanatlar","status":"publish","type":"page","link":"https:\/\/irmak.k12.tr\/primary\/gorsel-sanatlar\/","title":{"rendered":"G\u00f6rsel Sanatlar"},"content":{"rendered":"<div class=\"wpb-content-wrapper\"><p>[vc_row][vc_column][vc_column_text]<\/p>\n<div class=\"text-left\">\n<div class=\"text-justify\">\n<p>Sanat, bireysel a\u00e7\u0131dan duygular\u0131n, d\u00fc\u015f\u00fcncelerin, hayallerin, yarat\u0131c\u0131 \u00e7abalar\u0131n ve insan\u0131n kendini ger\u00e7ekle\u015ftirmesinin bir arac\u0131; toplumlar\u0131 kayna\u015ft\u0131rmada b\u00fct\u00fcnleyici y\u00f6n\u00fc ile \u00f6nemli bir k\u00fclt\u00fcr dinami\u011fidir.<\/p>\n<p><strong>Ama\u00e7lar\u0131<\/strong><\/p>\n<p>Irmak \u0130lkokulunda sanat e\u011fitimi, bireye \u00e7a\u011fda\u015f ya\u015fama ve \u00f6zg\u00fcr d\u00fc\u015f\u00fcnme olana\u011f\u0131 kazand\u0131r\u0131r. Toplum i\u00e7in birbirini anlayan, ele\u015ftiren ve birbirine sayg\u0131 duyan insanlar\u0131n yeti\u015ftirilmesine imk\u00e2n sa\u011flar. K\u00fclt\u00fcrlerin anla\u015f\u0131lmas\u0131n\u0131n \u00f6nemini, kendi k\u00fclt\u00fcr\u00fcm\u00fcze sahip \u00e7\u0131kma, onu ya\u015fatma ve gelecek ku\u015faklara aktarmada etkin bir rol \u00fcstlenir.<\/p>\n<p><strong>B\u00f6l\u00fcm Hedefleri<\/strong><\/p>\n<p>Irmak \u0130lkokulunda G\u00f6rsel Sanatlar dersi, \u00f6\u011frencilerin farkl\u0131 alg\u0131, bilgi ve sezgilerini iki ve \u00fc\u00e7 boyutlu \u00e7al\u0131\u015fmalar ile bireysel farkl\u0131l\u0131klar\u0131, kendilerine \u00f6zg\u00fc alg\u0131lama ve anlamland\u0131rma i\u00e7inde geli\u015fim basamaklar\u0131 g\u00f6z \u00f6n\u00fcnde bulundurularak haz\u0131rlanm\u0131\u015ft\u0131r.<br \/>\nGelece\u011fin ayd\u0131n ku\u015faklar\u0131n\u0131 yeti\u015ftirmeyi hedefleyen okulumuzda;<\/p>\n<p>\u2022 \u00d6\u011frenciye g\u00f6rsel sanatlar sevgisi ve bunu davran\u0131\u015f bi\u00e7imi haline getirebilme yeterlili\u011fi kazand\u0131ran,<br \/>\n\u2022 Kendini ifade edebilmede estetik de\u011ferlerden yararlanabilen,<br \/>\n\u2022 Kulland\u0131\u011f\u0131 tekniklerin d\u0131\u015f\u0131nda yeni teknikler arama iste\u011fi ve cesareti kazand\u0131ran,<br \/>\n\u2022 \u00c7\u0131kacak sorunlara \u00e7\u00f6z\u00fcmler \u00fcretebilme becerisi ve g\u00fcveni kazand\u0131ran \u00f6\u011frenciler yeti\u015ftirmek hedeflenmektedir.<\/p>\n<p><strong>GEZ\u0130LER<\/strong>\u00a0Okulumuzda sanat e\u011fitimi programlar\u0131 haz\u0131rlan\u0131rken derslerimizi destekleyen sanat etkinliklerine yo\u011fun bir \u015fekilde yer verilmektedir. Bu etkinliklerin en \u00f6nemli k\u0131sm\u0131n\u0131 sanatsal geziler olu\u015fturmaktad\u0131r. Sanat m\u00fczeleri, \u0130stanbul Bienali, sanat galerileri ve sanat at\u00f6lyelerine d\u00fczenlenen gezilerde \u00f6\u011frencilerimizin, sanat eserlerini yak\u0131ndan g\u00f6rerek tan\u0131malar\u0131na, bu eserlerin \u00f6zg\u00fcnl\u00fc\u011f\u00fcn\u00fc, g\u00f6rsel alg\u0131lama deneyimini yerinde ve ilk elden g\u00f6rerek ya\u015famalar\u0131na olanak sa\u011flanmaktad\u0131r.<br \/>\nAvrupa&#8217;n\u0131n bir\u00e7ok kentinde yap\u0131lan ve \u00e7e\u015fitli sanat dallar\u0131n\u0131 i\u00e7eren festivallerin bir benzerini \u0130stanbul&#8217;da ger\u00e7ekle\u015ftiren \u0130stanbul K\u00fclt\u00fcr Sanat Vakf\u0131&#8217;n\u0131n etkinliklerine kat\u0131larak kendi k\u00fclt\u00fcr\u00fcm\u00fcze ve di\u011fer k\u00fclt\u00fcrlere duyarl\u0131 olman\u0131n gere\u011fini g\u00f6stermekteyiz. Grafik Sanatlar M\u00fczesi, Sak\u0131p Sabanc\u0131 M\u00fczesi, Pera, \u0130stanbul Modern Sanat M\u00fczesi&#8217;ne yapt\u0131\u011f\u0131m\u0131z gezilerde sanat d\u00fcnyas\u0131n\u0131 ke\u015ffetmekte, ge\u00e7mi\u015ften g\u00fcn\u00fcm\u00fcze gelen sanat\u00e7\u0131lar\u0131 \u00e7al\u0131\u015fmalar\u0131n\u0131 sergiler \u00e7er\u00e7evesinde g\u00f6r\u00fcp tan\u0131maktay\u0131z.<br \/>\n\u00c7evre sanat galerilerine d\u00fczenlenen gezilerde sanat\u0131, sanat\u00e7\u0131y\u0131 ve sanat k\u00fclt\u00fcr\u00fcm\u00fcz\u00fc tan\u0131tarak \u00f6\u011frencilerin bu kavramlar\u0131 yaparak ve ya\u015fayarak \u00f6\u011frenmelerini sa\u011flamaktay\u0131z.<\/p>\n<p><strong>AT\u00d6LYE \u00c7ALI\u015eMALARI<\/strong><\/p>\n<p>Her ya\u015f seviyesine uygun olarak sanat\u00e7\u0131larla bulu\u015fma imk\u00e2n\u0131 sa\u011flayan etkinliklerimizde \u00f6\u011frencilerimiz sanat\u00e7\u0131lar\u0131 daha yak\u0131ndan tan\u0131yarak kendi bak\u0131\u015f a\u00e7\u0131lar\u0131n\u0131 geli\u015ftirici \u00e7al\u0131\u015fmalar yapmaktad\u0131r.<\/p>\n<p><strong>PROJELER- YARI\u015eMALAR<\/strong><\/p>\n<p>G\u00f6rsel Sanatlar Dersini destekleyen, geli\u015ftiren ve \u00f6\u011frencilerimizi farkl\u0131 etkinliklerle bulu\u015fturan yar\u0131\u015fma ve proje \u00e7al\u0131\u015fmalar\u0131 yap\u0131lmaktad\u0131r. Ayn\u0131 zamanda okulumuzda da her ya\u015f grubundan \u00f6\u011frencilerimizle etkinlikler d\u00fczenleyerek sanatsal bilinci artt\u0131ran, farkl\u0131 bak\u0131\u015f a\u00e7\u0131lar\u0131 kazand\u0131ran etkinlikler d\u00fczenlenmektedir.<\/p>\n<\/div>\n<\/div>\n<p>[\/vc_column_text][\/vc_column][\/vc_row]<\/p>\n<\/div>","protected":false},"excerpt":{"rendered":"<p>[vc_row][vc_column][vc_column_text] Sanat, bireysel a\u00e7\u0131dan duygular\u0131n, d\u00fc\u015f\u00fcncelerin, hayallerin, yarat\u0131c\u0131 \u00e7abalar\u0131n ve insan\u0131n kendini ger\u00e7ekle\u015ftirmesinin bir arac\u0131; toplumlar\u0131 kayna\u015ft\u0131rmada b\u00fct\u00fcnleyici y\u00f6n\u00fc ile \u00f6nemli bir k\u00fclt\u00fcr dinami\u011fidir. Ama\u00e7lar\u0131 Irmak \u0130lkokulunda sanat e\u011fitimi, bireye \u00e7a\u011fda\u015f ya\u015fama ve \u00f6zg\u00fcr d\u00fc\u015f\u00fcnme olana\u011f\u0131 kazand\u0131r\u0131r. Toplum i\u00e7in birbirini anlayan, ele\u015ftiren ve birbirine sayg\u0131 duyan insanlar\u0131n yeti\u015ftirilmesine imk\u00e2n sa\u011flar. K\u00fclt\u00fcrlerin anla\u015f\u0131lmas\u0131n\u0131n \u00f6nemini, kendi k\u00fclt\u00fcr\u00fcm\u00fcze [&hellip;]<\/p>\n","protected":false},"author":1,"featured_media":0,"parent":0,"menu_order":0,"comment_status":"closed","ping_status":"closed","template":"","meta":{"footnotes":""},"class_list":["post-11461","page","type-page","status-publish","hentry"],"_links":{"self":[{"href":"https:\/\/irmak.k12.tr\/primary\/wp-json\/wp\/v2\/pages\/11461","targetHints":{"allow":["GET"]}}],"collection":[{"href":"https:\/\/irmak.k12.tr\/primary\/wp-json\/wp\/v2\/pages"}],"about":[{"href":"https:\/\/irmak.k12.tr\/primary\/wp-json\/wp\/v2\/types\/page"}],"author":[{"embeddable":true,"href":"https:\/\/irmak.k12.tr\/primary\/wp-json\/wp\/v2\/users\/1"}],"replies":[{"embeddable":true,"href":"https:\/\/irmak.k12.tr\/primary\/wp-json\/wp\/v2\/comments?post=11461"}],"version-history":[{"count":0,"href":"https:\/\/irmak.k12.tr\/primary\/wp-json\/wp\/v2\/pages\/11461\/revisions"}],"wp:attachment":[{"href":"https:\/\/irmak.k12.tr\/primary\/wp-json\/wp\/v2\/media?parent=11461"}],"curies":[{"name":"wp","href":"https:\/\/api.w.org\/{rel}","templated":true}]}}