{"id":11457,"date":"2023-02-15T13:32:31","date_gmt":"2023-02-15T10:32:31","guid":{"rendered":"https:\/\/irmak.k12.tr\/primary\/?page_id=11457"},"modified":"2023-03-08T09:17:23","modified_gmt":"2023-03-08T06:17:23","slug":"beden-egitimi","status":"publish","type":"page","link":"https:\/\/irmak.k12.tr\/primary\/beden-egitimi\/","title":{"rendered":"Beden E\u011fitimi"},"content":{"rendered":"<div class=\"wpb-content-wrapper\"><p>[vc_row][vc_column][vc_column_text]<\/p>\n<div class=\"text-left\">\n<p><strong>B\u00f6l\u00fcm Ama\u00e7lar\u0131m\u0131z<\/strong><\/p>\n<p>Oyun ve fiziki etkinliklerimizde \u00f6\u011frencilerimiz, sosyal ve duygusal y\u00f6nden geli\u015fen, zihinsel ve fiziksel \u00f6zelliklerini geli\u015ftiren, hareket yetkinli\u011fi ile aktif ve sa\u011fl\u0131kl\u0131 hayat al\u0131\u015fkanl\u0131\u011f\u0131 kazanm\u0131\u015f, karma\u015f\u0131k durumlara \u00e7\u00f6z\u00fcmsel yakla\u015fabilen, kazanmay\u0131 kutlayan ve kaybetmeyi kabullenen \u00f6\u011frenciler yeti\u015ftirmek as\u0131l ama\u00e7lar\u0131m\u0131z\u0131 olu\u015fturur. Irmak \u00f6\u011frencisinin a\u015fa\u011f\u0131daki kazan\u0131mlar\u0131 elde ederek ilkokuldan mezun olmas\u0131 ama\u00e7lan\u0131r.<\/p>\n<p>\u2022 Sa\u011fl\u0131kl\u0131 ya\u015fam becerisi kazanma,<br \/>\n\u2022 Temel ve birle\u015ftirilmi\u015f hareket becerilerini \u00f6zg\u00fcven ile sergileme ve mek\u00e2nsal alg\u0131 geli\u015ftirme,<br \/>\n\u2022 Sportif etkinliklere aktif kat\u0131lma,<br \/>\n\u2022 Ritim duygusu kazanma,<br \/>\n\u2022 Oyun ve hareket becerileri ilgili kavramlarda stratejiler ve taktikler kullanma,<br \/>\n\u2022 Yeteneklerini ke\u015ffetmelerine f\u0131rsat verme ve geli\u015ftirme,<br \/>\n\u2022 Fiziksel etkinliklerde yeni beceriler kazanma ve deneyim elde etme,<br \/>\n\u2022 Bir tak\u0131m\u0131n ya da grubun par\u00e7as\u0131 olabilmek i\u00e7in i\u015f birlik\u00e7i davran\u0131\u015flar geli\u015ftirme,<br \/>\n\u2022 Fiziksel etkinliklerde bulunurken uygun g\u00fcvenlik \u00f6nlemleri alma,<br \/>\n\u2022 K\u00fclt\u00fcr\u00fcm\u00fcze ve ba\u015fka k\u00fclt\u00fcrlere ait geleneksel ve uluslararas\u0131 oyunlar\u0131 tan\u0131ma,<br \/>\n\u2022 Oyun ve fiziki etkinliklerde kendini tan\u0131ma, bireysel sorumluluk, kendine g\u00fcven ve zaman y\u00f6netimi becerileri geli\u015ftirme,<br \/>\n\u2022 Oyun ve fiziki etkinliklerde ileti\u015fim becerileri, fair \u2013 play, sosyal sorumluluk, liderlik, do\u011faya duyarl\u0131l\u0131k ve farkl\u0131l\u0131klara sayg\u0131 \u00f6zelliklerini geli\u015ftirme hedef al\u0131nm\u0131\u015ft\u0131r.<\/p>\n<p><strong>B\u00f6l\u00fcm Hedeflerimiz<\/strong><\/p>\n<p>Irmak Okullar\u0131nda Beden E\u011fitimi dersleri, ulusal MEB ve uluslararas\u0131 PYP m\u00fcfredatlar\u0131 ile zenginle\u015ftirilmi\u015f dikey planlamalar do\u011frultusunda \u00f6\u011frencilerimizin do\u011fal hayata aktarabilecekleri ya\u015fam becerilerinin kazan\u0131lmas\u0131nda genel e\u011fitimin vazge\u00e7ilmez bir par\u00e7as\u0131d\u0131r. Beden E\u011fitimi dersleri do\u011fas\u0131 gere\u011fi farkl\u0131 disiplinlerin kazan\u0131mlar\u0131n\u0131 peki\u015ftirmede \u00f6\u011frencilerimize olanak sa\u011flar. Program\u0131m\u0131z ilkokul d\u00fczeyinde yap\u0131land\u0131r\u0131larak \u00f6\u011frencilerimizin fiziksel, devini\u015fsel, bili\u015fsel, duygusal ve toplumsal geli\u015fimine katk\u0131da bulunmay\u0131; ya\u015fam boyu fiziksel etkinliklere kat\u0131l\u0131m\u0131n\u0131 sa\u011flamay\u0131 hedefler. Irmak Okullar\u0131na ba\u015flayan her \u00f6\u011frenci Oyun ve Fiziksel Etkinlik derslerimizin yan\u0131nda 1. ve 2.s\u0131n\u0131fta Tenis bran\u015f\u0131 ile ilgili spor et\u00fct \u00e7al\u0131\u015fmalar\u0131m\u0131za kat\u0131l\u0131rarak spesifik olarak Tenis sporu ile tan\u0131\u015f\u0131r ve \u00f6\u011frenir, derslerimizde ise di\u011fer t\u00fcm spor bran\u015flar\u0131 hakk\u0131nda donan\u0131ml\u0131 bir k\u00fclt\u00fcre sahip olur. Geleneksel olarak ger\u00e7ekle\u015ftirdi\u011fimiz Irmak olimpiyatlar\u0131m\u0131zda \u00f6\u011frencilerimizin fiziksel yetenekleri \u00f6l\u00e7\u00fcl\u00fcr ve bu \u00f6l\u00e7\u00fcmler sonucunda elde edilen veriler ile yetenekleri \u00e7er\u00e7evesinde uygun spor bran\u015flar\u0131na y\u00f6nlendirilir.<\/p>\n<\/div>\n<p>[\/vc_column_text][\/vc_column][\/vc_row]<\/p>\n<\/div>","protected":false},"excerpt":{"rendered":"<p>[vc_row][vc_column][vc_column_text] B\u00f6l\u00fcm Ama\u00e7lar\u0131m\u0131z Oyun ve fiziki etkinliklerimizde \u00f6\u011frencilerimiz, sosyal ve duygusal y\u00f6nden geli\u015fen, zihinsel ve fiziksel \u00f6zelliklerini geli\u015ftiren, hareket yetkinli\u011fi ile aktif ve sa\u011fl\u0131kl\u0131 hayat al\u0131\u015fkanl\u0131\u011f\u0131 kazanm\u0131\u015f, karma\u015f\u0131k durumlara \u00e7\u00f6z\u00fcmsel yakla\u015fabilen, kazanmay\u0131 kutlayan ve kaybetmeyi kabullenen \u00f6\u011frenciler yeti\u015ftirmek as\u0131l ama\u00e7lar\u0131m\u0131z\u0131 olu\u015fturur. Irmak \u00f6\u011frencisinin a\u015fa\u011f\u0131daki kazan\u0131mlar\u0131 elde ederek ilkokuldan mezun olmas\u0131 ama\u00e7lan\u0131r. \u2022 Sa\u011fl\u0131kl\u0131 ya\u015fam becerisi [&hellip;]<\/p>\n","protected":false},"author":1,"featured_media":0,"parent":0,"menu_order":0,"comment_status":"closed","ping_status":"closed","template":"","meta":{"footnotes":""},"class_list":["post-11457","page","type-page","status-publish","hentry"],"_links":{"self":[{"href":"https:\/\/irmak.k12.tr\/primary\/wp-json\/wp\/v2\/pages\/11457","targetHints":{"allow":["GET"]}}],"collection":[{"href":"https:\/\/irmak.k12.tr\/primary\/wp-json\/wp\/v2\/pages"}],"about":[{"href":"https:\/\/irmak.k12.tr\/primary\/wp-json\/wp\/v2\/types\/page"}],"author":[{"embeddable":true,"href":"https:\/\/irmak.k12.tr\/primary\/wp-json\/wp\/v2\/users\/1"}],"replies":[{"embeddable":true,"href":"https:\/\/irmak.k12.tr\/primary\/wp-json\/wp\/v2\/comments?post=11457"}],"version-history":[{"count":0,"href":"https:\/\/irmak.k12.tr\/primary\/wp-json\/wp\/v2\/pages\/11457\/revisions"}],"wp:attachment":[{"href":"https:\/\/irmak.k12.tr\/primary\/wp-json\/wp\/v2\/media?parent=11457"}],"curies":[{"name":"wp","href":"https:\/\/api.w.org\/{rel}","templated":true}]}}