{"id":11445,"date":"2023-02-15T11:11:45","date_gmt":"2023-02-15T08:11:45","guid":{"rendered":"https:\/\/irmak.k12.tr\/primary\/?page_id=11445"},"modified":"2023-02-21T08:34:23","modified_gmt":"2023-02-21T05:34:23","slug":"modern-diller","status":"publish","type":"page","link":"https:\/\/irmak.k12.tr\/primary\/modern-diller\/","title":{"rendered":"Modern Diller"},"content":{"rendered":"<div class=\"wpb-content-wrapper\"><p>[vc_row][vc_column][vc_column_text]<\/p>\n<div><strong>HEDEFLER\u0130M\u0130Z<\/strong><br \/>\nDil, bir insan\u0131n d\u00fcnyay\u0131 tan\u0131mas\u0131n\u0131 ve deneyimlerini aktarmas\u0131n\u0131 sa\u011flayan bir ara\u00e7t\u0131r. Yabanc\u0131 bir dil \u00f6\u011frenmek, \u00f6\u011frencinin sorun \u00e7\u00f6zmesini ve konulara ele\u015ftirel olarak yakla\u015fabilmesini sa\u011flar. Ki\u015finin davran\u0131\u015fsal yetkinli\u011fini, kendi dil alan\u0131 s\u0131n\u0131rlar\u0131n\u0131n \u00f6tesine ge\u00e7irerek geli\u015ftirmesini sa\u011flar; \u00f6\u011frencilerin o ana kadar sahip olduklar\u0131 k\u00fclt\u00fcr\u00fc de i\u00e7ine alarak k\u00fclt\u00fcrler aras\u0131 etkile\u015fime katk\u0131da bulunur.&#8221;Bir dil bir insan\u0131d\u0131r.&#8221; s\u00f6z\u00fcn\u00fc g\u00f6z \u00f6n\u00fcnde bulundurursak, globalle\u015fen d\u00fcnyam\u0131zda ikinci bir dilin \u00f6\u011frenilmesi ka\u00e7\u0131n\u0131lmazd\u0131r. Irmak Okullar\u0131nda \u00f6\u011frencilerimiz 3. s\u0131n\u0131ftan itibaren \u0130ngilizcenin yan\u0131 s\u0131ra \u0130spanyolca, Almanca veya Frans\u0131zca dillerinden birini se\u00e7erler.Amac\u0131m\u0131z; dil fark\u0131ndal\u0131\u011f\u0131 yaratmak, \u00f6\u011frencinin dile kar\u015f\u0131 ilgisini uyand\u0131rmak ve keyif almas\u0131n\u0131 sa\u011flamakt\u0131r.<\/p>\n<p>\u00c7oklu zek\u00e2 kuram\u0131na g\u00f6re tasarlanan, g\u00f6rsel, i\u015fitsel ve kinestetik \u00f6\u011frenmeye dayanan oyun ve aktivitelerde \u00f6\u011frencilerimiz yabanc\u0131 dili bir ileti\u015fim arac\u0131 olarak \u00f6\u011frenmektedirler.<\/p>\n<p>\u015eark\u0131lar, resimli kartlar, oyunlar ve aktivitelerle zenginle\u015ftirilmi\u015f bir program izlenmektedir.<\/p>\n<\/div>\n<p>[\/vc_column_text][\/vc_column][\/vc_row]<\/p>\n<\/div>","protected":false},"excerpt":{"rendered":"<p>[vc_row][vc_column][vc_column_text] HEDEFLER\u0130M\u0130Z Dil, bir insan\u0131n d\u00fcnyay\u0131 tan\u0131mas\u0131n\u0131 ve deneyimlerini aktarmas\u0131n\u0131 sa\u011flayan bir ara\u00e7t\u0131r. Yabanc\u0131 bir dil \u00f6\u011frenmek, \u00f6\u011frencinin sorun \u00e7\u00f6zmesini ve konulara ele\u015ftirel olarak yakla\u015fabilmesini sa\u011flar. Ki\u015finin davran\u0131\u015fsal yetkinli\u011fini, kendi dil alan\u0131 s\u0131n\u0131rlar\u0131n\u0131n \u00f6tesine ge\u00e7irerek geli\u015ftirmesini sa\u011flar; \u00f6\u011frencilerin o ana kadar sahip olduklar\u0131 k\u00fclt\u00fcr\u00fc de i\u00e7ine alarak k\u00fclt\u00fcrler aras\u0131 etkile\u015fime katk\u0131da bulunur.&#8221;Bir dil bir insan\u0131d\u0131r.&#8221; [&hellip;]<\/p>\n","protected":false},"author":1,"featured_media":0,"parent":0,"menu_order":0,"comment_status":"closed","ping_status":"closed","template":"","meta":{"footnotes":""},"class_list":["post-11445","page","type-page","status-publish","hentry"],"_links":{"self":[{"href":"https:\/\/irmak.k12.tr\/primary\/wp-json\/wp\/v2\/pages\/11445","targetHints":{"allow":["GET"]}}],"collection":[{"href":"https:\/\/irmak.k12.tr\/primary\/wp-json\/wp\/v2\/pages"}],"about":[{"href":"https:\/\/irmak.k12.tr\/primary\/wp-json\/wp\/v2\/types\/page"}],"author":[{"embeddable":true,"href":"https:\/\/irmak.k12.tr\/primary\/wp-json\/wp\/v2\/users\/1"}],"replies":[{"embeddable":true,"href":"https:\/\/irmak.k12.tr\/primary\/wp-json\/wp\/v2\/comments?post=11445"}],"version-history":[{"count":0,"href":"https:\/\/irmak.k12.tr\/primary\/wp-json\/wp\/v2\/pages\/11445\/revisions"}],"wp:attachment":[{"href":"https:\/\/irmak.k12.tr\/primary\/wp-json\/wp\/v2\/media?parent=11445"}],"curies":[{"name":"wp","href":"https:\/\/api.w.org\/{rel}","templated":true}]}}