{"id":11290,"date":"2023-02-15T00:24:30","date_gmt":"2023-02-14T21:24:30","guid":{"rendered":"https:\/\/irmak.k12.tr\/primary\/?page_id=11290"},"modified":"2023-02-21T08:33:05","modified_gmt":"2023-02-21T05:33:05","slug":"ingilizce","status":"publish","type":"page","link":"https:\/\/irmak.k12.tr\/primary\/ingilizce\/","title":{"rendered":"\u0130ngilizce"},"content":{"rendered":"<div class=\"wpb-content-wrapper\"><p>[vc_row][vc_column][vc_column_text]<\/p>\n<div><strong>HEDEFLER\u0130M\u0130Z<\/strong><\/div>\n<div>Irmak Okullar\u0131 1-4 Yabanc\u0131 Diller Z\u00fcmresi; \u00f6\u011frencilerin dinleme, okuma, yazma, konu\u015fma ve ele\u015ftirel d\u00fc\u015f\u00fcnme becerilerini kullanarak \u0130ngilizce dilini \u00f6\u011frenmelerini ama\u00e7lar. Irmak Okullar\u0131ndaki \u0130ngilizce program\u0131n\u0131n hedefi; \u0130ngilizce\u2019yi yaz\u0131l\u0131 ve s\u00f6zl\u00fc olarak ak\u0131c\u0131 bir bi\u00e7imde kullan\u0131lan, \u00e7e\u015fitli yerli ve yabanc\u0131 kaynakl\u0131 metinleri okuyabilen, ba\u011f\u0131ms\u0131z, yarat\u0131c\u0131 ve ele\u015ftirel d\u00fc\u015f\u00fcnme becerisi g\u00f6sterebilen \u00f6\u011frenciler yeti\u015ftirmektir. Okulumuz yabanc\u0131 dil \u00f6\u011fretiminde Avrupa Dilleri Ortak \u00c7er\u00e7eve Program\u0131&#8217; n\u0131 (Common European Framework of Reference \/C.E.F.R.) esas almakta, en son ve en etkili y\u00f6ntem olarak \u0130leti\u015fimsel Y\u00f6ntem (Communicative Approach) kullan\u0131lmaktad\u0131r.<\/div>\n<div><\/div>\n<div><strong>Ama\u00e7lar\u0131m\u0131z<\/strong><\/div>\n<div>\u2022 Dinleme, okuma, konu\u015fma ve yazma becerilerini geli\u015ftirmeye yo\u011funla\u015farak \u00f6\u011frencilerin kendilerini ak\u0131c\u0131 ve do\u011fru \u015fekilde ifade edebilmelerini sa\u011flamak,<\/div>\n<div>\u2022 \u00d6\u011frencilerin kendilerini g\u00fcvende hissedecekleri \u00f6zg\u00fcr, g\u00fcvenli bir e\u011fitim ortam\u0131 yaratmak,<\/div>\n<div>\u2022 \u00d6\u011frencilerin gerek kendilerine gerekse ba\u015fkalar\u0131na (farkl\u0131 k\u00fclt\u00fcrlere) kar\u015f\u0131 duyarl\u0131 ve sayg\u0131l\u0131 olmalar\u0131n\u0131 sa\u011flamak,<\/div>\n<div>\u2022 \u00d6\u011frencileri s\u00fcrekli ara\u015ft\u0131ran, merak eden, sorgulayan bireyler olmaya te\u015fvik etmek,<\/div>\n<div>\u2022 Derslerde gerekli teknolojik ara\u00e7 ve gere\u00e7ler kullanarak \u00f6\u011frencilerin ilgisini s\u00fcrekli k\u0131lmak,<\/div>\n<div>\u2022 \u00d6\u011frencilerin ele\u015ftirel ve yarat\u0131c\u0131 d\u00fc\u015f\u00fcnme becerilerine sahip bireyler olarak yeti\u015fmelerini sa\u011flamak,<\/div>\n<div>\u2022 \u00c7e\u015fitli yaz\u0131l\u0131 ve g\u00f6rsel kaynaklar kullanarak \u00f6\u011frencilerin ki\u015fisel ve k\u00fclt\u00fcrel geli\u015fimlerini desteklemek,<\/div>\n<div>\u2022 \u00d6\u011frencilere ba\u011f\u0131ms\u0131z okuma al\u0131\u015fkanl\u0131\u011f\u0131 a\u015f\u0131lamak ve bu al\u0131\u015fkanl\u0131\u011f\u0131 bir ya\u015fam tarz\u0131 olarak i\u00e7selle\u015ftirmelerini sa\u011flamak,<\/div>\n<div>\u2022 \u00d6\u011frencilerin yarat\u0131c\u0131l\u0131klar\u0131n\u0131 sergileyebilecekleri ortamlar haz\u0131rlamak,<\/div>\n<div>\u2022 \u00c7e\u015fitli yaz\u0131l\u0131 metinleri okuyarak analizler yapabilmelerini sa\u011flamak,<\/div>\n<div>\u2022 \u00d6\u011frencileri, seviyelerine uygun Starters, Movers ve Flyers gibi uluslararas\u0131 ge\u00e7erlili\u011fi olan s\u0131navlara girmeleri i\u00e7in te\u015fvik etmek, bu s\u0131navlara haz\u0131rlamak ve bu s\u0131navlarda yeterliliklerini sa\u011flamak.<\/div>\n<div><\/div>\n<p>[\/vc_column_text][\/vc_column][\/vc_row]<\/p>\n<\/div>","protected":false},"excerpt":{"rendered":"<p>[vc_row][vc_column][vc_column_text] HEDEFLER\u0130M\u0130Z Irmak Okullar\u0131 1-4 Yabanc\u0131 Diller Z\u00fcmresi; \u00f6\u011frencilerin dinleme, okuma, yazma, konu\u015fma ve ele\u015ftirel d\u00fc\u015f\u00fcnme becerilerini kullanarak \u0130ngilizce dilini \u00f6\u011frenmelerini ama\u00e7lar. Irmak Okullar\u0131ndaki \u0130ngilizce program\u0131n\u0131n hedefi; \u0130ngilizce\u2019yi yaz\u0131l\u0131 ve s\u00f6zl\u00fc olarak ak\u0131c\u0131 bir bi\u00e7imde kullan\u0131lan, \u00e7e\u015fitli yerli ve yabanc\u0131 kaynakl\u0131 metinleri okuyabilen, ba\u011f\u0131ms\u0131z, yarat\u0131c\u0131 ve ele\u015ftirel d\u00fc\u015f\u00fcnme becerisi g\u00f6sterebilen \u00f6\u011frenciler yeti\u015ftirmektir. Okulumuz yabanc\u0131 dil [&hellip;]<\/p>\n","protected":false},"author":1,"featured_media":0,"parent":0,"menu_order":0,"comment_status":"closed","ping_status":"closed","template":"","meta":{"footnotes":""},"class_list":["post-11290","page","type-page","status-publish","hentry"],"_links":{"self":[{"href":"https:\/\/irmak.k12.tr\/primary\/wp-json\/wp\/v2\/pages\/11290","targetHints":{"allow":["GET"]}}],"collection":[{"href":"https:\/\/irmak.k12.tr\/primary\/wp-json\/wp\/v2\/pages"}],"about":[{"href":"https:\/\/irmak.k12.tr\/primary\/wp-json\/wp\/v2\/types\/page"}],"author":[{"embeddable":true,"href":"https:\/\/irmak.k12.tr\/primary\/wp-json\/wp\/v2\/users\/1"}],"replies":[{"embeddable":true,"href":"https:\/\/irmak.k12.tr\/primary\/wp-json\/wp\/v2\/comments?post=11290"}],"version-history":[{"count":0,"href":"https:\/\/irmak.k12.tr\/primary\/wp-json\/wp\/v2\/pages\/11290\/revisions"}],"wp:attachment":[{"href":"https:\/\/irmak.k12.tr\/primary\/wp-json\/wp\/v2\/media?parent=11290"}],"curies":[{"name":"wp","href":"https:\/\/api.w.org\/{rel}","templated":true}]}}