{"id":11261,"date":"2023-02-14T23:41:24","date_gmt":"2023-02-14T20:41:24","guid":{"rendered":"https:\/\/irmak.k12.tr\/primary\/?page_id=11261"},"modified":"2023-03-08T09:08:56","modified_gmt":"2023-03-08T06:08:56","slug":"ib-hakkinda","status":"publish","type":"page","link":"https:\/\/irmak.k12.tr\/primary\/ib-hakkinda\/","title":{"rendered":"IB Hakk\u0131nda"},"content":{"rendered":"<div class=\"wpb-content-wrapper\"><p>[vc_row][vc_column][vc_column_text]<\/p>\n<div class=\"clear\"><a href=\"https:\/\/www.irmak.k12.tr\/wp-content\/uploads\/2023\/02\/irmak_pyp_veli_kitapcigi.pdf\" target=\"_blank\" rel=\"noopener\">Irmak PYP Veli Kitap\u00e7\u0131\u011f\u0131<\/a><\/div>\n<div class=\"text-justify\">\n<div><a href=\"https:\/\/www.irmak.k12.tr\/wp-content\/uploads\/2023\/02\/ib-daha-iyi-bir-dunya-icin-ib-programlari.pdf\" target=\"_blank\" rel=\"noopener\">Daha \u0130yi Bir D\u00fcnya \u0130\u00e7in IB Programlar\u0131<\/a><\/div>\n<div><a href=\"https:\/\/www.irmak.k12.tr\/wp-content\/uploads\/2023\/02\/ib-ilk-yillar-programi-pyp.pdf\" target=\"_blank\" rel=\"noopener\">IB \u0130lk Y\u0131llar Program\u0131 PYP<\/a><\/div>\n<div><a href=\"https:\/\/www.irmak.k12.tr\/wp-content\/uploads\/2023\/02\/ib-programlari-arastirma-bulgulari.pdf\" target=\"_blank\" rel=\"noopener\">IB Programlar\u0131 Ara\u015ft\u0131rma Bulgular\u0131<\/a><\/div>\n<div><a href=\"https:\/\/www.irmak.k12.tr\/wp-content\/uploads\/2023\/02\/ib-uluslararasi-egitim-baremi.pdf\" target=\"_blank\" rel=\"noopener\">IB Uluslararas\u0131 E\u011fitim Baremi<\/a><\/div>\n<\/div>\n<p>[\/vc_column_text][\/vc_column][\/vc_row][vc_row][vc_column][vc_column_text]https:\/\/vimeo.com\/66630621\/c0dd7b8b4e?embedded=true&amp;source=video_title&amp;owner=10708324[\/vc_column_text][\/vc_column][\/vc_row][vc_row][vc_column][vc_column_text]https:\/\/vimeo.com\/92725628?embedded=true&amp;source=video_title&amp;owner=10708324[\/vc_column_text][\/vc_column][\/vc_row][vc_row][vc_column][vc_column_text]<\/p>\n<ul>\n<li><a href=\"https:\/\/irmak.k12.tr\/primary\/ogrenen-profili-ozellikleri\/\">\u00d6\u011frenen Profili \u00d6zellikleri<\/a><\/li>\n<li><a href=\"https:\/\/irmak.k12.tr\/primary\/ogrenme-yaklasimlari-atl\/\">\u00d6\u011frenme Yakla\u015f\u0131mlar\u0131 (ATL)<\/a><\/li>\n<li><a href=\"https:\/\/irmak.k12.tr\/primary\/kavramlar\/\">Kavramlar<\/a><\/li>\n<li><a href=\"https:\/\/irmak.k12.tr\/primary\/irmak-sorgulama-programi\/\">Irmak Sorgulama Program\u0131<\/a><\/li>\n<li><a href=\"https:\/\/irmak.k12.tr\/primary\/pyp-sergisi\/\">PYP Sergisi<\/a><\/li>\n<li><a href=\"https:\/\/irmak.k12.tr\/primary\/uluslararasi-bakis-acisi\/\">Uluslararas\u0131 Bak\u0131\u015f A\u00e7\u0131s\u0131<\/a><\/li>\n<li><a href=\"https:\/\/irmak.k12.tr\/primary\/ib-hakkinda\/\">IB Hakk\u0131nda<\/a><\/li>\n<\/ul>\n<p>[\/vc_column_text][\/vc_column][\/vc_row]<\/p>\n<\/div>","protected":false},"excerpt":{"rendered":"<p>[vc_row][vc_column][vc_column_text] Irmak PYP Veli Kitap\u00e7\u0131\u011f\u0131 Daha \u0130yi Bir D\u00fcnya \u0130\u00e7in IB Programlar\u0131 IB \u0130lk Y\u0131llar Program\u0131 PYP IB Programlar\u0131 Ara\u015ft\u0131rma Bulgular\u0131 IB Uluslararas\u0131 E\u011fitim Baremi [\/vc_column_text][\/vc_column][\/vc_row][vc_row][vc_column][vc_column_text]https:\/\/vimeo.com\/66630621\/c0dd7b8b4e?embedded=true&amp;source=video_title&amp;owner=10708324[\/vc_column_text][\/vc_column][\/vc_row][vc_row][vc_column][vc_column_text]https:\/\/vimeo.com\/92725628?embedded=true&amp;source=video_title&amp;owner=10708324[\/vc_column_text][\/vc_column][\/vc_row][vc_row][vc_column][vc_column_text] \u00d6\u011frenen Profili \u00d6zellikleri \u00d6\u011frenme Yakla\u015f\u0131mlar\u0131 (ATL) Kavramlar Irmak Sorgulama Program\u0131 PYP Sergisi Uluslararas\u0131 Bak\u0131\u015f A\u00e7\u0131s\u0131 IB Hakk\u0131nda [\/vc_column_text][\/vc_column][\/vc_row]<\/p>\n","protected":false},"author":1,"featured_media":0,"parent":0,"menu_order":0,"comment_status":"closed","ping_status":"closed","template":"","meta":{"footnotes":""},"class_list":["post-11261","page","type-page","status-publish","hentry"],"_links":{"self":[{"href":"https:\/\/irmak.k12.tr\/primary\/wp-json\/wp\/v2\/pages\/11261","targetHints":{"allow":["GET"]}}],"collection":[{"href":"https:\/\/irmak.k12.tr\/primary\/wp-json\/wp\/v2\/pages"}],"about":[{"href":"https:\/\/irmak.k12.tr\/primary\/wp-json\/wp\/v2\/types\/page"}],"author":[{"embeddable":true,"href":"https:\/\/irmak.k12.tr\/primary\/wp-json\/wp\/v2\/users\/1"}],"replies":[{"embeddable":true,"href":"https:\/\/irmak.k12.tr\/primary\/wp-json\/wp\/v2\/comments?post=11261"}],"version-history":[{"count":0,"href":"https:\/\/irmak.k12.tr\/primary\/wp-json\/wp\/v2\/pages\/11261\/revisions"}],"wp:attachment":[{"href":"https:\/\/irmak.k12.tr\/primary\/wp-json\/wp\/v2\/media?parent=11261"}],"curies":[{"name":"wp","href":"https:\/\/api.w.org\/{rel}","templated":true}]}}