{"id":11243,"date":"2023-02-14T23:22:12","date_gmt":"2023-02-14T20:22:12","guid":{"rendered":"https:\/\/irmak.k12.tr\/primary\/?page_id=11243"},"modified":"2023-03-20T09:23:15","modified_gmt":"2023-03-20T06:23:15","slug":"ogrenme-yaklasimlari-atl","status":"publish","type":"page","link":"https:\/\/irmak.k12.tr\/primary\/ogrenme-yaklasimlari-atl\/","title":{"rendered":"\u00d6\u011frenme Yakla\u015f\u0131mlar\u0131 (ATL)"},"content":{"rendered":"<div class=\"wpb-content-wrapper\"><p>[vc_row][vc_column][vc_column_text]\u00d6\u011frenciler, program boyunca \u00f6\u011frenimleri s\u0131ras\u0131nda, bir dizi disiplinler\u00fcst\u00fc beceri -sosyal beceriler, ileti\u015fim becerileri, d\u00fc\u015f\u00fcnme becerileri, ara\u015ft\u0131rma becerileri ve \u00f6z y\u00f6netim becerileri edinir ve uygular. Bu beceriler, sadece sorgulama \u00fcnitelerinde de\u011fil, ayn\u0131 zamanda s\u0131n\u0131fta ve okul d\u0131\u015f\u0131ndaki ya\u015famda ger\u00e7ekle\u015fen \u00f6\u011frenme ve \u00f6\u011fretme i\u00e7in de de\u011ferlidir.<\/p>\n<p>[\/vc_column_text][\/vc_column][\/vc_row][vc_row css=&#8221;.vc_custom_1678088558376{background-color: #e5e5e5 !important;}&#8221;][vc_column width=&#8221;1\/5&#8243;][vc_single_image image=&#8221;11767&#8243; img_size=&#8221;400&#215;250&#8243;][\/vc_column][vc_column width=&#8221;1\/5&#8243;][vc_single_image image=&#8221;11771&#8243; img_size=&#8221;400&#215;250&#8243;][\/vc_column][vc_column width=&#8221;1\/5&#8243;][vc_single_image image=&#8221;11770&#8243; img_size=&#8221;400&#215;250&#8243;][\/vc_column][vc_column width=&#8221;1\/5&#8243;][vc_single_image image=&#8221;11768&#8243; img_size=&#8221;400&#215;250&#8243;][\/vc_column][vc_column width=&#8221;1\/5&#8243;][vc_single_image image=&#8221;11772&#8243; img_size=&#8221;400&#215;250&#8243;][\/vc_column][\/vc_row][vc_row][vc_column][vc_column_text]<\/p>\n<ul>\n<li><a href=\"https:\/\/irmak.k12.tr\/primary\/ogrenen-profili-ozellikleri\/\">\u00d6\u011frenen Profili \u00d6zellikleri<\/a><\/li>\n<li><a href=\"https:\/\/irmak.k12.tr\/primary\/ogrenme-yaklasimlari-atl\/\">\u00d6\u011frenme Yakla\u015f\u0131mlar\u0131 (ATL)<\/a><\/li>\n<li><a href=\"https:\/\/irmak.k12.tr\/primary\/kavramlar\/\">Kavramlar<\/a><\/li>\n<li><a href=\"https:\/\/irmak.k12.tr\/primary\/irmak-sorgulama-programi\/\">Irmak Sorgulama Program\u0131<\/a><\/li>\n<li><a href=\"https:\/\/irmak.k12.tr\/primary\/pyp-sergisi\/\">PYP Sergisi<\/a><\/li>\n<li><a href=\"https:\/\/irmak.k12.tr\/primary\/uluslararasi-bakis-acisi\/\">Uluslararas\u0131 Bak\u0131\u015f A\u00e7\u0131s\u0131<\/a><\/li>\n<li><a href=\"https:\/\/irmak.k12.tr\/primary\/ib-hakkinda\/\">IB Hakk\u0131nda<\/a><\/li>\n<\/ul>\n<p>[\/vc_column_text][\/vc_column][\/vc_row]<\/p>\n<\/div>","protected":false},"excerpt":{"rendered":"<p>[vc_row][vc_column][vc_column_text]\u00d6\u011frenciler, program boyunca \u00f6\u011frenimleri s\u0131ras\u0131nda, bir dizi disiplinler\u00fcst\u00fc beceri -sosyal beceriler, ileti\u015fim becerileri, d\u00fc\u015f\u00fcnme becerileri, ara\u015ft\u0131rma becerileri ve \u00f6z y\u00f6netim becerileri edinir ve uygular. Bu beceriler, sadece sorgulama \u00fcnitelerinde de\u011fil, ayn\u0131 zamanda s\u0131n\u0131fta ve okul d\u0131\u015f\u0131ndaki ya\u015famda ger\u00e7ekle\u015fen \u00f6\u011frenme ve \u00f6\u011fretme i\u00e7in de de\u011ferlidir. [\/vc_column_text][\/vc_column][\/vc_row][vc_row css=&#8221;.vc_custom_1678088558376{background-color: #e5e5e5 !important;}&#8221;][vc_column width=&#8221;1\/5&#8243;][vc_single_image image=&#8221;11767&#8243; img_size=&#8221;400&#215;250&#8243;][\/vc_column][vc_column width=&#8221;1\/5&#8243;][vc_single_image image=&#8221;11771&#8243; img_size=&#8221;400&#215;250&#8243;][\/vc_column][vc_column width=&#8221;1\/5&#8243;][vc_single_image [&hellip;]<\/p>\n","protected":false},"author":1,"featured_media":0,"parent":0,"menu_order":0,"comment_status":"closed","ping_status":"closed","template":"","meta":{"footnotes":""},"class_list":["post-11243","page","type-page","status-publish","hentry"],"_links":{"self":[{"href":"https:\/\/irmak.k12.tr\/primary\/wp-json\/wp\/v2\/pages\/11243","targetHints":{"allow":["GET"]}}],"collection":[{"href":"https:\/\/irmak.k12.tr\/primary\/wp-json\/wp\/v2\/pages"}],"about":[{"href":"https:\/\/irmak.k12.tr\/primary\/wp-json\/wp\/v2\/types\/page"}],"author":[{"embeddable":true,"href":"https:\/\/irmak.k12.tr\/primary\/wp-json\/wp\/v2\/users\/1"}],"replies":[{"embeddable":true,"href":"https:\/\/irmak.k12.tr\/primary\/wp-json\/wp\/v2\/comments?post=11243"}],"version-history":[{"count":0,"href":"https:\/\/irmak.k12.tr\/primary\/wp-json\/wp\/v2\/pages\/11243\/revisions"}],"wp:attachment":[{"href":"https:\/\/irmak.k12.tr\/primary\/wp-json\/wp\/v2\/media?parent=11243"}],"curies":[{"name":"wp","href":"https:\/\/api.w.org\/{rel}","templated":true}]}}