{"id":11225,"date":"2023-02-14T22:11:31","date_gmt":"2023-02-14T19:11:31","guid":{"rendered":"https:\/\/irmak.k12.tr\/primary\/?page_id=11225"},"modified":"2023-02-14T22:11:31","modified_gmt":"2023-02-14T19:11:31","slug":"ib-programlarinin-tarihcesi","status":"publish","type":"page","link":"https:\/\/irmak.k12.tr\/primary\/ib-programlarinin-tarihcesi\/","title":{"rendered":"IB Programlar\u0131n\u0131n Tarih\u00e7esi"},"content":{"rendered":"<div class=\"wpb-content-wrapper\"><p>[vc_row][vc_column][vc_column_text]<\/p>\n<div>\u0130svi\u00e7re\u00b4nin Cenevre kentinde, 1968\u00b4de, ticari olmayan bir kurum olarak kurulan Uluslararas\u0131 Bakalorya Sistemi \u015fu an d\u00fcnyan\u0131n en \u00f6nde gelen ve kabul g\u00f6ren e\u011fitim sistemlerinden biridir.<\/div>\n<div>Uluslararas\u0131 Bakalorya, k\u00fclt\u00fcrler aras\u0131 anlay\u0131\u015f ve sayg\u0131 yoluyla daha iyi ve daha huzurlu bir d\u00fcnya yaratmak isteyen, sorgulayan, bilgili ve duyarl\u0131 gen\u00e7ler yeti\u015ftirmeyi ama\u00e7lar.<\/div>\n<div>3 ila 19 ya\u015flar\u0131 aras\u0131ndakiler i\u00e7in IB uluslararas\u0131 e\u011fitim baremi, akademik ve ki\u015fisel disiplini itibar\u0131yla e\u015fsizdir. IB, okullar\u0131n karakter sahibi ve \u00e7ok y\u00f6nl\u00fc \u00f6\u011frenciler yeti\u015ftirmelerine yard\u0131mc\u0131 olur: zorluklara iyimserlik ve a\u00e7\u0131k g\u00f6r\u00fc\u015fl\u00fcl\u00fckle kar\u015f\u0131l\u0131k veren \u00f6\u011frenciler; kendi kimliklerine g\u00fcven duyan \u00f6\u011frenciler; etik kararlar veren \u00f6\u011frenciler; ortak insanl\u0131k vasf\u0131m\u0131z\u0131 di\u011ferleriyle birlikte kucaklayan \u00f6\u011frenciler; \u00f6\u011frendiklerini ger\u00e7ek d\u00fcnyada, kar\u0131\u015f\u0131k ve \u00f6ng\u00f6r\u00fclemez durumlarda uygulamaya haz\u0131r \u00f6\u011frenciler. IB, g\u00fc\u00e7l\u00fc bir vizyonu payla\u015fan, y\u00fcksek kaliteli uluslararas\u0131 e\u011fitim programlar\u0131 sunar.<\/div>\n<div><strong>PYP: Primary Years Programme (\u0130lk Y\u0131llar Program\u0131) 3- 12 Ya\u015f aras\u0131<\/strong><\/div>\n<div><strong>MYP: Middle Years Programme (Orta Y\u0131llar Program\u0131) 11-16 Ya\u015f aras\u0131<\/strong><\/div>\n<div><strong>DP: Diploma Programme (Diploma Program\u0131) 16 -19 Ya\u015f aras\u0131<\/strong><\/div>\n<div><strong>CP: Career-Related Programme (Kariyer Ba\u011flant\u0131l\u0131 Program) 16 -19 Ya\u015f aras\u0131<\/strong><\/div>\n<div>IB Diploma Program\u0131 (DP) 1968 y\u0131l\u0131nda gen\u00e7lerin, d\u00fcnyam\u0131z\u0131n karma\u015f\u0131kl\u0131klar\u0131n\u0131 daha iyi anlamas\u0131 ve y\u00f6netebilmesini sa\u011flamak, ve d\u00fcnyam\u0131z\u0131 daha iyi hale getirmek \u00fczere eyleme ge\u00e7mek ve gerekli beceriler ve davran\u0131\u015flar\u0131 edindirmek i\u00e7in uluslararas\u0131 bir e\u011fitim sunmak amac\u0131yla kurulmu\u015ftur. B\u00f6yle bir e\u011fitim hem o d\u00f6nemin daha yenilik\u00e7i e\u011fitsel d\u00fc\u015f\u00fcnme yap\u0131s\u0131nda hem de disipliner, k\u00fclt\u00fcrel, ulusal ve co\u011frafi s\u0131n\u0131rlar\u0131 a\u015fan kavram, fikir ve meselelere odaklanan bir e\u011fitim yoluyla d\u00fcnyan\u0131n daha iyi hale getirilece\u011fi inanc\u0131nda temelleniyordu.<\/div>\n<div><\/div>\n<div>1994 y\u0131l\u0131nda Orta Y\u0131llar Program\u0131\u2019n\u0131n (MYP) ve 1997\u2018de \u0130lk Y\u0131llar Program\u0131\u2018n\u0131n (PYP) uygulamaya konmas\u0131yla birlikte IB 3-19 ya\u015f aras\u0131ndaki \u00f6\u011frencilere uluslararas\u0131 e\u011fitim s\u00fcreci sunmu\u015f oldu.<\/div>\n<div>PYP, IBO\u2019nun (Uluslararas\u0131 Bakalorya Organizasyonu) d\u00f6rt program\u0131ndan \u201c\u0130lk Y\u0131llar Program\u0131\u201dd\u0131r. Amac\u0131 ilgi \u00e7eken, ilintili ve d\u00fc\u015f\u00fcnmeye zorlayan disiplinler \u00fcst\u00fc bir m\u00fcfredat olu\u015fturmakt\u0131r. 2012 y\u0131l\u0131nda IB Kariyere \u0130li\u015fkin Sertifika\u2018n\u0131n (IBCC) sunulmas\u0131 s\u00fcreci daha da ilerleterek 16-19 ya\u015f aras\u0131ndaki \u00f6\u011frencilerin DP\u2018nin yan\u0131nda se\u00e7ebilece\u011fi uluslararas\u0131 e\u011fitim yollar\u0131 yaratm\u0131\u015ft\u0131r.<\/div>\n<div><\/div>\n<div>Bu yakla\u015f\u0131mla birlikte okulumuz e\u011fitimin temel hedeflerinden biri, \u00f6\u011frencilerimizin bireysel yeteneklerinin fark\u0131na varmas\u0131na ve geli\u015ftirmesine yard\u0131mc\u0131 olacak olanaklar\u0131 sa\u011flamak ve okul ortam\u0131nda ya\u015fad\u0131klar\u0131 deneyimler ve g\u00f6zlemleri d\u00fcnyan\u0131n ger\u00e7ekleri ile ili\u015fkilendirmeyi \u00f6\u011fretmektir.<\/div>\n<p>[\/vc_column_text][\/vc_column][\/vc_row]<\/p>\n<\/div>","protected":false},"excerpt":{"rendered":"<p>[vc_row][vc_column][vc_column_text] \u0130svi\u00e7re\u00b4nin Cenevre kentinde, 1968\u00b4de, ticari olmayan bir kurum olarak kurulan Uluslararas\u0131 Bakalorya Sistemi \u015fu an d\u00fcnyan\u0131n en \u00f6nde gelen ve kabul g\u00f6ren e\u011fitim sistemlerinden biridir. Uluslararas\u0131 Bakalorya, k\u00fclt\u00fcrler aras\u0131 anlay\u0131\u015f ve sayg\u0131 yoluyla daha iyi ve daha huzurlu bir d\u00fcnya yaratmak isteyen, sorgulayan, bilgili ve duyarl\u0131 gen\u00e7ler yeti\u015ftirmeyi ama\u00e7lar. 3 ila 19 ya\u015flar\u0131 aras\u0131ndakiler [&hellip;]<\/p>\n","protected":false},"author":1,"featured_media":0,"parent":0,"menu_order":0,"comment_status":"closed","ping_status":"closed","template":"","meta":{"footnotes":""},"class_list":["post-11225","page","type-page","status-publish","hentry"],"_links":{"self":[{"href":"https:\/\/irmak.k12.tr\/primary\/wp-json\/wp\/v2\/pages\/11225","targetHints":{"allow":["GET"]}}],"collection":[{"href":"https:\/\/irmak.k12.tr\/primary\/wp-json\/wp\/v2\/pages"}],"about":[{"href":"https:\/\/irmak.k12.tr\/primary\/wp-json\/wp\/v2\/types\/page"}],"author":[{"embeddable":true,"href":"https:\/\/irmak.k12.tr\/primary\/wp-json\/wp\/v2\/users\/1"}],"replies":[{"embeddable":true,"href":"https:\/\/irmak.k12.tr\/primary\/wp-json\/wp\/v2\/comments?post=11225"}],"version-history":[{"count":0,"href":"https:\/\/irmak.k12.tr\/primary\/wp-json\/wp\/v2\/pages\/11225\/revisions"}],"wp:attachment":[{"href":"https:\/\/irmak.k12.tr\/primary\/wp-json\/wp\/v2\/media?parent=11225"}],"curies":[{"name":"wp","href":"https:\/\/api.w.org\/{rel}","templated":true}]}}