{"id":13257,"date":"2024-02-21T11:39:38","date_gmt":"2024-02-21T08:39:38","guid":{"rendered":"https:\/\/irmak.k12.tr\/middle\/?page_id=13257"},"modified":"2024-03-01T10:54:13","modified_gmt":"2024-03-01T07:54:13","slug":"dusunme-becerileri-programi","status":"publish","type":"page","link":"https:\/\/irmak.k12.tr\/middle\/dusunme-becerileri-programi\/","title":{"rendered":"D\u00fc\u015f\u00fcnme Becerileri Program\u0131"},"content":{"rendered":"\r\n<p><span style=\"font-weight: 400;\">E\u011fitim-\u00f6\u011fretim s\u00fcre\u00e7lerinde \u00f6\u011frencilerin akademik, sosyal ve duygusal geli\u015fimleri takip edilirken akademik becerilerini yak\u0131ndan etkileyen bili\u015fsel ve ya\u015famsal becerileri de \u00f6nemsenir. Psikolojik Dan\u0131\u015fma ve Rehberlik B\u00f6l\u00fcm\u00fc taraf\u0131ndan b\u00fct\u00fcn \u00f6\u011frencilerimizi tan\u0131mak, bili\u015fsel s\u00fcre\u00e7lerini takip etmek ve bili\u015fsel ihtiya\u00e7lar\u0131n\u0131 belirlemek i\u00e7in bireysel rehberlik \u00e7al\u0131\u015fmalar\u0131 yap\u0131l\u0131r. Yap\u0131lan rehberlik uygulamas\u0131, \u00f6\u011frenmenin en temel bile\u015fenleri olan \u201cplanlama, e\u015f zamanl\u0131l\u0131k, dikkat ve ard\u0131ll\u0131k\u201d alanlar\u0131 hakk\u0131nda \u00f6\u011frencinin bili\u015fsel geli\u015fimi ile ilgili objektif bir bak\u0131\u015f a\u00e7\u0131s\u0131 sunar. Yap\u0131lan uygulama sonucunda bili\u015fsel becerilerinin desteklenmesi gereken \u00f6\u011frenciler i\u00e7in \u201cD\u00fc\u015f\u00fcnme Becerileri Program\u0131\u201d dahilinde velilerimizle sonu\u00e7lar payla\u015f\u0131l\u0131r. Alt\u0131 ayl\u0131k grup \u00e7al\u0131\u015fmalar\u0131 haftada bir saat olmak \u00fczere organize edilir. Her kademeye g\u00f6re ayr\u0131 olarak haz\u0131rlanm\u0131\u015f ve farkl\u0131la\u015ft\u0131r\u0131lm\u0131\u015f \u00e7al\u0131\u015fma kitap\u00e7\u0131klar\u0131 ile destek \u00e7al\u0131\u015fmalar\u0131 ger\u00e7ekle\u015fir.<\/span><\/p>\r\n<p><span style=\"font-weight: 400;\">\u201cD\u00fc\u015f\u00fcnme Becerileri Program\u0131\u201dn\u0131n amac\u0131; \u00f6\u011frencilerin ger\u00e7ek akademik performanslar\u0131n\u0131 sergilemesi, \u00f6\u011frendi\u011fi bilgileri rahatl\u0131kla i\u00e7selle\u015ftirmesi, bu bilgileri ve becerileri ya\u015fam ve \u00f6\u011frenme alanlar\u0131nda yans\u0131tmas\u0131d\u0131r. Bu amaca ula\u015fmak i\u00e7in yap\u0131lan uygulama sonu\u00e7lar\u0131; \u00f6\u011frencilerimizin geli\u015fimlerini ortak takip edebilmek i\u00e7in akademik kadro ile payla\u015f\u0131l\u0131r, velilerimizle bireysel g\u00f6r\u00fc\u015fmeler d\u00fczenlenir. <\/span><\/p>\r\n","protected":false},"excerpt":{"rendered":"<p>E\u011fitim-\u00f6\u011fretim s\u00fcre\u00e7lerinde \u00f6\u011frencilerin akademik, sosyal ve duygusal geli\u015fimleri takip edilirken akademik becerilerini yak\u0131ndan etkileyen bili\u015fsel ve ya\u015famsal becerileri de \u00f6nemsenir. Psikolojik Dan\u0131\u015fma ve Rehberlik B\u00f6l\u00fcm\u00fc taraf\u0131ndan b\u00fct\u00fcn \u00f6\u011frencilerimizi tan\u0131mak, bili\u015fsel s\u00fcre\u00e7lerini takip etmek ve bili\u015fsel ihtiya\u00e7lar\u0131n\u0131 belirlemek i\u00e7in bireysel rehberlik \u00e7al\u0131\u015fmalar\u0131 yap\u0131l\u0131r. Yap\u0131lan rehberlik uygulamas\u0131, \u00f6\u011frenmenin en temel bile\u015fenleri olan \u201cplanlama, e\u015f zamanl\u0131l\u0131k, dikkat ve [&hellip;]<\/p>\n","protected":false},"author":3,"featured_media":0,"parent":0,"menu_order":0,"comment_status":"closed","ping_status":"closed","template":"","meta":{"footnotes":""},"class_list":["post-13257","page","type-page","status-publish","hentry"],"_links":{"self":[{"href":"https:\/\/irmak.k12.tr\/middle\/wp-json\/wp\/v2\/pages\/13257","targetHints":{"allow":["GET"]}}],"collection":[{"href":"https:\/\/irmak.k12.tr\/middle\/wp-json\/wp\/v2\/pages"}],"about":[{"href":"https:\/\/irmak.k12.tr\/middle\/wp-json\/wp\/v2\/types\/page"}],"author":[{"embeddable":true,"href":"https:\/\/irmak.k12.tr\/middle\/wp-json\/wp\/v2\/users\/3"}],"replies":[{"embeddable":true,"href":"https:\/\/irmak.k12.tr\/middle\/wp-json\/wp\/v2\/comments?post=13257"}],"version-history":[{"count":2,"href":"https:\/\/irmak.k12.tr\/middle\/wp-json\/wp\/v2\/pages\/13257\/revisions"}],"predecessor-version":[{"id":13265,"href":"https:\/\/irmak.k12.tr\/middle\/wp-json\/wp\/v2\/pages\/13257\/revisions\/13265"}],"wp:attachment":[{"href":"https:\/\/irmak.k12.tr\/middle\/wp-json\/wp\/v2\/media?parent=13257"}],"curies":[{"name":"wp","href":"https:\/\/api.w.org\/{rel}","templated":true}]}}