{"id":12882,"date":"2023-12-15T10:50:21","date_gmt":"2023-12-15T07:50:21","guid":{"rendered":"https:\/\/irmak.k12.tr\/middle\/?page_id=12882"},"modified":"2024-02-19T08:36:12","modified_gmt":"2024-02-19T05:36:12","slug":"ib-programlarinin-tarihcesi","status":"publish","type":"page","link":"https:\/\/irmak.k12.tr\/middle\/ib-programlarinin-tarihcesi\/","title":{"rendered":"IB Programlar\u0131n\u0131n Tarih\u00e7esi"},"content":{"rendered":"\r\n<p><span style=\"font-weight: 400;\">\u0130svi\u00e7re\u00b4nin Cenevre kentinde, 1968\u00b4de ticari olmayan bir kurum olarak kurulan <\/span><b><i>\u201cUluslararas\u0131 Bakalorya Sistemi\u201d<\/i><\/b><span style=\"font-weight: 400;\"> \u015fu an d\u00fcnyan\u0131n en \u00f6nde gelen ve kabul g\u00f6ren e\u011fitim sistemlerinden biridir. Uluslararas\u0131 Bakalorya; k\u00fclt\u00fcrler aras\u0131 anlay\u0131\u015f ve sayg\u0131 yoluyla daha iyi ve daha huzurlu bir d\u00fcnya yaratmak isteyen, sorgulayan, bilgili ve duyarl\u0131 gen\u00e7ler yeti\u015ftirmeyi ama\u00e7lar. 3-19 ya\u015flar\u0131 aras\u0131ndakiler i\u00e7in IB uluslararas\u0131 e\u011fitim baremi, akademik ve ki\u015fisel disiplini itibar\u0131yla e\u015fsizdir.<\/span> <span style=\"font-weight: 400;\">IB, okullar\u0131n karakter sahibi ve \u00e7ok y\u00f6nl\u00fc \u00f6\u011frenciler yeti\u015ftirmelerine yard\u0131mc\u0131 olur. Programda yer alan \u201c\u00d6\u011frenmeye Yakla\u015f\u0131m\u201d\u00a0 becerileri ile \u00f6\u011frencilerin zorluklara iyimserlik ve a\u00e7\u0131k g\u00f6r\u00fc\u015fl\u00fcl\u00fckle kar\u015f\u0131l\u0131k veren, kendi kimliklerine g\u00fcven duyan, etik kararlar veren, ortak insanl\u0131k vasf\u0131n\u0131 di\u011ferleriyle birlikte kucaklayan, \u00f6\u011frendiklerini ger\u00e7ek d\u00fcnyada, kar\u0131\u015f\u0131k ve \u00f6ng\u00f6r\u00fclemez durumlarda uygulamaya haz\u0131r bireyler olmalar\u0131 hedeflenmektedir.<\/span><\/p>\r\n<p><span style=\"font-weight: 400;\">IB; g\u00fc\u00e7l\u00fc bir vizyonu payla\u015fan, y\u00fcksek kaliteli uluslararas\u0131 e\u011fitim programlar\u0131 sunar.<\/span><\/p>\r\n<p><b>PYP: Primary Years Programme (\u0130lk Y\u0131llar Program\u0131) 3- 12 Ya\u015f aras\u0131<\/b><\/p>\r\n<p><b>MYP: Middle Years Programme (Orta Y\u0131llar Program\u0131) 11-16 Ya\u015f aras\u0131<\/b><\/p>\r\n<p><b>DP: Diploma Programme (Diploma Program\u0131) 16 -19 Ya\u015f aras\u0131<\/b><\/p>\r\n<p><b>CP: Career-Related Programme (Kariyer Ba\u011flant\u0131l\u0131 Program) 16 -19 Ya\u015f aras\u0131<\/b><\/p>\r\n<p><span style=\"font-weight: 400;\">IB Diploma Program\u0131 (DP); 1968 y\u0131l\u0131nda gen\u00e7lerin, d\u00fcnyam\u0131z\u0131n karma\u015f\u0131kl\u0131klar\u0131n\u0131 daha iyi anlamas\u0131 ve y\u00f6netebilmesini sa\u011flamak, d\u00fcnyam\u0131z\u0131 daha iyi hale getirmek \u00fczere eyleme ge\u00e7mek, onlara gerekli becerileri ve davran\u0131\u015flar\u0131 edindirmek i\u00e7in uluslararas\u0131 bir e\u011fitim sunmak amac\u0131yla kurulmu\u015ftur. B\u00f6yle bir e\u011fitim hem o d\u00f6nemin daha yenilik\u00e7i e\u011fitsel d\u00fc\u015f\u00fcnme yap\u0131s\u0131nda hem de disipliner, k\u00fclt\u00fcrel, ulusal ve co\u011frafi s\u0131n\u0131rlar\u0131 a\u015fan kavram, fikir ve meselelere odaklanan bir e\u011fitim yoluyla d\u00fcnyan\u0131n daha iyi hale getirilece\u011fi inanc\u0131nda temelleniyordu.<\/span><\/p>\r\n<p><span style=\"font-weight: 400;\">1994 y\u0131l\u0131nda Orta Y\u0131llar Program\u0131\u2019n\u0131n (MYP) ve 1997\u2019de \u0130lk Y\u0131llar Program\u0131\u2019n\u0131n (PYP) uygulamaya konmas\u0131yla birlikte IB 3-19 ya\u015f aras\u0131ndaki \u00f6\u011frencilere uluslararas\u0131 e\u011fitim s\u00fcreci sunmu\u015f oldu.<\/span><\/p>\r\n<p><span style=\"font-weight: 400;\">2012 y\u0131l\u0131nda IB Kariyere \u0130li\u015fkin Sertifika\u2019n\u0131n (IBCP) sunulmas\u0131, s\u00fcreci daha da ilerleterek 16-19 ya\u015f aras\u0131ndaki \u00f6\u011frencilerin DP\u2019nin yan\u0131nda se\u00e7ebilece\u011fi uluslararas\u0131 e\u011fitim yollar\u0131 yaratm\u0131\u015ft\u0131r.<\/span><\/p>\r\n<p><span style=\"font-weight: 400;\">Bu yakla\u015f\u0131mla birlikte okulumuz e\u011fitiminin temel hedeflerinden biri, \u00f6\u011frencilerimizin bireysel yeteneklerinin fark\u0131na varmas\u0131na ve onlar\u0131 geli\u015ftirmesine yard\u0131mc\u0131 olacak olanaklar\u0131 sa\u011flamak, okul ortam\u0131ndaki deneyimleri ve g\u00f6zlemleri d\u00fcnyan\u0131n ger\u00e7ekleri ile ili\u015fkilendirmeyi \u00f6\u011fretmektir.<\/span><\/p>\r\n","protected":false},"excerpt":{"rendered":"<p>\u0130svi\u00e7re\u00b4nin Cenevre kentinde, 1968\u00b4de ticari olmayan bir kurum olarak kurulan \u201cUluslararas\u0131 Bakalorya Sistemi\u201d \u015fu an d\u00fcnyan\u0131n en \u00f6nde gelen ve kabul g\u00f6ren e\u011fitim sistemlerinden biridir. Uluslararas\u0131 Bakalorya; k\u00fclt\u00fcrler aras\u0131 anlay\u0131\u015f ve sayg\u0131 yoluyla daha iyi ve daha huzurlu bir d\u00fcnya yaratmak isteyen, sorgulayan, bilgili ve duyarl\u0131 gen\u00e7ler yeti\u015ftirmeyi ama\u00e7lar. 3-19 ya\u015flar\u0131 aras\u0131ndakiler i\u00e7in IB uluslararas\u0131 [&hellip;]<\/p>\n","protected":false},"author":3,"featured_media":0,"parent":0,"menu_order":0,"comment_status":"closed","ping_status":"closed","template":"","meta":{"footnotes":""},"class_list":["post-12882","page","type-page","status-publish","hentry"],"_links":{"self":[{"href":"https:\/\/irmak.k12.tr\/middle\/wp-json\/wp\/v2\/pages\/12882","targetHints":{"allow":["GET"]}}],"collection":[{"href":"https:\/\/irmak.k12.tr\/middle\/wp-json\/wp\/v2\/pages"}],"about":[{"href":"https:\/\/irmak.k12.tr\/middle\/wp-json\/wp\/v2\/types\/page"}],"author":[{"embeddable":true,"href":"https:\/\/irmak.k12.tr\/middle\/wp-json\/wp\/v2\/users\/3"}],"replies":[{"embeddable":true,"href":"https:\/\/irmak.k12.tr\/middle\/wp-json\/wp\/v2\/comments?post=12882"}],"version-history":[{"count":2,"href":"https:\/\/irmak.k12.tr\/middle\/wp-json\/wp\/v2\/pages\/12882\/revisions"}],"predecessor-version":[{"id":13201,"href":"https:\/\/irmak.k12.tr\/middle\/wp-json\/wp\/v2\/pages\/12882\/revisions\/13201"}],"wp:attachment":[{"href":"https:\/\/irmak.k12.tr\/middle\/wp-json\/wp\/v2\/media?parent=12882"}],"curies":[{"name":"wp","href":"https:\/\/api.w.org\/{rel}","templated":true}]}}