{"id":12851,"date":"2023-12-12T09:20:33","date_gmt":"2023-12-12T06:20:33","guid":{"rendered":"https:\/\/irmak.k12.tr\/middle\/?page_id=12851"},"modified":"2025-09-08T09:49:56","modified_gmt":"2025-09-08T06:49:56","slug":"kamplar","status":"publish","type":"page","link":"https:\/\/irmak.k12.tr\/middle\/kamplar\/","title":{"rendered":"Kamplar"},"content":{"rendered":"<p><b>Kayak Kamp\u0131: <\/b><span style=\"font-weight: 400;\">Kayak kamp\u0131; \u00f6\u011frencilere k\u0131\u015f sporlar\u0131 deneyimi kazand\u0131rmak, do\u011fa ile etkile\u015fimde bulunmak, \u00f6\u011frencilerimizin fiziksel aktiviteye olan ilgilerini canland\u0131rmak ve sosyal becerilerini geli\u015ftirmek amac\u0131yla d\u00fczenlenen bir etkinliktir.\u00a0 Kamp\u0131m\u0131zda \u00f6\u011frencilere uzman kayak e\u011fitmenleri e\u015fli\u011finde temel kayak becerilerini kazand\u0131rmak ve<\/span> <span style=\"font-weight: 400;\">bu spor bran\u015f\u0131na yetenekli olan \u00f6\u011frencilerimizin ke\u015ffedilmesi ama\u00e7lan\u0131r.<\/span><\/p>\n<p>&nbsp;<\/p>\n<p><b>\u00c7ad\u0131r Kamp\u0131: <\/b><span style=\"font-weight: 400;\">\u00c7ad\u0131r kamp\u0131; \u00f6\u011frencilere do\u011fayla i\u00e7 i\u00e7e olma, tak\u0131m \u00e7al\u0131\u015fmas\u0131 yapma, a\u00e7\u0131k havada e\u011flenceli bir deneyim ya\u015fama f\u0131rsat\u0131 sunan ve onlar\u0131n hayatta kalma becerilerini geli\u015ftirmeye alan sa\u011flayan bir etkinliktir.\u00a0<\/span><\/p>\n","protected":false},"excerpt":{"rendered":"<p>Kayak Kamp\u0131: Kayak kamp\u0131; \u00f6\u011frencilere k\u0131\u015f sporlar\u0131 deneyimi kazand\u0131rmak, do\u011fa ile etkile\u015fimde bulunmak, \u00f6\u011frencilerimizin fiziksel aktiviteye olan ilgilerini canland\u0131rmak ve sosyal becerilerini geli\u015ftirmek amac\u0131yla d\u00fczenlenen bir etkinliktir.\u00a0 Kamp\u0131m\u0131zda \u00f6\u011frencilere uzman kayak e\u011fitmenleri e\u015fli\u011finde temel kayak becerilerini kazand\u0131rmak ve bu spor bran\u015f\u0131na yetenekli olan \u00f6\u011frencilerimizin ke\u015ffedilmesi ama\u00e7lan\u0131r. &nbsp; \u00c7ad\u0131r Kamp\u0131: \u00c7ad\u0131r kamp\u0131; \u00f6\u011frencilere do\u011fayla i\u00e7 i\u00e7e [&hellip;]<\/p>\n","protected":false},"author":3,"featured_media":0,"parent":0,"menu_order":0,"comment_status":"closed","ping_status":"closed","template":"","meta":{"footnotes":""},"class_list":["post-12851","page","type-page","status-publish","hentry"],"_links":{"self":[{"href":"https:\/\/irmak.k12.tr\/middle\/wp-json\/wp\/v2\/pages\/12851","targetHints":{"allow":["GET"]}}],"collection":[{"href":"https:\/\/irmak.k12.tr\/middle\/wp-json\/wp\/v2\/pages"}],"about":[{"href":"https:\/\/irmak.k12.tr\/middle\/wp-json\/wp\/v2\/types\/page"}],"author":[{"embeddable":true,"href":"https:\/\/irmak.k12.tr\/middle\/wp-json\/wp\/v2\/users\/3"}],"replies":[{"embeddable":true,"href":"https:\/\/irmak.k12.tr\/middle\/wp-json\/wp\/v2\/comments?post=12851"}],"version-history":[{"count":4,"href":"https:\/\/irmak.k12.tr\/middle\/wp-json\/wp\/v2\/pages\/12851\/revisions"}],"predecessor-version":[{"id":13226,"href":"https:\/\/irmak.k12.tr\/middle\/wp-json\/wp\/v2\/pages\/12851\/revisions\/13226"}],"wp:attachment":[{"href":"https:\/\/irmak.k12.tr\/middle\/wp-json\/wp\/v2\/media?parent=12851"}],"curies":[{"name":"wp","href":"https:\/\/api.w.org\/{rel}","templated":true}]}}