{"id":11363,"date":"2023-02-17T16:31:15","date_gmt":"2023-02-17T13:31:15","guid":{"rendered":"https:\/\/irmak.k12.tr\/middle\/?page_id=11363"},"modified":"2024-03-06T14:47:54","modified_gmt":"2024-03-06T11:47:54","slug":"psikolojik-danismanlik-ve-rehberlik-calismalari","status":"publish","type":"page","link":"https:\/\/irmak.k12.tr\/middle\/psikolojik-danismanlik-ve-rehberlik-calismalari\/","title":{"rendered":"Psikolojik Dan\u0131\u015fmanl\u0131k ve Rehberlik \u00c7al\u0131\u015fmalar\u0131"},"content":{"rendered":"\r\n<p><span style=\"font-weight: 400;\">Psikolojik Dan\u0131\u015fma ve Rehberlik B\u00f6l\u00fcm\u00fc; Irmak Okullar\u0131n\u0131n misyonu ve vizyonu do\u011frultusunda \u00f6nleyicilik, destekleyicilik, s\u00fcre\u00e7 odakl\u0131l\u0131k ve geli\u015fimsel rehberlik \u00e7er\u00e7evesinde hizmet verir.<\/span><\/p>\r\n<p><span style=\"font-weight: 400;\">Psikolojik Dan\u0131\u015fma ve Rehberlik Hizmetleri ile \u00f6\u011frencilerimizin; s\u0131n\u0131rlar\u0131n\u0131n fark\u0131nda, sorumluluklar\u0131n\u0131 bilen, \u00e7evresi ile olumlu ili\u015fkiler kurabilen, uyumlu, topluma ve \u00e7evreye duyarl\u0131, problem \u00e7\u00f6zme becerilerini geli\u015ftirebilen, \u00f6\u011frenmeye merakl\u0131, sorgulayan ve d\u00fcnya vatanda\u015f\u0131 bireyler olmalar\u0131na destek verilmesi hedeflenir. Bu hedefler do\u011frultusunda, Psikolojik Dan\u0131\u015fma ve Rehberlik B\u00f6l\u00fcm\u00fc\u2019nde \u00f6\u011frencilerimizin duygusal, sosyal ve akademik\u00a0 geli\u015fimleri takip edilir. Sosyal becerileri geli\u015ftirici bireysel, grup ve s\u0131n\u0131f d\u00fczeyinde \u00e7al\u0131\u015fmalar uygulan\u0131r. Bu \u00e7al\u0131\u015fmalar uygulan\u0131rken \u00f6\u011frencilerin bireysel geli\u015fim h\u0131zlar\u0131 ve farkl\u0131l\u0131klar\u0131 her zaman g\u00f6z \u00f6n\u00fcnde bulundurulur.<\/span><\/p>\r\n<p>&nbsp;<\/p>\r\n<p><strong>\u00d6\u011frencilere Y\u00f6nelik \u00c7al\u0131\u015fmalar<\/strong><\/p>\r\n<p><\/p>\r\n<p><b>Bireysel G\u00f6r\u00fc\u015fmeler<\/b><\/p>\r\n<p><span style=\"font-weight: 400;\">Y\u0131l i\u00e7erisinde \u00f6\u011frencilerle bireysel olarak g\u00f6r\u00fc\u015fmeler yap\u0131l\u0131r. S\u0131n\u0131f g\u00f6zlemi ve saha g\u00f6zlemi yap\u0131larak \u00f6\u011frenciler hem grup i\u00e7erisinde hem de bireysel olarak sosyal, duygusal a\u00e7\u0131dan de\u011ferlendirilir. \u00d6\u011frencilerin ihtiya\u00e7lar\u0131 do\u011frultusunda akademik s\u00fcre\u00e7ler, arkada\u015f ili\u015fkileri, duygusal ve davran\u0131\u015fsal alanlar hakk\u0131nda g\u00f6r\u00fc\u015fmeler ger\u00e7ekle\u015ftirilir.\u00a0<\/span><\/p>\r\n<p><b>Buddy Program\u0131 (Akran Destek Program\u0131)<\/b><\/p>\r\n<p><span style=\"font-weight: 400;\">Buddy Program\u0131, okulumuza yeni kat\u0131lan \u00f6\u011frencilerin Irmak Okullar\u0131n\u0131n akademik ve sosyal ya\u015fam\u0131na uyumlar\u0131n\u0131 kolayla\u015ft\u0131rmak amac\u0131yla geli\u015ftirilmi\u015ftir. Bu programa dahil olan yeni \u00f6\u011frencilerin, ilk haftalardan itibaren akran deste\u011fi ile okul ortam\u0131na uyum sa\u011flamas\u0131 kolayla\u015f\u0131r.\u00a0<\/span><\/p>\r\n<p><b>Ergenlik Program\u0131<\/b><\/p>\r\n<p><span style=\"font-weight: 400;\">T\u00fcm \u00f6\u011frencilerimizle ger\u00e7ekle\u015ftirilen bu \u00e7al\u0131\u015fmalarda ergenlik s\u00fcrecinin duygusal de\u011fi\u015fimleri, beden mahremiyeti, ergenlik d\u00f6neminin fiziksel ve duygusal de\u011fi\u015fimleri, arkada\u015fl\u0131k ili\u015fkileri ve dinamikleri \u00fczerinde durulur.<\/span><\/p>\r\n<p><\/p>\r\n<p>&nbsp;<\/p>\r\n<p><\/p>\r\n<p><strong>Velilere Y\u00f6nelik \u00c7al\u0131\u015fmalar<\/strong><\/p>\r\n<p><b>Bireysel G\u00f6r\u00fc\u015fmeler<\/b><\/p>\r\n<p><span style=\"font-weight: 400;\">Y\u0131l i\u00e7erisinde t\u00fcm velilerimizle birebir g\u00f6r\u00fc\u015f\u00fcl\u00fcr. Bu g\u00f6r\u00fc\u015fmelerde \u00f6\u011frencilerin geli\u015fim \u00f6yk\u00fcleri al\u0131n\u0131r, okul i\u00e7erisinde yap\u0131lan g\u00f6zlemler ve \u00e7al\u0131\u015fmalar de\u011ferlendirilir ve ihtiya\u00e7lar do\u011frultusunda gerekli y\u00f6nlendirmeler yap\u0131l\u0131r.\u00a0<\/span><\/p>\r\n<p><b>Veli B\u00fcltenleri<\/b><\/p>\r\n<p><span style=\"font-weight: 400;\">\u00d6\u011frencilerin geli\u015fim d\u00f6nemlerine uygun olarak \u00e7e\u015fitli konularda ayl\u0131k olarak haz\u0131rlanan bilgilendirici e-b\u00fcltenler velilerimizle payla\u015f\u0131l\u0131r.<\/span><\/p>\r\n<p><b>Veli b\u00fcltenlerimizi dinlemek i\u00e7in <a href=\"https:\/\/open.spotify.com\/show\/3iXeZS6fYSX6QW3bahD7QZ\" target=\"_blank\" rel=\"noopener\">spotify hesab\u0131m\u0131za buradan<\/a> ula\u015fabilirsiniz.<\/b><\/p>\r\n<p><b>Seminer ve Konferanslar<\/b><\/p>\r\n<p><span style=\"font-weight: 400;\">E\u011fitim-\u00f6\u011fretim y\u0131l\u0131 i\u00e7erisinde bireysel g\u00f6r\u00fc\u015fmeler sonras\u0131nda Psikolojik Dan\u0131\u015fma ve Rehberlik B\u00f6l\u00fcm\u00fc\u2019ne yans\u0131yan konular\u0131n yo\u011funlu\u011funa g\u00f6re se\u00e7ilen \u00e7e\u015fitli ba\u015fl\u0131klarda, okul psikolojik dan\u0131\u015fmanlar\u0131 ve alan\u0131nda uzman ki\u015filer taraf\u0131ndan velilerimize y\u00f6nelik seminer ve konferanslar d\u00fczenlenir.<\/span><\/p>\r\n<p><\/p>\r\n","protected":false},"excerpt":{"rendered":"<p>Psikolojik Dan\u0131\u015fma ve Rehberlik B\u00f6l\u00fcm\u00fc; Irmak Okullar\u0131n\u0131n misyonu ve vizyonu do\u011frultusunda \u00f6nleyicilik, destekleyicilik, s\u00fcre\u00e7 odakl\u0131l\u0131k ve geli\u015fimsel rehberlik \u00e7er\u00e7evesinde hizmet verir. Psikolojik Dan\u0131\u015fma ve Rehberlik Hizmetleri ile \u00f6\u011frencilerimizin; s\u0131n\u0131rlar\u0131n\u0131n fark\u0131nda, sorumluluklar\u0131n\u0131 bilen, \u00e7evresi ile olumlu ili\u015fkiler kurabilen, uyumlu, topluma ve \u00e7evreye duyarl\u0131, problem \u00e7\u00f6zme becerilerini geli\u015ftirebilen, \u00f6\u011frenmeye merakl\u0131, sorgulayan ve d\u00fcnya vatanda\u015f\u0131 bireyler olmalar\u0131na destek [&hellip;]<\/p>\n","protected":false},"author":1,"featured_media":0,"parent":0,"menu_order":0,"comment_status":"closed","ping_status":"closed","template":"","meta":{"footnotes":""},"class_list":["post-11363","page","type-page","status-publish","hentry"],"_links":{"self":[{"href":"https:\/\/irmak.k12.tr\/middle\/wp-json\/wp\/v2\/pages\/11363","targetHints":{"allow":["GET"]}}],"collection":[{"href":"https:\/\/irmak.k12.tr\/middle\/wp-json\/wp\/v2\/pages"}],"about":[{"href":"https:\/\/irmak.k12.tr\/middle\/wp-json\/wp\/v2\/types\/page"}],"author":[{"embeddable":true,"href":"https:\/\/irmak.k12.tr\/middle\/wp-json\/wp\/v2\/users\/1"}],"replies":[{"embeddable":true,"href":"https:\/\/irmak.k12.tr\/middle\/wp-json\/wp\/v2\/comments?post=11363"}],"version-history":[{"count":6,"href":"https:\/\/irmak.k12.tr\/middle\/wp-json\/wp\/v2\/pages\/11363\/revisions"}],"predecessor-version":[{"id":13293,"href":"https:\/\/irmak.k12.tr\/middle\/wp-json\/wp\/v2\/pages\/11363\/revisions\/13293"}],"wp:attachment":[{"href":"https:\/\/irmak.k12.tr\/middle\/wp-json\/wp\/v2\/media?parent=11363"}],"curies":[{"name":"wp","href":"https:\/\/api.w.org\/{rel}","templated":true}]}}