{"id":11352,"date":"2023-02-17T16:17:07","date_gmt":"2023-02-17T13:17:07","guid":{"rendered":"https:\/\/irmak.k12.tr\/middle\/?page_id=11352"},"modified":"2024-02-19T09:07:00","modified_gmt":"2024-02-19T06:07:00","slug":"koro-orkestra-ritim-takimi-calismalari","status":"publish","type":"page","link":"https:\/\/irmak.k12.tr\/middle\/koro-orkestra-ritim-takimi-calismalari\/","title":{"rendered":"Koro-Orkestra-Ritim Tak\u0131m\u0131 \u00c7al\u0131\u015fmalar\u0131"},"content":{"rendered":"\r\n<p><span style=\"font-weight: 400;\">Irmak Okul Korosu, Irmak Filarmoni Orkestras\u0131 ve Ritim Tak\u0131m\u0131; \u00f6\u011frencilerin sanatsal yeteneklerinin geli\u015fimine katk\u0131da bulunmak amac\u0131yla etkinlikler baz\u0131nda, okul sonras\u0131 \u00e7al\u0131\u015fmalarla desteklenerek devam etmektedir. Yap\u0131lan \u00e7al\u0131\u015fmalar \u00f6\u011frencilerimizin, estetik bak\u0131\u015f a\u00e7\u0131s\u0131 kazanmalar\u0131na ve k\u00fclt\u00fcr &#8211; sanat alan\u0131ndaki geli\u015fimlerine katk\u0131da bulunurken birlikte \u00e7alma ve s\u00f6yleme, ileti\u015fim ve sosyal becerilerinin geli\u015fimini de desteklemektedir.<\/span><\/p>\r\n<p><span style=\"font-weight: 400;\">\u00d6\u011frencilerimiz t\u00fcm y\u0131l yap\u0131lan t\u00f6ren ve etkinliklerde, farkl\u0131 k\u00fclt\u00fcrlere ve t\u00fcrlere ait m\u00fcziklerden olu\u015fan repertuarlar\u0131n\u0131 sahne \u00fczerinde payla\u015f\u0131r.<\/span><\/p>\r\n","protected":false},"excerpt":{"rendered":"<p>Irmak Okul Korosu, Irmak Filarmoni Orkestras\u0131 ve Ritim Tak\u0131m\u0131; \u00f6\u011frencilerin sanatsal yeteneklerinin geli\u015fimine katk\u0131da bulunmak amac\u0131yla etkinlikler baz\u0131nda, okul sonras\u0131 \u00e7al\u0131\u015fmalarla desteklenerek devam etmektedir. Yap\u0131lan \u00e7al\u0131\u015fmalar \u00f6\u011frencilerimizin, estetik bak\u0131\u015f a\u00e7\u0131s\u0131 kazanmalar\u0131na ve k\u00fclt\u00fcr &#8211; sanat alan\u0131ndaki geli\u015fimlerine katk\u0131da bulunurken birlikte \u00e7alma ve s\u00f6yleme, ileti\u015fim ve sosyal becerilerinin geli\u015fimini de desteklemektedir. \u00d6\u011frencilerimiz t\u00fcm y\u0131l yap\u0131lan t\u00f6ren [&hellip;]<\/p>\n","protected":false},"author":1,"featured_media":0,"parent":0,"menu_order":0,"comment_status":"closed","ping_status":"closed","template":"","meta":{"footnotes":""},"class_list":["post-11352","page","type-page","status-publish","hentry"],"_links":{"self":[{"href":"https:\/\/irmak.k12.tr\/middle\/wp-json\/wp\/v2\/pages\/11352","targetHints":{"allow":["GET"]}}],"collection":[{"href":"https:\/\/irmak.k12.tr\/middle\/wp-json\/wp\/v2\/pages"}],"about":[{"href":"https:\/\/irmak.k12.tr\/middle\/wp-json\/wp\/v2\/types\/page"}],"author":[{"embeddable":true,"href":"https:\/\/irmak.k12.tr\/middle\/wp-json\/wp\/v2\/users\/1"}],"replies":[{"embeddable":true,"href":"https:\/\/irmak.k12.tr\/middle\/wp-json\/wp\/v2\/comments?post=11352"}],"version-history":[{"count":2,"href":"https:\/\/irmak.k12.tr\/middle\/wp-json\/wp\/v2\/pages\/11352\/revisions"}],"predecessor-version":[{"id":13224,"href":"https:\/\/irmak.k12.tr\/middle\/wp-json\/wp\/v2\/pages\/11352\/revisions\/13224"}],"wp:attachment":[{"href":"https:\/\/irmak.k12.tr\/middle\/wp-json\/wp\/v2\/media?parent=11352"}],"curies":[{"name":"wp","href":"https:\/\/api.w.org\/{rel}","templated":true}]}}