{"id":11346,"date":"2023-02-17T15:53:05","date_gmt":"2023-02-17T12:53:05","guid":{"rendered":"https:\/\/irmak.k12.tr\/middle\/?page_id=11346"},"modified":"2024-03-06T13:01:02","modified_gmt":"2024-03-06T10:01:02","slug":"kulup-etkinlikleri","status":"publish","type":"page","link":"https:\/\/irmak.k12.tr\/middle\/kulup-etkinlikleri\/","title":{"rendered":"Kul\u00fcp Etkinlikleri"},"content":{"rendered":"\t\t<div data-elementor-type=\"wp-page\" data-elementor-id=\"11346\" class=\"elementor elementor-11346\">\n\t\t\t\t\t\t<section class=\"elementor-section elementor-top-section elementor-element elementor-element-1cf59741 elementor-section-boxed elementor-section-height-default elementor-section-height-default\" data-id=\"1cf59741\" data-element_type=\"section\" data-e-type=\"section\">\n\t\t\t\t\t\t<div class=\"elementor-container elementor-column-gap-default\">\n\t\t\t\t\t<div class=\"elementor-column elementor-col-100 elementor-top-column elementor-element elementor-element-1f7e3706 column-style-top\" data-id=\"1f7e3706\" data-element_type=\"column\" data-e-type=\"column\">\n\t\t\t<div class=\"elementor-widget-wrap elementor-element-populated\">\n\t\t\t\t\t\t<div class=\"elementor-element elementor-element-7463865f elementor-widget elementor-widget-text-editor\" data-id=\"7463865f\" data-element_type=\"widget\" data-e-type=\"widget\" data-widget_type=\"text-editor.default\">\n\t\t\t\t<div class=\"elementor-widget-container\">\n\t\t\t\t\t\t\t\t\t<p><\/p>\n<p>Irmak Okullar\u0131nda kul\u00fcp etkinlikleri \u00f6\u011frencilerimizin sosyal, duygusal ve akademik alanlarda var olan ya da yeni ke\u015ffedecekleri becerilerini geli\u015ftirme ama\u00e7l\u0131 planlan\u0131r. \u00d6\u011frencilerimize sanat, spor ve k\u00fclt\u00fcr-bilim alanlar\u0131nda kendilerini ifade etme ortam\u0131 yarat\u0131l\u0131r. Kul\u00fcp \u00e7al\u0131\u015fmalar\u0131m\u0131z, e\u011fitim \u00f6\u011fretim y\u0131l\u0131n\u0131n ikinci haftas\u0131 tan\u0131t\u0131m s\u00fcreci ile ba\u015flar. Kul\u00fcp \u00f6\u011fretmenleri taraf\u0131ndan sunumlar yap\u0131larak \u00f6\u011frencilerimize i\u00e7erik hakk\u0131nda bilgi verilir. \u00d6\u011frencilerimiz, kat\u0131lmak istedikleri kul\u00fcb\u00fc belirleyerek kul\u00fcp tercih formunu doldurur. \u00dc\u00e7\u00fcnc\u00fc hafta kul\u00fcplerimiz \u00e7al\u0131\u015fmalar\u0131na ba\u015flar. Y\u0131l sonunda t\u00fcm kul\u00fcpler \u00e7al\u0131\u015fmalar\u0131n\u0131 sunumlarla sergiler. \u00d6\u011frencilerimiz bir sonraki y\u0131l i\u00e7in a\u00e7\u0131lmas\u0131n\u0131 istedikleri kul\u00fcpleri de\u011ferlendirme formlar\u0131yla bildirirler. Yeni kul\u00fcp \u00e7al\u0131\u015fmalar\u0131 bu do\u011frultuda planlanarak \u00f6\u011frencilerin se\u00e7imine sunulur.<br><br>&nbsp;<\/p>\n<p><\/p>\n<p><\/p>\n<p><strong>Ortaokul Kul\u00fcplerimiz<\/strong><br>&nbsp;<\/p>\n<p><\/p>\n<p><\/p>\n<p>BASKETBOL KUL\u00dcB\u00dc<\/p><p>B\u0130S\u0130KLET KUL\u00dcB\u00dc<\/p><p>BRAIN TRAINING CLUB<\/p><p>CANOE CLUB<\/p><p>COOKING CLUB<\/p><p>CREATIVE MINDS<\/p><p>CSI CLUB<\/p><p>DERG\u0130 KUL\u00dcB\u00dc<\/p><p>DRAMATH<\/p><p>EKOLOJ\u0130 VE \u00c7EVRE KORUMA KUL\u00dcB\u00dc<\/p><p>ENGLISH DRAMA<\/p><p>ESKR\u0130M KUL\u00dcB\u00dc<\/p><p>FELSEFE KUL\u00dcB\u00dc<\/p><p>FLL ROBOTICS CLUB<\/p><p>FOTO\u011eRAF SANATI<\/p><p>FUTBOL KUL\u00dcB\u00dc<\/p><p>G\u00dcN\u00dcM\u00dcZ D\u00dcNYA SORUNLARINI TARTI\u015eMA KUL\u00dcB\u00dc<\/p><p>JMUN CLUB<\/p><p>KAYIT TEKNOLOJ\u0130LER\u0130 KUL\u00dcB\u00dc<\/p><p>KICK BOKS<\/p><p>KORO KUL\u00dcB\u00dc<\/p><p>MASA TEN\u0130S\u0130 KUL\u00dcB\u00dc<\/p><p>MATHNASTIC<\/p><p>M\u00dcNAZARA KUL\u00dcB\u00dc<\/p><p>PERK\u00dcSYON KUL\u00dcB\u00dc<\/p><p>RADYO VE SESLEND\u0130RME KUL\u00dcB\u00dc<\/p><p>SERAM\u0130K KUL\u00dcB\u00dc<\/p><p>TAKI TASARIMI<\/p><p>TASARIM KUL\u00dcB\u00dc<\/p><p>TENNIS CLUB<\/p><p>VEX ROBOT\u0130K KUL\u00dcB\u00dc<\/p><p>VOLEYBOL<\/p><p>YARATICI DRAMA VE T\u0130YATRO KUL\u00dcB\u00dc<\/p><p>YELKEN<\/p><div><br><\/div>\n<p><\/p>\t\t\t\t\t\t\t\t<\/div>\n\t\t\t\t<\/div>\n\t\t\t\t\t<\/div>\n\t\t<\/div>\n\t\t\t\t\t<\/div>\n\t\t<\/section>\n\t\t\t\t<\/div>\n\t\t","protected":false},"excerpt":{"rendered":"<p>Irmak Okullar\u0131nda kul\u00fcp etkinlikleri \u00f6\u011frencilerimizin sosyal, duygusal ve akademik alanlarda var olan ya da yeni ke\u015ffedecekleri becerilerini geli\u015ftirme ama\u00e7l\u0131 planlan\u0131r. \u00d6\u011frencilerimize sanat, spor ve k\u00fclt\u00fcr-bilim alanlar\u0131nda kendilerini ifade etme ortam\u0131 yarat\u0131l\u0131r. Kul\u00fcp \u00e7al\u0131\u015fmalar\u0131m\u0131z, e\u011fitim \u00f6\u011fretim y\u0131l\u0131n\u0131n ikinci haftas\u0131 tan\u0131t\u0131m s\u00fcreci ile ba\u015flar. Kul\u00fcp \u00f6\u011fretmenleri taraf\u0131ndan sunumlar yap\u0131larak \u00f6\u011frencilerimize i\u00e7erik hakk\u0131nda bilgi verilir. \u00d6\u011frencilerimiz, kat\u0131lmak istedikleri [&hellip;]<\/p>\n","protected":false},"author":1,"featured_media":0,"parent":0,"menu_order":0,"comment_status":"closed","ping_status":"closed","template":"","meta":{"footnotes":""},"class_list":["post-11346","page","type-page","status-publish","hentry"],"_links":{"self":[{"href":"https:\/\/irmak.k12.tr\/middle\/wp-json\/wp\/v2\/pages\/11346","targetHints":{"allow":["GET"]}}],"collection":[{"href":"https:\/\/irmak.k12.tr\/middle\/wp-json\/wp\/v2\/pages"}],"about":[{"href":"https:\/\/irmak.k12.tr\/middle\/wp-json\/wp\/v2\/types\/page"}],"author":[{"embeddable":true,"href":"https:\/\/irmak.k12.tr\/middle\/wp-json\/wp\/v2\/users\/1"}],"replies":[{"embeddable":true,"href":"https:\/\/irmak.k12.tr\/middle\/wp-json\/wp\/v2\/comments?post=11346"}],"version-history":[{"count":1,"href":"https:\/\/irmak.k12.tr\/middle\/wp-json\/wp\/v2\/pages\/11346\/revisions"}],"predecessor-version":[{"id":13361,"href":"https:\/\/irmak.k12.tr\/middle\/wp-json\/wp\/v2\/pages\/11346\/revisions\/13361"}],"wp:attachment":[{"href":"https:\/\/irmak.k12.tr\/middle\/wp-json\/wp\/v2\/media?parent=11346"}],"curies":[{"name":"wp","href":"https:\/\/api.w.org\/{rel}","templated":true}]}}