{"id":11274,"date":"2023-02-16T17:35:27","date_gmt":"2023-02-16T14:35:27","guid":{"rendered":"https:\/\/irmak.k12.tr\/middle\/?page_id=11274"},"modified":"2024-02-29T10:09:25","modified_gmt":"2024-02-29T07:09:25","slug":"beden-egitimi","status":"publish","type":"page","link":"https:\/\/irmak.k12.tr\/middle\/beden-egitimi\/","title":{"rendered":"Beden E\u011fitimi"},"content":{"rendered":"\r\n<p><span style=\"font-weight: 400;\">Irmak Okullar\u0131nda beden e\u011fitimi dersinde fiziksel ve ruhsal bak\u0131mdan sa\u011fl\u0131kl\u0131, karma\u015f\u0131k durumlara \u00e7\u00f6z\u00fcmsel yakla\u015fabilen, kolektif \u00e7al\u0131\u015fan, analitik d\u00fc\u015f\u00fcnen, sosyal ya\u015famlar\u0131nda farkl\u0131l\u0131klara sayg\u0131 g\u00f6steren, empati ve sempati kavramlar\u0131n\u0131 \u00f6z\u00fcmsemi\u015f, kazanmay\u0131 kutlayan, kaybetmeyi kabullenen, bedenen ve ruhen sa\u011flam karakterli \u00f6\u011frenciler yeti\u015ftirmek as\u0131l ama\u00e7lar\u0131m\u0131z\u0131 olu\u015fturur.\u00a0<\/span><\/p>\r\n<p><span style=\"font-weight: 400;\">Irmak \u00f6\u011frencisinin a\u015fa\u011f\u0131daki kazan\u0131mlar\u0131 elde ederek ortaokuldan mezun olmas\u0131 ama\u00e7lan\u0131r:<\/span><\/p>\r\n<ul>\r\n<li style=\"font-weight: 400;\" aria-level=\"1\"><span style=\"font-weight: 400;\">Sa\u011fl\u0131kl\u0131 ya\u015fam becerisi kazanma,<\/span><\/li>\r\n<li style=\"font-weight: 400;\" aria-level=\"1\"><span style=\"font-weight: 400;\">Bedenini kontrol etme ve mek\u00e2nsal alg\u0131 geli\u015ftirme,<\/span><\/li>\r\n<li style=\"font-weight: 400;\" aria-level=\"1\"><span style=\"font-weight: 400;\">Sportif etkinliklere aktif kat\u0131lma,<\/span><\/li>\r\n<li style=\"font-weight: 400;\" aria-level=\"1\"><span style=\"font-weight: 400;\">Oyun oynama yetisi kazanma,<\/span><\/li>\r\n<li style=\"font-weight: 400;\" aria-level=\"1\"><span style=\"font-weight: 400;\">Yeteneklerini ke\u015ffetme\u00a0 ve geli\u015ftirme,<\/span><\/li>\r\n<li style=\"font-weight: 400;\" aria-level=\"1\"><span style=\"font-weight: 400;\">\u00c7e\u015fitli fiziksel etkinliklerle yeni beceriler kazanma ve deneyim elde etme,<\/span><\/li>\r\n<li style=\"font-weight: 400;\" aria-level=\"1\"><span style=\"font-weight: 400;\">Bir tak\u0131m\u0131n ya da grubun par\u00e7as\u0131 olabilmek i\u00e7in i\u015f birlik\u00e7i davran\u0131\u015flar geli\u015ftirme,<\/span><\/li>\r\n<li style=\"font-weight: 400;\" aria-level=\"1\"><span style=\"font-weight: 400;\">Fiziksel etkinliklerde bulunurken uygun g\u00fcvenlik \u00f6nlemlerini alma.<\/span><\/li>\r\n<\/ul>\r\n<p><span style=\"font-weight: 400;\">Irmak Okullar\u0131nda beden e\u011fitimi dersleri, ulusal ve uluslararas\u0131 m\u00fcfredatlarla zenginle\u015ftirilmi\u015f dikey planlamalar do\u011frultusunda \u00f6\u011frencilerimizin ya\u015fam becerilerini geli\u015ftirmek amac\u0131yla yap\u0131land\u0131r\u0131l\u0131r. Beden e\u011fitimi dersleri, do\u011fas\u0131 gere\u011fi farkl\u0131 disiplinlerin kazan\u0131mlar\u0131n\u0131 peki\u015ftirmede \u00f6\u011frencilerimize olanak sa\u011flar. Program\u0131m\u0131z K-12 d\u00fczeyinde yap\u0131land\u0131r\u0131larak \u00f6\u011frencilerimizin fiziksel, bili\u015fsel ve duygusal geli\u015fimine katk\u0131da bulunmay\u0131 ve onlar\u0131n ya\u015fam boyu fiziksel etkinliklere kat\u0131l\u0131m\u0131n\u0131 sa\u011flamay\u0131 hedefler. Irmak Okullar\u0131ndan mezun olan her \u00f6\u011frenci spesifik olarak \u201cTenis\u201d sporu ile tan\u0131\u015f\u0131r ve di\u011fer t\u00fcm spor bran\u015flar\u0131 hakk\u0131nda donan\u0131ml\u0131 bir k\u00fclt\u00fcre sahip olur.<\/span><\/p>\r\n","protected":false},"excerpt":{"rendered":"<p>Irmak Okullar\u0131nda beden e\u011fitimi dersinde fiziksel ve ruhsal bak\u0131mdan sa\u011fl\u0131kl\u0131, karma\u015f\u0131k durumlara \u00e7\u00f6z\u00fcmsel yakla\u015fabilen, kolektif \u00e7al\u0131\u015fan, analitik d\u00fc\u015f\u00fcnen, sosyal ya\u015famlar\u0131nda farkl\u0131l\u0131klara sayg\u0131 g\u00f6steren, empati ve sempati kavramlar\u0131n\u0131 \u00f6z\u00fcmsemi\u015f, kazanmay\u0131 kutlayan, kaybetmeyi kabullenen, bedenen ve ruhen sa\u011flam karakterli \u00f6\u011frenciler yeti\u015ftirmek as\u0131l ama\u00e7lar\u0131m\u0131z\u0131 olu\u015fturur.\u00a0 Irmak \u00f6\u011frencisinin a\u015fa\u011f\u0131daki kazan\u0131mlar\u0131 elde ederek ortaokuldan mezun olmas\u0131 ama\u00e7lan\u0131r: Sa\u011fl\u0131kl\u0131 ya\u015fam becerisi [&hellip;]<\/p>\n","protected":false},"author":1,"featured_media":0,"parent":0,"menu_order":0,"comment_status":"closed","ping_status":"closed","template":"","meta":{"footnotes":""},"class_list":["post-11274","page","type-page","status-publish","hentry"],"_links":{"self":[{"href":"https:\/\/irmak.k12.tr\/middle\/wp-json\/wp\/v2\/pages\/11274","targetHints":{"allow":["GET"]}}],"collection":[{"href":"https:\/\/irmak.k12.tr\/middle\/wp-json\/wp\/v2\/pages"}],"about":[{"href":"https:\/\/irmak.k12.tr\/middle\/wp-json\/wp\/v2\/types\/page"}],"author":[{"embeddable":true,"href":"https:\/\/irmak.k12.tr\/middle\/wp-json\/wp\/v2\/users\/1"}],"replies":[{"embeddable":true,"href":"https:\/\/irmak.k12.tr\/middle\/wp-json\/wp\/v2\/comments?post=11274"}],"version-history":[{"count":1,"href":"https:\/\/irmak.k12.tr\/middle\/wp-json\/wp\/v2\/pages\/11274\/revisions"}],"predecessor-version":[{"id":13213,"href":"https:\/\/irmak.k12.tr\/middle\/wp-json\/wp\/v2\/pages\/11274\/revisions\/13213"}],"wp:attachment":[{"href":"https:\/\/irmak.k12.tr\/middle\/wp-json\/wp\/v2\/media?parent=11274"}],"curies":[{"name":"wp","href":"https:\/\/api.w.org\/{rel}","templated":true}]}}