{"id":11272,"date":"2023-02-16T17:31:52","date_gmt":"2023-02-16T14:31:52","guid":{"rendered":"https:\/\/irmak.k12.tr\/middle\/?page_id=11272"},"modified":"2024-02-19T08:49:50","modified_gmt":"2024-02-19T05:49:50","slug":"muzik-ve-enstruman-egitimi","status":"publish","type":"page","link":"https:\/\/irmak.k12.tr\/middle\/muzik-ve-enstruman-egitimi\/","title":{"rendered":"M\u00fczik ve Enstr\u00fcman E\u011fitimi"},"content":{"rendered":"<p><span style=\"font-weight: 400;\">\u201c\u0130yi bir m\u00fczik e\u011fitimi alan ve m\u00fczi\u011fi seven \u00e7ocuk; ya\u015fam\u0131 sever, estetik zenginli\u011fi ile fark yarat\u0131r.\u201d d\u00fc\u015f\u00fcncesiyle \u00f6\u011frencilerimize ilgi ve yetenekleri do\u011frultusunda becerilerini geli\u015ftirerek m\u00fczi\u011fi hayatlar\u0131na katmay\u0131 \u00f6\u011fretmek,\u00a0 duygu ve d\u00fc\u015f\u00fcncelerini ifade etmede evrensel bir dil olan m\u00fczi\u011fi kullanarak farkl\u0131 k\u00fclt\u00fcrlerle ileti\u015fim kurmalar\u0131n\u0131 sa\u011flamak temel amac\u0131m\u0131zd\u0131r.<\/span><\/p>\n<p><span style=\"font-weight: 400;\">Irmak Okullar\u0131nda; \u00f6\u011frencilerimize m\u00fczi\u011fi ve m\u00fczik bilimini \u00f6\u011fretmek, \u00f6\u011frencilerimizi ilgi ve yetenekleri do\u011frultusunda geli\u015ftirmek ve m\u00fczik yoluyla \u00f6\u011frenmekten keyif alan bireyler yeti\u015ftirmek ba\u015fl\u0131ca hedeflerimizden biridir.\u00a0<\/span><\/p>\n<p><span style=\"font-weight: 400;\">Irmak Okullar\u0131 m\u00fczik e\u011fitimi ama\u00e7lar\u0131n\u0131 \u015fu \u015fekilde s\u0131ralayabiliriz:<\/span><\/p>\n<ul>\n<li style=\"font-weight: 400;\" aria-level=\"1\"><span style=\"font-weight: 400;\">\u00d6\u011frencilerin m\u00fczi\u011fin evrensel bir dil oldu\u011funu anlamalar\u0131n\u0131 sa\u011flamak,<\/span><\/li>\n<li style=\"font-weight: 400;\" aria-level=\"1\"><span style=\"font-weight: 400;\">M\u00fczi\u011fi ve m\u00fczik dilini merak eden bireyler yeti\u015ftirmek,<\/span><\/li>\n<li style=\"font-weight: 400;\" aria-level=\"1\"><span style=\"font-weight: 400;\">\u00d6\u011frencilerin k\u00fclt\u00fcrler aras\u0131 ileti\u015fimde m\u00fczi\u011fin rol\u00fcn\u00fc ve \u00f6nemini fark etmelerini sa\u011flamak,<\/span><\/li>\n<li style=\"font-weight: 400;\" aria-level=\"1\"><span style=\"font-weight: 400;\">Bilgi okuryazarl\u0131\u011f\u0131 becerilerine sahip, \u00fcretken bireyler yeti\u015ftirmek,<\/span><\/li>\n<li style=\"font-weight: 400;\" aria-level=\"1\"><span style=\"font-weight: 400;\">\u00d6\u011frencilerin yeni teknolojileri kullanarak i\u00e7erik \u00fcretebilmesine olanak sa\u011flamak,<\/span><\/li>\n<li style=\"font-weight: 400;\" aria-level=\"1\"><span style=\"font-weight: 400;\">\u0130lgi ve yetenekleri do\u011frultusunda \u00f6\u011frencileri yeti\u015ftirmek ve geli\u015ftirmek,<\/span><\/li>\n<li style=\"font-weight: 400;\" aria-level=\"1\"><span style=\"font-weight: 400;\">Ele\u015ftirel bir be\u011feni geli\u015ftirmek,<\/span><\/li>\n<li style=\"font-weight: 400;\" aria-level=\"1\"><span style=\"font-weight: 400;\">Kulak, ses ve \u00e7alg\u0131 e\u011fitimi ile genel ve \u00f6zel m\u00fczik yetene\u011fini ke\u015ffetmek, ortaya \u00e7\u0131karmak ve i\u015flemektir.<\/span><\/li>\n<\/ul>\n<p><span style=\"font-weight: 400;\">Okulumuzun vizyonu do\u011frultusunda \u201cbilgi ve yeteneklerini kullanan bireyler\u201d yeti\u015ftirmek b\u00f6l\u00fcm olarak temel hedefimizdir. Bu ba\u011flamda Irmak Okullar\u0131 m\u00fczik b\u00f6l\u00fcm\u00fc olarak anaokulundan lise e\u011fitimine kadar \u00f6\u011frencilerimizin \u00f6ncelikli olarak iyi bir m\u00fczik dinleyicisi olmas\u0131n\u0131, okulumuzun sanat anlay\u0131\u015f\u0131 do\u011frultusunda \u00f6\u011frencilerimizin m\u00fczik derslerinde alm\u0131\u015f olduklar\u0131 e\u011fitim ve edindikleri donan\u0131mla m\u00fczik be\u011fenisi ve enstr\u00fcman becerisi kazanmalar\u0131n\u0131 \u00f6nemsemekteyiz.<\/span><\/p>\n<p><b>ENSTR\u00dcMAN BRAN\u015e E\u011e\u0130T\u0130M\u0130<\/b><\/p>\n<p><span style=\"font-weight: 400;\">Irmak Okullar\u0131 olarak m\u00fczik e\u011fitiminde inand\u0131\u011f\u0131m\u0131z ve destekledi\u011fimiz<\/span><b> \u201cHer \u00f6\u011frenci bir enstr\u00fcman \u00e7almal\u0131d\u0131r ve Irmak Okullar\u0131ndan mezun olan her \u00f6\u011frenci en az bir enstr\u00fcman \u00e7alabilir.\u201d <\/b><span style=\"font-weight: 400;\">ilkesinden yola \u00e7\u0131karak d\u00f6rt enstr\u00fcmanla (keman, yan fl\u00fct, gitar ve \u00e7ello) enstr\u00fcman e\u011fitimi ger\u00e7ekle\u015ftirilmektedir. Bran\u015f e\u011fitiminde amac\u0131m\u0131z; \u00f6\u011frencilerimizin enstr\u00fcman bilgilerini art\u0131rmak, m\u00fczik yoluyla duygu ve d\u00fc\u015f\u00fcncelerini \u00f6\u011frenmi\u015f olduklar\u0131 enstr\u00fcmanla ifade edebilmelerini sa\u011flamak ve farkl\u0131 sosyal alanlarda bireysel olarak veya m\u00fczikal gruplara kat\u0131larak bilgi ve becerilerini payla\u015fmalar\u0131n\u0131 sa\u011flamakt\u0131r. Orkestra \u00e7al\u0131\u015fmalar\u0131 ile \u00f6\u011frencilerimizin m\u00fczik, estetik, k\u00fclt\u00fcr ve sanat alan\u0131ndaki yeteneklerinin geli\u015fmesine katk\u0131da bulunulurken birlikte ve bireysel olarak enstr\u00fcman \u00e7alma seviyelerinin de geli\u015ftirilmesi ama\u00e7lanmaktad\u0131r. \u00d6\u011frencilerimiz; y\u0131l boyunca yap\u0131lan t\u00f6ren ve etkinliklerde farkl\u0131 t\u00fcrlere ait m\u00fcziklerden olu\u015fan repertuarlar\u0131n\u0131, sahnede izleyicilerle payla\u015f\u0131r.<\/span><\/p>\n","protected":false},"excerpt":{"rendered":"<p>\u201c\u0130yi bir m\u00fczik e\u011fitimi alan ve m\u00fczi\u011fi seven \u00e7ocuk; ya\u015fam\u0131 sever, estetik zenginli\u011fi ile fark yarat\u0131r.\u201d d\u00fc\u015f\u00fcncesiyle \u00f6\u011frencilerimize ilgi ve yetenekleri do\u011frultusunda becerilerini geli\u015ftirerek m\u00fczi\u011fi hayatlar\u0131na katmay\u0131 \u00f6\u011fretmek,\u00a0 duygu ve d\u00fc\u015f\u00fcncelerini ifade etmede evrensel bir dil olan m\u00fczi\u011fi kullanarak farkl\u0131 k\u00fclt\u00fcrlerle ileti\u015fim kurmalar\u0131n\u0131 sa\u011flamak temel amac\u0131m\u0131zd\u0131r. Irmak Okullar\u0131nda; \u00f6\u011frencilerimize m\u00fczi\u011fi ve m\u00fczik bilimini \u00f6\u011fretmek, \u00f6\u011frencilerimizi [&hellip;]<\/p>\n","protected":false},"author":1,"featured_media":0,"parent":0,"menu_order":0,"comment_status":"closed","ping_status":"closed","template":"","meta":{"footnotes":""},"class_list":["post-11272","page","type-page","status-publish","hentry"],"_links":{"self":[{"href":"https:\/\/irmak.k12.tr\/middle\/wp-json\/wp\/v2\/pages\/11272","targetHints":{"allow":["GET"]}}],"collection":[{"href":"https:\/\/irmak.k12.tr\/middle\/wp-json\/wp\/v2\/pages"}],"about":[{"href":"https:\/\/irmak.k12.tr\/middle\/wp-json\/wp\/v2\/types\/page"}],"author":[{"embeddable":true,"href":"https:\/\/irmak.k12.tr\/middle\/wp-json\/wp\/v2\/users\/1"}],"replies":[{"embeddable":true,"href":"https:\/\/irmak.k12.tr\/middle\/wp-json\/wp\/v2\/comments?post=11272"}],"version-history":[{"count":2,"href":"https:\/\/irmak.k12.tr\/middle\/wp-json\/wp\/v2\/pages\/11272\/revisions"}],"predecessor-version":[{"id":13212,"href":"https:\/\/irmak.k12.tr\/middle\/wp-json\/wp\/v2\/pages\/11272\/revisions\/13212"}],"wp:attachment":[{"href":"https:\/\/irmak.k12.tr\/middle\/wp-json\/wp\/v2\/media?parent=11272"}],"curies":[{"name":"wp","href":"https:\/\/api.w.org\/{rel}","templated":true}]}}