{"id":11253,"date":"2023-02-16T15:09:47","date_gmt":"2023-02-16T12:09:47","guid":{"rendered":"https:\/\/irmak.k12.tr\/middle\/?page_id=11253"},"modified":"2024-02-19T08:40:48","modified_gmt":"2024-02-19T05:40:48","slug":"matematik","status":"publish","type":"page","link":"https:\/\/irmak.k12.tr\/middle\/matematik\/","title":{"rendered":"Matematik"},"content":{"rendered":"\r\n<p><span style=\"font-weight: 400;\">Irmak Ortaokulunda matematik matematik m\u00fcfredat\u0131;\u00a0 Uluslararas\u0131 Bakalorya (IB) program\u0131n\u0131n ilkeleriyle b\u00fct\u00fcnle\u015ftirilerek kavram ve sorgulama temelli i\u015flenir. \u00d6\u011frencilerimizin, \u00fcnite boyunca matematiksel ke\u015fif ve sorgulama \u00e7al\u0131\u015fmalar\u0131 yaparak sosyal becerilerini geli\u015ftirmesi ama\u00e7lan\u0131r. Derslerde bireysel farkl\u0131l\u0131klar dikkate al\u0131n\u0131r ve farkl\u0131 \u00f6\u011frenme tarzlar\u0131na y\u00f6nelik stratejiler geli\u015ftirilir. Teknoloji kullan\u0131m\u0131, s\u0131n\u0131f i\u00e7i ve s\u0131n\u0131f d\u0131\u015f\u0131 \u00f6\u011frenme ortamlar\u0131 ile \u00f6\u011frencilerin \u00f6\u011frenmeleri desteklenir. G\u00fcnl\u00fck ya\u015fam \u00f6rneklerinden yola \u00e7\u0131k\u0131larak matemati\u011fin hayat\u0131n i\u00e7indeki bir ger\u00e7eklik oldu\u011fu vurgulan\u0131r. Bu ba\u011flam gerek s\u0131n\u0131f i\u00e7i etkinlikler ve alan gezileri gerekse disiplinler aras\u0131 \u00e7al\u0131\u015fmalar ile g\u00fc\u00e7lendirilir.\u00a0<\/span><\/p>\r\n<p><span style=\"font-weight: 400;\">B\u00f6l\u00fcm hedeflerimiz:<\/span><\/p>\r\n<ul>\r\n<li style=\"font-weight: 400;\" aria-level=\"1\"><span style=\"font-weight: 400;\">\u00d6\u011frencilerin matemati\u011fe kar\u015f\u0131 olumlu tutum geli\u015ftirmesini sa\u011flamak,<\/span><\/li>\r\n<li style=\"font-weight: 400;\" aria-level=\"1\"><span style=\"font-weight: 400;\">\u00d6\u011frencilere g\u00fcnl\u00fck hayatlar\u0131nda kar\u015f\u0131la\u015ft\u0131klar\u0131 veya kar\u015f\u0131la\u015facaklar\u0131 olaylar\u0131 analiz etme, modelleme ve yorumlama i\u00e7in gerekli matematiksel becerileri kazand\u0131rmak,<\/span><\/li>\r\n<li style=\"font-weight: 400;\" aria-level=\"1\"><span style=\"font-weight: 400;\">\u00d6\u011frencilerin matematik dilini bilmelerini ve do\u011fru kullanmalar\u0131n\u0131 sa\u011flamak,<\/span><\/li>\r\n<li style=\"font-weight: 400;\" aria-level=\"1\"><span style=\"font-weight: 400;\">\u00d6\u011frencilerin ara\u015ft\u0131rma yapma, bilgi \u00fcretme ve kullanma becerilerini geli\u015ftirmek,<\/span><\/li>\r\n<li style=\"font-weight: 400;\" aria-level=\"1\"><span style=\"font-weight: 400;\">\u00d6\u011frencilerin farkl\u0131 bak\u0131\u015f a\u00e7\u0131lar\u0131 ile ele\u015ftirel ve yarat\u0131c\u0131 d\u00fc\u015f\u00fcnmelerine alan sa\u011flamak,<\/span><\/li>\r\n<li style=\"font-weight: 400;\" aria-level=\"1\"><span style=\"font-weight: 400;\">Farkl\u0131la\u015ft\u0131r\u0131lm\u0131\u015f \u00f6\u011fretim y\u00f6ntem ve tekniklerini kullanmak,<\/span><\/li>\r\n<li style=\"font-weight: 400;\" aria-level=\"1\"><span style=\"font-weight: 400;\">Disiplinler aras\u0131 \u00e7al\u0131\u015fmalar ile matemati\u011fi ba\u015fka alanlar ile ili\u015fkilendirmelerini sa\u011flamakt\u0131r.<\/span><\/li>\r\n<\/ul>\r\n<p><span style=\"font-weight: 400;\">Matematik B\u00f6l\u00fcm\u00fc;\u00a0 \u201cUrfodu (Uluslararas\u0131 Bilim Temelli Yar\u0131\u015fma), Caribou Contest, Gauss Matematik Yar\u0131\u015fmas\u0131, Tales Matematik Yar\u0131\u015fmas\u0131, Mathletics, Purple Comet, The Hardest Math Problem, T\u00fcbitak Proje Yar\u0131\u015fmalar\u0131\u201d gibi ulusal ve uluslararas\u0131 s\u0131navlara, \u00e7e\u015fitli projelere ve yar\u0131\u015fmalara \u00f6\u011frencilerin kat\u0131l\u0131m\u0131n\u0131 te\u015fvik etmekte ve bu kapsamda\u00a0 \u00e7al\u0131\u015fmalar y\u00fcr\u00fctmektedir.<\/span><\/p>\r\n","protected":false},"excerpt":{"rendered":"<p>Irmak Ortaokulunda matematik matematik m\u00fcfredat\u0131;\u00a0 Uluslararas\u0131 Bakalorya (IB) program\u0131n\u0131n ilkeleriyle b\u00fct\u00fcnle\u015ftirilerek kavram ve sorgulama temelli i\u015flenir. \u00d6\u011frencilerimizin, \u00fcnite boyunca matematiksel ke\u015fif ve sorgulama \u00e7al\u0131\u015fmalar\u0131 yaparak sosyal becerilerini geli\u015ftirmesi ama\u00e7lan\u0131r. Derslerde bireysel farkl\u0131l\u0131klar dikkate al\u0131n\u0131r ve farkl\u0131 \u00f6\u011frenme tarzlar\u0131na y\u00f6nelik stratejiler geli\u015ftirilir. Teknoloji kullan\u0131m\u0131, s\u0131n\u0131f i\u00e7i ve s\u0131n\u0131f d\u0131\u015f\u0131 \u00f6\u011frenme ortamlar\u0131 ile \u00f6\u011frencilerin \u00f6\u011frenmeleri desteklenir. G\u00fcnl\u00fck [&hellip;]<\/p>\n","protected":false},"author":1,"featured_media":0,"parent":0,"menu_order":0,"comment_status":"closed","ping_status":"closed","template":"","meta":{"footnotes":""},"class_list":["post-11253","page","type-page","status-publish","hentry"],"_links":{"self":[{"href":"https:\/\/irmak.k12.tr\/middle\/wp-json\/wp\/v2\/pages\/11253","targetHints":{"allow":["GET"]}}],"collection":[{"href":"https:\/\/irmak.k12.tr\/middle\/wp-json\/wp\/v2\/pages"}],"about":[{"href":"https:\/\/irmak.k12.tr\/middle\/wp-json\/wp\/v2\/types\/page"}],"author":[{"embeddable":true,"href":"https:\/\/irmak.k12.tr\/middle\/wp-json\/wp\/v2\/users\/1"}],"replies":[{"embeddable":true,"href":"https:\/\/irmak.k12.tr\/middle\/wp-json\/wp\/v2\/comments?post=11253"}],"version-history":[{"count":1,"href":"https:\/\/irmak.k12.tr\/middle\/wp-json\/wp\/v2\/pages\/11253\/revisions"}],"predecessor-version":[{"id":13204,"href":"https:\/\/irmak.k12.tr\/middle\/wp-json\/wp\/v2\/pages\/11253\/revisions\/13204"}],"wp:attachment":[{"href":"https:\/\/irmak.k12.tr\/middle\/wp-json\/wp\/v2\/media?parent=11253"}],"curies":[{"name":"wp","href":"https:\/\/api.w.org\/{rel}","templated":true}]}}