{"id":11678,"date":"2023-02-21T16:50:24","date_gmt":"2023-02-21T13:50:24","guid":{"rendered":"https:\/\/irmak.k12.tr\/kindergarten\/?page_id=11678"},"modified":"2023-03-08T12:10:44","modified_gmt":"2023-03-08T09:10:44","slug":"ib-hakkinda","status":"publish","type":"page","link":"https:\/\/irmak.k12.tr\/kindergarten\/ib-hakkinda\/","title":{"rendered":"IB Hakk\u0131nda"},"content":{"rendered":"<div class=\"wpb-content-wrapper\"><p>[vc_row][vc_column][vc_column_text]<\/p>\r\n<p><a href=\"https:\/\/irmak.k12.tr\/kindergarten\/wp-content\/uploads\/2023\/02\/irmak_pyp_veli_kitapcigi.pdf\" target=\"_blank\" rel=\"noreferrer noopener\">Irmak PYP Veli Kitap\u00e7\u0131\u011f\u0131<\/a><\/p>\r\n\r\n<p><a href=\"https:\/\/irmak.k12.tr\/kindergarten\/wp-content\/uploads\/2023\/02\/ib-daha-iyi-bir-dunya-icin-ib-programlari.pdf\" target=\"_blank\" rel=\"noreferrer noopener\">Daha \u0130yi Bir D\u00fcnya \u0130\u00e7in IB Programlar\u0131<\/a><\/p>\r\n\r\n<p><a href=\"https:\/\/irmak.k12.tr\/kindergarten\/wp-content\/uploads\/2023\/02\/ib-ilk-yillar-programi-pyp.pdf\" target=\"_blank\" rel=\"noreferrer noopener\">IB \u0130lk Y\u0131llar Program\u0131 PYP<\/a><\/p>\r\n\r\n<p><a href=\"https:\/\/irmak.k12.tr\/kindergarten\/wp-content\/uploads\/2023\/02\/ib-programlari-arastirma-bulgulari.pdf\" target=\"_blank\" rel=\"noreferrer noopener\">IB Programlar\u0131 Ara\u015ft\u0131rma Bulgular\u0131<\/a><\/p>\r\n\r\n<p><a href=\"https:\/\/irmak.k12.tr\/kindergarten\/wp-content\/uploads\/2023\/02\/ib-uluslararasi-egitim-baremi.pdf\" target=\"_blank\" rel=\"noreferrer noopener\">IB Uluslararas\u0131 E\u011fitim Baremi<\/a><\/p>\r\n\r\n<p>[\/vc_column_text][vc_video link=&#8221;https:\/\/vimeo.com\/66630621\/c0dd7b8b4e?embedded=true&amp;source=video_title&amp;owner=10708324&#8243;][vc_video link=&#8221;https:\/\/vimeo.com\/92725628?embedded=true&amp;source=video_title&amp;owner=10708324&#8243;][vc_column_text]<\/p>\r\n<ul>\r\n<li><a href=\"https:\/\/irmak.k12.tr\/kindergarten\/ogrenen-profili-ozellikleri\/\">\u00d6\u011frenen Profili \u00d6zellikleri<\/a><\/li>\r\n<li><a href=\"https:\/\/irmak.k12.tr\/kindergarten\/ogrenme-yaklasimlari-atl\/\">\u00d6\u011frenme Yakla\u015f\u0131mlar\u0131 (ATL)<\/a><\/li>\r\n<li><a href=\"https:\/\/irmak.k12.tr\/kindergarten\/kavramlar\/\">Kavramlar<\/a><\/li>\r\n<li><a href=\"https:\/\/irmak.k12.tr\/kindergarten\/irmak-sorgulama-programi\/\">Irmak Sorgulama Program\u0131<\/a><\/li>\r\n<li><a href=\"https:\/\/irmak.k12.tr\/kindergarten\/pyp-sergisi\/\">PYP Sergisi<\/a><\/li>\r\n<li><a href=\"https:\/\/irmak.k12.tr\/kindergarten\/uluslararasi-bakis-acisi\/\">Uluslararas\u0131 Bak\u0131\u015f A\u00e7\u0131s\u0131<\/a><\/li>\r\n<li><a href=\"https:\/\/irmak.k12.tr\/kindergarten\/ib-hakkinda\/\">IB Hakk\u0131nda<\/a><\/li>\r\n<\/ul>\r\n<p>[\/vc_column_text][\/vc_column][\/vc_row]<\/p><\/div>","protected":false},"excerpt":{"rendered":"<p>[vc_row][vc_column][vc_column_text] Irmak PYP Veli Kitap\u00e7\u0131\u011f\u0131 Daha \u0130yi Bir D\u00fcnya \u0130\u00e7in IB Programlar\u0131 IB \u0130lk Y\u0131llar Program\u0131 PYP IB Programlar\u0131 Ara\u015ft\u0131rma Bulgular\u0131 IB Uluslararas\u0131 E\u011fitim Baremi [\/vc_column_text][vc_video link=&#8221;https:\/\/vimeo.com\/66630621\/c0dd7b8b4e?embedded=true&amp;source=video_title&amp;owner=10708324&#8243;][vc_video link=&#8221;https:\/\/vimeo.com\/92725628?embedded=true&amp;source=video_title&amp;owner=10708324&#8243;][vc_column_text] \u00d6\u011frenen Profili \u00d6zellikleri \u00d6\u011frenme Yakla\u015f\u0131mlar\u0131 (ATL) Kavramlar Irmak Sorgulama Program\u0131 PYP Sergisi Uluslararas\u0131 Bak\u0131\u015f A\u00e7\u0131s\u0131 IB Hakk\u0131nda [\/vc_column_text][\/vc_column][\/vc_row]<\/p>\n","protected":false},"author":1,"featured_media":0,"parent":0,"menu_order":0,"comment_status":"closed","ping_status":"closed","template":"","meta":{"footnotes":""},"class_list":["post-11678","page","type-page","status-publish","hentry"],"_links":{"self":[{"href":"https:\/\/irmak.k12.tr\/kindergarten\/wp-json\/wp\/v2\/pages\/11678","targetHints":{"allow":["GET"]}}],"collection":[{"href":"https:\/\/irmak.k12.tr\/kindergarten\/wp-json\/wp\/v2\/pages"}],"about":[{"href":"https:\/\/irmak.k12.tr\/kindergarten\/wp-json\/wp\/v2\/types\/page"}],"author":[{"embeddable":true,"href":"https:\/\/irmak.k12.tr\/kindergarten\/wp-json\/wp\/v2\/users\/1"}],"replies":[{"embeddable":true,"href":"https:\/\/irmak.k12.tr\/kindergarten\/wp-json\/wp\/v2\/comments?post=11678"}],"version-history":[{"count":0,"href":"https:\/\/irmak.k12.tr\/kindergarten\/wp-json\/wp\/v2\/pages\/11678\/revisions"}],"wp:attachment":[{"href":"https:\/\/irmak.k12.tr\/kindergarten\/wp-json\/wp\/v2\/media?parent=11678"}],"curies":[{"name":"wp","href":"https:\/\/api.w.org\/{rel}","templated":true}]}}