{"id":11676,"date":"2023-02-21T16:39:48","date_gmt":"2023-02-21T13:39:48","guid":{"rendered":"https:\/\/irmak.k12.tr\/kindergarten\/?page_id=11676"},"modified":"2025-10-20T13:32:58","modified_gmt":"2025-10-20T10:32:58","slug":"uluslararasi-bakis-acisi","status":"publish","type":"page","link":"https:\/\/irmak.k12.tr\/kindergarten\/uluslararasi-bakis-acisi\/","title":{"rendered":"Uluslararas\u0131 Bak\u0131\u015f A\u00e7\u0131s\u0131"},"content":{"rendered":"<div class=\"wpb-content-wrapper\"><p>[vc_row][vc_column][vc_column_text]<\/p>\r\n<p>Irmak Okullar\u0131\u2019nda m\u00fcfredat \u00e7al\u0131\u015fmalar\u0131na yerel ve k\u00fcresel bir bak\u0131\u015f a\u00e7\u0131s\u0131 kazand\u0131rmak hedeflenir. Yak\u0131ndan uza\u011fa felsefesiyle kendi k\u00fclt\u00fcrlerinin fark\u0131nda olmalar\u0131 sa\u011fland\u0131\u011f\u0131 gibi di\u011fer k\u00fclt\u00fcrlerin de varl\u0131\u011f\u0131n\u0131 farkl\u0131 boyutlar\u0131yla ke\u015ffetmeleri hedeflenmektedir.<\/p>\r\n\r\n<p>\u00d6\u011frencilerde uluslararas\u0131 bak\u0131\u015f a\u00e7\u0131s\u0131 kazand\u0131rma yolunda merkezde \u00f6\u011frenen profillerinin i\u00e7selle\u015ftirilmesi ve g\u00fcnl\u00fck ya\u015fama aktar\u0131lmas\u0131 bilinci vard\u0131r. Bu do\u011frultuda t\u00fcm okul toplulu\u011funda uluslararas\u0131 bilinci i\u00e7selle\u015ftirme amac\u0131yla \u00e7e\u015fitli etkinliklerle hat\u0131rlanan ve kutlanan ulusal ve uluslararas\u0131 \u00f6nemli g\u00fcnler, sosyal etkinlikler, kul\u00fcp \u00e7al\u0131\u015fmalar\u0131 ve projeler birer d\u00fcnya vatanda\u015f\u0131 yeti\u015ftirme s\u00fcrecinde bizlere destek olmaktad\u0131r.<\/p>\r\n\r\n<p>Bu \u00e7al\u0131\u015fmalar\u0131m\u0131zda okul k\u00fct\u00fcphanesinde bulunan g\u00f6rsel \u2013 yaz\u0131l\u0131 medya kaynaklar\u0131 ve teknolojiden yararlan\u0131lmaktad\u0131r. \u00d6\u011frencilerimizin, IB \u00d6\u011frenen Profili \u00f6zelliklerini i\u00e7selle\u015ftirmi\u015f ve olumlu tutumlar geli\u015ftirmi\u015f birer d\u00fcnya vatanda\u015f\u0131 olmalar\u0131 hedeflenmektedir.<\/p>\r\n<p>[\/vc_column_text][vc_column_text]<\/p>\r\n<ul>\r\n<li><a href=\"https:\/\/irmak.k12.tr\/kindergarten\/ogrenen-profili-ozellikleri\/\">\u00d6\u011frenen Profili \u00d6zellikleri<\/a><\/li>\r\n<li><a href=\"https:\/\/irmak.k12.tr\/kindergarten\/ogrenme-yaklasimlari-atl\/\">\u00d6\u011frenme Yakla\u015f\u0131mlar\u0131 (ATL)<\/a><\/li>\r\n<li><a href=\"https:\/\/irmak.k12.tr\/kindergarten\/kavramlar\/\">Kavramlar<\/a><\/li>\r\n<li><a href=\"https:\/\/irmak.k12.tr\/kindergarten\/irmak-sorgulama-programi\/\">Irmak Sorgulama Program\u0131<\/a><\/li>\r\n<li><a href=\"https:\/\/irmak.k12.tr\/kindergarten\/pyp-sergisi\/\">PYP Sergisi<\/a><\/li>\r\n<li><a href=\"https:\/\/irmak.k12.tr\/kindergarten\/uluslararasi-bakis-acisi\/\">Uluslararas\u0131 Bak\u0131\u015f A\u00e7\u0131s\u0131<\/a><\/li>\r\n<li><a href=\"https:\/\/irmak.k12.tr\/kindergarten\/ib-hakkinda\/\">IB Hakk\u0131nda<\/a><\/li>\r\n<\/ul>\r\n<p>[\/vc_column_text][\/vc_column][\/vc_row]<\/p><\/div>","protected":false},"excerpt":{"rendered":"<p>[vc_row][vc_column][vc_column_text] Irmak Okullar\u0131\u2019nda m\u00fcfredat \u00e7al\u0131\u015fmalar\u0131na yerel ve k\u00fcresel bir bak\u0131\u015f a\u00e7\u0131s\u0131 kazand\u0131rmak hedeflenir. Yak\u0131ndan uza\u011fa felsefesiyle kendi k\u00fclt\u00fcrlerinin fark\u0131nda olmalar\u0131 sa\u011fland\u0131\u011f\u0131 gibi di\u011fer k\u00fclt\u00fcrlerin de varl\u0131\u011f\u0131n\u0131 farkl\u0131 boyutlar\u0131yla ke\u015ffetmeleri hedeflenmektedir. \u00d6\u011frencilerde uluslararas\u0131 bak\u0131\u015f a\u00e7\u0131s\u0131 kazand\u0131rma yolunda merkezde \u00f6\u011frenen profillerinin i\u00e7selle\u015ftirilmesi ve g\u00fcnl\u00fck ya\u015fama aktar\u0131lmas\u0131 bilinci vard\u0131r. Bu do\u011frultuda t\u00fcm okul toplulu\u011funda uluslararas\u0131 bilinci i\u00e7selle\u015ftirme amac\u0131yla [&hellip;]<\/p>\n","protected":false},"author":1,"featured_media":0,"parent":0,"menu_order":0,"comment_status":"closed","ping_status":"closed","template":"","meta":{"footnotes":""},"class_list":["post-11676","page","type-page","status-publish","hentry"],"_links":{"self":[{"href":"https:\/\/irmak.k12.tr\/kindergarten\/wp-json\/wp\/v2\/pages\/11676","targetHints":{"allow":["GET"]}}],"collection":[{"href":"https:\/\/irmak.k12.tr\/kindergarten\/wp-json\/wp\/v2\/pages"}],"about":[{"href":"https:\/\/irmak.k12.tr\/kindergarten\/wp-json\/wp\/v2\/types\/page"}],"author":[{"embeddable":true,"href":"https:\/\/irmak.k12.tr\/kindergarten\/wp-json\/wp\/v2\/users\/1"}],"replies":[{"embeddable":true,"href":"https:\/\/irmak.k12.tr\/kindergarten\/wp-json\/wp\/v2\/comments?post=11676"}],"version-history":[{"count":1,"href":"https:\/\/irmak.k12.tr\/kindergarten\/wp-json\/wp\/v2\/pages\/11676\/revisions"}],"predecessor-version":[{"id":13037,"href":"https:\/\/irmak.k12.tr\/kindergarten\/wp-json\/wp\/v2\/pages\/11676\/revisions\/13037"}],"wp:attachment":[{"href":"https:\/\/irmak.k12.tr\/kindergarten\/wp-json\/wp\/v2\/media?parent=11676"}],"curies":[{"name":"wp","href":"https:\/\/api.w.org\/{rel}","templated":true}]}}