{"id":11672,"date":"2023-02-21T16:36:00","date_gmt":"2023-02-21T13:36:00","guid":{"rendered":"https:\/\/irmak.k12.tr\/kindergarten\/?page_id=11672"},"modified":"2023-03-13T13:33:23","modified_gmt":"2023-03-13T10:33:23","slug":"pyp-sergisi","status":"publish","type":"page","link":"https:\/\/irmak.k12.tr\/kindergarten\/pyp-sergisi\/","title":{"rendered":"PYP Sergisi"},"content":{"rendered":"<div class=\"wpb-content-wrapper\"><p>[vc_row][vc_column][vc_column_text]<\/p>\r\n<p>PYP\u2019nin ( \u0130lk Y\u0131llar Program\u0131) son s\u0131n\u0131f\u0131 olan 4. S\u0131n\u0131f \u00f6\u011frencileri her y\u0131l PYP sergisine haz\u0131rlanmaktad\u0131r. \u00d6\u011frencilerimiz her y\u0131l kendi ilgileri do\u011frultusunda se\u00e7tikleri konuyla ilgili mentorlar\u0131 e\u015fli\u011finde birlikte ara\u015ft\u0131rma ve bilgi edinme s\u00fcreci ge\u00e7irmektedirler. \u00d6\u011frencilerimiz e\u011fitim \u00f6\u011fretim y\u0131l\u0131 ba\u015f\u0131nda sergi \u00fcnitesi ile ilgili bilgilendirilir. S\u00fcre\u00e7te beklentilerin neler oldu\u011fuyla ve mentor \u00f6\u011fretmenleri e\u015fli\u011finde yapacaklar\u0131 \u00e7al\u0131\u015fmalarda kullanacaklar\u0131\u00a0<a href=\"https:\/\/irmak.k12.tr\/kindergarten\/wp-content\/uploads\/2023\/02\/Personal-Inquiry-Student-Planner.pdf\" target=\"_blank\" rel=\"noreferrer noopener\" data-type=\"URL\" data-id=\"https:\/\/demo.irmak.k12.tr\/upload\/files\/_ilkokul\/Personal-Inquiry-Student-Planner.pdf\">Sergi Kitap\u00e7\u0131\u011f\u0131<\/a>\u00a0payla\u015f\u0131l\u0131r.<\/p>\r\n<p>\r\n\r\nSergi \u00fcnitesi velilerin de \u00fcstelenebilece\u011fi roller i\u00e7erdi\u011finden veli bilgilendirme seminerleri d\u00fczenlenir.<\/p>\r\n<p>[\/vc_column_text][\/vc_column][\/vc_row][vc_row css=&#8221;.vc_custom_1678703600288{background-color: #e5e5e5 !important;}&#8221;][vc_column width=&#8221;1\/2&#8243;][vc_single_image image=&#8221;11810&#8243; img_size=&#8221;800&#215;500&#8243;][\/vc_column][vc_column width=&#8221;1\/2&#8243;][vc_column_text]<\/p>\r\n<p><strong>PYP Veli \u00c7al\u0131\u015ftaylar\u0131<\/strong><\/p>\r\n<p>\r\n\r\nPYP\u2019 de okul, aile ve \u00f6\u011frenci ili\u015fkisi \u00f6nem ta\u015f\u0131maktad\u0131r. Ailelerin PYP felsefesinin genel olarak neyi i\u00e7erdi\u011fini bilmesi, okul d\u0131\u015f\u0131nda desteklemesi en \u00f6nemlisi inanmas\u0131 gerekmektedir. Bu ama\u00e7la her y\u0131l d\u00fczenli olarak PYP veli seminerleri yap\u0131larak PYP s\u00fcrecindeki \u00f6nemli ba\u015fl\u0131klar alt\u0131nda e\u011fitimler verilmektedir.<\/p>\r\n<p>\u00a0<\/p>\r\n<p>[\/vc_column_text][\/vc_column][\/vc_row][vc_row][vc_column][vc_column_text]<\/p>\r\n<ul>\r\n<li><a href=\"https:\/\/irmak.k12.tr\/kindergarten\/ogrenen-profili-ozellikleri\/\">\u00d6\u011frenen Profili \u00d6zellikleri<\/a><\/li>\r\n<li><a href=\"https:\/\/irmak.k12.tr\/kindergarten\/ogrenme-yaklasimlari-atl\/\">\u00d6\u011frenme Yakla\u015f\u0131mlar\u0131 (ATL)<\/a><\/li>\r\n<li><a href=\"https:\/\/irmak.k12.tr\/kindergarten\/kavramlar\/\">Kavramlar<\/a><\/li>\r\n<li><a href=\"https:\/\/irmak.k12.tr\/kindergarten\/irmak-sorgulama-programi\/\">Irmak Sorgulama Program\u0131<\/a><\/li>\r\n<li><a href=\"https:\/\/irmak.k12.tr\/kindergarten\/pyp-sergisi\/\">PYP Sergisi<\/a><\/li>\r\n<li><a href=\"https:\/\/irmak.k12.tr\/kindergarten\/uluslararasi-bakis-acisi\/\">Uluslararas\u0131 Bak\u0131\u015f A\u00e7\u0131s\u0131<\/a><\/li>\r\n<li><a href=\"https:\/\/irmak.k12.tr\/kindergarten\/ib-hakkinda\/\">IB Hakk\u0131nda<\/a><\/li>\r\n<\/ul>\r\n<p>[\/vc_column_text][\/vc_column][\/vc_row]<\/p><\/div>","protected":false},"excerpt":{"rendered":"<p>[vc_row][vc_column][vc_column_text] PYP\u2019nin ( \u0130lk Y\u0131llar Program\u0131) son s\u0131n\u0131f\u0131 olan 4. S\u0131n\u0131f \u00f6\u011frencileri her y\u0131l PYP sergisine haz\u0131rlanmaktad\u0131r. \u00d6\u011frencilerimiz her y\u0131l kendi ilgileri do\u011frultusunda se\u00e7tikleri konuyla ilgili mentorlar\u0131 e\u015fli\u011finde birlikte ara\u015ft\u0131rma ve bilgi edinme s\u00fcreci ge\u00e7irmektedirler. \u00d6\u011frencilerimiz e\u011fitim \u00f6\u011fretim y\u0131l\u0131 ba\u015f\u0131nda sergi \u00fcnitesi ile ilgili bilgilendirilir. S\u00fcre\u00e7te beklentilerin neler oldu\u011fuyla ve mentor \u00f6\u011fretmenleri e\u015fli\u011finde yapacaklar\u0131 \u00e7al\u0131\u015fmalarda [&hellip;]<\/p>\n","protected":false},"author":1,"featured_media":0,"parent":0,"menu_order":0,"comment_status":"closed","ping_status":"closed","template":"","meta":{"footnotes":""},"class_list":["post-11672","page","type-page","status-publish","hentry"],"_links":{"self":[{"href":"https:\/\/irmak.k12.tr\/kindergarten\/wp-json\/wp\/v2\/pages\/11672","targetHints":{"allow":["GET"]}}],"collection":[{"href":"https:\/\/irmak.k12.tr\/kindergarten\/wp-json\/wp\/v2\/pages"}],"about":[{"href":"https:\/\/irmak.k12.tr\/kindergarten\/wp-json\/wp\/v2\/types\/page"}],"author":[{"embeddable":true,"href":"https:\/\/irmak.k12.tr\/kindergarten\/wp-json\/wp\/v2\/users\/1"}],"replies":[{"embeddable":true,"href":"https:\/\/irmak.k12.tr\/kindergarten\/wp-json\/wp\/v2\/comments?post=11672"}],"version-history":[{"count":0,"href":"https:\/\/irmak.k12.tr\/kindergarten\/wp-json\/wp\/v2\/pages\/11672\/revisions"}],"wp:attachment":[{"href":"https:\/\/irmak.k12.tr\/kindergarten\/wp-json\/wp\/v2\/media?parent=11672"}],"curies":[{"name":"wp","href":"https:\/\/api.w.org\/{rel}","templated":true}]}}