{"id":11563,"date":"2023-02-14T21:34:11","date_gmt":"2023-02-14T18:34:11","guid":{"rendered":"https:\/\/irmak.k12.tr\/kindergarten\/?page_id=11563"},"modified":"2025-10-21T09:36:32","modified_gmt":"2025-10-21T06:36:32","slug":"rehberlik-calismalari","status":"publish","type":"page","link":"https:\/\/irmak.k12.tr\/kindergarten\/rehberlik-calismalari\/","title":{"rendered":"Rehberlik \u00c7al\u0131\u015fmalar\u0131"},"content":{"rendered":"\r\n<p>Psikolojik Dan\u0131\u015fma ve Rehberlik (PDR) Birimi\u2019nin amac\u0131, \u00f6\u011frencilerin kendilerini tan\u0131malar\u0131n\u0131 sa\u011flayarak, sorunlar\u0131n \u00fcstesinden gelebilme g\u00fcc\u00fcn\u00fc geli\u015ftirmelerine, do\u011fru kararlar verebilmelerine, \u00e7evreleri ile olumlu ili\u015fkiler kurmalar\u0131na ve ruhsal y\u00f6nden sa\u011fl\u0131kl\u0131 ve topluma yararl\u0131, kendini ger\u00e7ekle\u015ftirmi\u015f ki\u015filer olmalar\u0131na yard\u0131m etmektir.<\/p>\r\n\r\n\r\n\r\n<p>E\u011fitim-\u00f6\u011fretim ya\u015fant\u0131s\u0131n\u0131n ilk basama\u011f\u0131na ad\u0131m atan anaokulu \u00f6\u011frencilerimizin, bu ba\u015flang\u0131\u00e7ta ve devam edecek olan s\u00fcre\u00e7te en uygun donan\u0131ma sahip olmalar\u0131n\u0131 sa\u011flayabilmek amac\u0131yla Psikolojik Dan\u0131\u015fma ve Rehberlik B\u00f6l\u00fcm\u00fc taraf\u0131ndan a\u015fa\u011f\u0131daki \u00e7al\u0131\u015fmalar planl\u0131 ve sistemli olarak y\u00fcr\u00fct\u00fclmektedir.<\/p>\r\n\r\n\r\n\r\n<p>\u2022 \u00d6\u011frencilerimizin ki\u015filik ve geli\u015fim \u00f6zellikleri dikkate al\u0131narak, okul ya\u015fant\u0131s\u0131na uyum s\u00fcre\u00e7lerinin kolay ve keyifli bir \u015fekilde ger\u00e7ekle\u015fmesi i\u00e7in yap\u0131land\u0131r\u0131lan oryantasyon \u00e7al\u0131\u015fmalar\u0131<\/p>\r\n\r\n\r\n\r\n<p>\u2022 \u00d6\u011frencilerimizin g\u00f6rsel alg\u0131, dikkat, kavram bilgisi, \u00f6\u011frenme performans\u0131 gibi temel becerilerini belirlemek ve geli\u015ftirmek amac\u0131yla ger\u00e7ekle\u015ftirilen tarama ve izleme \u00e7al\u0131\u015fmalar\u0131<\/p>\r\n\r\n\r\n\r\n<p>\u2022 \u00d6\u011frencilerimizin ilk\u00f6\u011fretime bili\u015fsel, duygusal ve sosyal y\u00f6nden haz\u0131r olabilmeleri amac\u0131yla yap\u0131lan g\u00f6zlemler ve s\u0131n\u0131f \u00e7al\u0131\u015fmalar\u0131<\/p>\r\n\r\n\r\n\r\n<p>\u2022 Bireysel olarak ger\u00e7ekle\u015ftirilen tan\u0131ma ve psikolojik dan\u0131\u015fmanl\u0131k \u00e7al\u0131\u015fmalar\u0131<\/p>\r\n","protected":false},"excerpt":{"rendered":"<p>Psikolojik Dan\u0131\u015fma ve Rehberlik (PDR) Birimi\u2019nin amac\u0131, \u00f6\u011frencilerin kendilerini tan\u0131malar\u0131n\u0131 sa\u011flayarak, sorunlar\u0131n \u00fcstesinden gelebilme g\u00fcc\u00fcn\u00fc geli\u015ftirmelerine, do\u011fru kararlar verebilmelerine, \u00e7evreleri ile olumlu ili\u015fkiler kurmalar\u0131na ve ruhsal y\u00f6nden sa\u011fl\u0131kl\u0131 ve topluma yararl\u0131, kendini ger\u00e7ekle\u015ftirmi\u015f ki\u015filer olmalar\u0131na yard\u0131m etmektir. E\u011fitim-\u00f6\u011fretim ya\u015fant\u0131s\u0131n\u0131n ilk basama\u011f\u0131na ad\u0131m atan anaokulu \u00f6\u011frencilerimizin, bu ba\u015flang\u0131\u00e7ta ve devam edecek olan s\u00fcre\u00e7te en uygun donan\u0131ma [&hellip;]<\/p>\n","protected":false},"author":1,"featured_media":0,"parent":0,"menu_order":0,"comment_status":"closed","ping_status":"closed","template":"","meta":{"footnotes":""},"class_list":["post-11563","page","type-page","status-publish","hentry"],"_links":{"self":[{"href":"https:\/\/irmak.k12.tr\/kindergarten\/wp-json\/wp\/v2\/pages\/11563","targetHints":{"allow":["GET"]}}],"collection":[{"href":"https:\/\/irmak.k12.tr\/kindergarten\/wp-json\/wp\/v2\/pages"}],"about":[{"href":"https:\/\/irmak.k12.tr\/kindergarten\/wp-json\/wp\/v2\/types\/page"}],"author":[{"embeddable":true,"href":"https:\/\/irmak.k12.tr\/kindergarten\/wp-json\/wp\/v2\/users\/1"}],"replies":[{"embeddable":true,"href":"https:\/\/irmak.k12.tr\/kindergarten\/wp-json\/wp\/v2\/comments?post=11563"}],"version-history":[{"count":1,"href":"https:\/\/irmak.k12.tr\/kindergarten\/wp-json\/wp\/v2\/pages\/11563\/revisions"}],"predecessor-version":[{"id":13041,"href":"https:\/\/irmak.k12.tr\/kindergarten\/wp-json\/wp\/v2\/pages\/11563\/revisions\/13041"}],"wp:attachment":[{"href":"https:\/\/irmak.k12.tr\/kindergarten\/wp-json\/wp\/v2\/media?parent=11563"}],"curies":[{"name":"wp","href":"https:\/\/api.w.org\/{rel}","templated":true}]}}