{"id":11554,"date":"2023-02-14T21:27:12","date_gmt":"2023-02-14T18:27:12","guid":{"rendered":"https:\/\/irmak.k12.tr\/kindergarten\/?page_id=11554"},"modified":"2025-10-20T13:17:13","modified_gmt":"2025-10-20T10:17:13","slug":"ogrenme-destek-departmani","status":"publish","type":"page","link":"https:\/\/irmak.k12.tr\/kindergarten\/ogrenme-destek-departmani\/","title":{"rendered":"\u00d6\u011frenme Destek Departman\u0131"},"content":{"rendered":"\r\n<p>Okulumuzda farkl\u0131la\u015ft\u0131rma \u00e7al\u0131\u015fmalar\u0131 kapsam\u0131nda t\u00fcm \u00f6\u011frenciler bireysel farkl\u0131l\u0131klar\u0131, \u00f6\u011frenme \u015fekilleri, \u00f6\u011frenme d\u00fczeyleri ve ilgi alanlar\u0131na g\u00f6re takip edilir, geli\u015ftirici \u015fekilde desteklenir ve geli\u015fimleri kay\u0131t alt\u0131na al\u0131n\u0131r. T\u00fcm \u00f6\u011frencilere, e\u011fitimlerini akranlar\u0131\/ya\u015f\u0131tlar\u0131 ile birlikte s\u00fcrd\u00fcrmelerini sa\u011flamak amac\u0131yla destek e\u011fitimler haz\u0131rlanmaktad\u0131r. \u00d6\u011frenme Destek Departman\u0131 okuldaki \u00f6\u011frenme ve \u00f6\u011fretme performans\u0131n\u0131n art\u0131r\u0131lmas\u0131na destek olacak \u015fekilde geli\u015ftirilmi\u015ftir. \u00d6\u011frencilerin bili\u015fsel performanslar\u0131n\u0131 artt\u0131rmak i\u00e7in grup \u00e7al\u0131\u015fmalar\u0131 ve bireysel \u00e7al\u0131\u015fmalar y\u00fcr\u00fct\u00fcl\u00fcr. Ayr\u0131ca \u00f6\u011frencilerin bulunduklar\u0131 ya\u015f d\u00f6neminden beklenen sosyal, duygusal ve akademik \u00f6zelliklere dair beklentilere uyum sa\u011flamalar\u0131 amac\u0131yla destekleyici \u00e7al\u0131\u015fmalar da y\u00fcr\u00fct\u00fclmektedir. Yap\u0131lan t\u00fcm uygulamalar\u0131n g\u00fcncellenen PYP\u2019de de yer alan \u201c\u00d6zne Olma\u201d kavram\u0131n\u0131 da desteklemesi hedeflenmi\u015ftir.<\/p>\r\n","protected":false},"excerpt":{"rendered":"<p>Okulumuzda farkl\u0131la\u015ft\u0131rma \u00e7al\u0131\u015fmalar\u0131 kapsam\u0131nda t\u00fcm \u00f6\u011frenciler bireysel farkl\u0131l\u0131klar\u0131, \u00f6\u011frenme \u015fekilleri, \u00f6\u011frenme d\u00fczeyleri ve ilgi alanlar\u0131na g\u00f6re takip edilir, geli\u015ftirici \u015fekilde desteklenir ve geli\u015fimleri kay\u0131t alt\u0131na al\u0131n\u0131r. T\u00fcm \u00f6\u011frencilere, e\u011fitimlerini akranlar\u0131\/ya\u015f\u0131tlar\u0131 ile birlikte s\u00fcrd\u00fcrmelerini sa\u011flamak amac\u0131yla destek e\u011fitimler haz\u0131rlanmaktad\u0131r. \u00d6\u011frenme Destek Departman\u0131 okuldaki \u00f6\u011frenme ve \u00f6\u011fretme performans\u0131n\u0131n art\u0131r\u0131lmas\u0131na destek olacak \u015fekilde geli\u015ftirilmi\u015ftir. \u00d6\u011frencilerin bili\u015fsel performanslar\u0131n\u0131 artt\u0131rmak [&hellip;]<\/p>\n","protected":false},"author":1,"featured_media":0,"parent":0,"menu_order":0,"comment_status":"closed","ping_status":"closed","template":"","meta":{"footnotes":""},"class_list":["post-11554","page","type-page","status-publish","hentry"],"_links":{"self":[{"href":"https:\/\/irmak.k12.tr\/kindergarten\/wp-json\/wp\/v2\/pages\/11554","targetHints":{"allow":["GET"]}}],"collection":[{"href":"https:\/\/irmak.k12.tr\/kindergarten\/wp-json\/wp\/v2\/pages"}],"about":[{"href":"https:\/\/irmak.k12.tr\/kindergarten\/wp-json\/wp\/v2\/types\/page"}],"author":[{"embeddable":true,"href":"https:\/\/irmak.k12.tr\/kindergarten\/wp-json\/wp\/v2\/users\/1"}],"replies":[{"embeddable":true,"href":"https:\/\/irmak.k12.tr\/kindergarten\/wp-json\/wp\/v2\/comments?post=11554"}],"version-history":[{"count":1,"href":"https:\/\/irmak.k12.tr\/kindergarten\/wp-json\/wp\/v2\/pages\/11554\/revisions"}],"predecessor-version":[{"id":13016,"href":"https:\/\/irmak.k12.tr\/kindergarten\/wp-json\/wp\/v2\/pages\/11554\/revisions\/13016"}],"wp:attachment":[{"href":"https:\/\/irmak.k12.tr\/kindergarten\/wp-json\/wp\/v2\/media?parent=11554"}],"curies":[{"name":"wp","href":"https:\/\/api.w.org\/{rel}","templated":true}]}}