{"id":11551,"date":"2023-02-14T21:24:32","date_gmt":"2023-02-14T18:24:32","guid":{"rendered":"https:\/\/irmak.k12.tr\/kindergarten\/?page_id=11551"},"modified":"2025-10-20T11:42:29","modified_gmt":"2025-10-20T08:42:29","slug":"oyun-temelli-ogrenme","status":"publish","type":"page","link":"https:\/\/irmak.k12.tr\/kindergarten\/oyun-temelli-ogrenme\/","title":{"rendered":"Oyun Temelli \u00d6\u011frenme"},"content":{"rendered":"\r\n<p>Oyun temelli \u00f6\u011frenme, \u00e7ocuk liderli\u011findeki ve a\u00e7\u0131k u\u00e7lu oyuna dayal\u0131 bir erken \u00e7ocukluk e\u011fitimi t\u00fcr\u00fcd\u00fcr. National Association for the Education of Young Children (NAEYC)\u2019ye g\u00f6re &#8220;Oyun oynama d\u00fcrt\u00fcs\u00fc, d\u00fcnyay\u0131 anlamak i\u00e7in do\u011fal bir arzudan gelir.&#8221; Oyun temelli \u00f6\u011frenme, \u00e7ocuklar\u0131n sosyal becerilerini, \u00f6\u011frenme motivasyonunu, dil ve matematik becerilerini geli\u015ftirmelerine yard\u0131mc\u0131 olur. \u0130nisiyatif almak, odaklanm\u0131\u015f dikkat ve d\u00fcnya hakk\u0131nda merak, oyunun bir par\u00e7as\u0131d\u0131r. Bu nedenle anaokulumuzda \u00e7ocuklar\u0131n oyunla \u00f6\u011frenmeleri i\u00e7in uygun ortamlar yarat\u0131l\u0131r ve \u00f6\u011fretmen g\u00f6zleminde desteklenir.<\/p>\r\n\r\n\r\n\r\n<p>Irmak Anaokulu&#8217;nda \u0130lk Y\u0131llar Program\u0131 (PYP), oyun temelli yakla\u015f\u0131mla zenginle\u015ftirilerek uygulan\u0131r. Olu\u015fturulan sevgi ve g\u00fcven ortam\u0131nda, sunulan akademik ve sosyal \u2013 duygusal geli\u015fim program\u0131m\u0131zla gelecekte fark yaratacak bireylerin sa\u011flam temelleri at\u0131l\u0131r. Erken \u00e7ocukluk d\u00f6neminde fiziksel, duygusal, sosyal ve bili\u015fsel alanlarda \u00e7ok h\u0131zl\u0131 geli\u015fmeler kaydedilir.\u00a0 \u00c7ocuklar\u0131 bili\u015fsel, sosyal, duygusal ve fiziksel a\u00e7\u0131dan desteklemek i\u00e7in \u00f6\u011frenme ortamlar\u0131 oyun temelli dizayn edilir. Bu yolla \u00f6\u011frencilerin \u00f6\u011frenme yakla\u015f\u0131mlar\u0131 geli\u015ftirerek geli\u015fimlerinin kilit alanlar\u0131yla ba\u011flant\u0131lar kurulur. \u00d6\u011frenciler, do\u011fal olarak ke\u015ffetmeye, ara\u015ft\u0131rmaya, oynamaya ve kendileriyle, ba\u015fkalar\u0131 ve t\u00fcm \u00e7evreleri aras\u0131nda ba\u011flant\u0131lar kurmaya yatk\u0131n olduklar\u0131ndan sosyal geli\u015fim de yine bu erken \u00e7ocukluk d\u00f6neminde oyun yoluyla \u015fekillenir.\u00a0<\/p>\r\n","protected":false},"excerpt":{"rendered":"<p>Oyun temelli \u00f6\u011frenme, \u00e7ocuk liderli\u011findeki ve a\u00e7\u0131k u\u00e7lu oyuna dayal\u0131 bir erken \u00e7ocukluk e\u011fitimi t\u00fcr\u00fcd\u00fcr. National Association for the Education of Young Children (NAEYC)\u2019ye g\u00f6re &#8220;Oyun oynama d\u00fcrt\u00fcs\u00fc, d\u00fcnyay\u0131 anlamak i\u00e7in do\u011fal bir arzudan gelir.&#8221; Oyun temelli \u00f6\u011frenme, \u00e7ocuklar\u0131n sosyal becerilerini, \u00f6\u011frenme motivasyonunu, dil ve matematik becerilerini geli\u015ftirmelerine yard\u0131mc\u0131 olur. \u0130nisiyatif almak, odaklanm\u0131\u015f dikkat ve [&hellip;]<\/p>\n","protected":false},"author":1,"featured_media":0,"parent":0,"menu_order":0,"comment_status":"closed","ping_status":"closed","template":"","meta":{"footnotes":""},"class_list":["post-11551","page","type-page","status-publish","hentry"],"_links":{"self":[{"href":"https:\/\/irmak.k12.tr\/kindergarten\/wp-json\/wp\/v2\/pages\/11551","targetHints":{"allow":["GET"]}}],"collection":[{"href":"https:\/\/irmak.k12.tr\/kindergarten\/wp-json\/wp\/v2\/pages"}],"about":[{"href":"https:\/\/irmak.k12.tr\/kindergarten\/wp-json\/wp\/v2\/types\/page"}],"author":[{"embeddable":true,"href":"https:\/\/irmak.k12.tr\/kindergarten\/wp-json\/wp\/v2\/users\/1"}],"replies":[{"embeddable":true,"href":"https:\/\/irmak.k12.tr\/kindergarten\/wp-json\/wp\/v2\/comments?post=11551"}],"version-history":[{"count":2,"href":"https:\/\/irmak.k12.tr\/kindergarten\/wp-json\/wp\/v2\/pages\/11551\/revisions"}],"predecessor-version":[{"id":12636,"href":"https:\/\/irmak.k12.tr\/kindergarten\/wp-json\/wp\/v2\/pages\/11551\/revisions\/12636"}],"wp:attachment":[{"href":"https:\/\/irmak.k12.tr\/kindergarten\/wp-json\/wp\/v2\/media?parent=11551"}],"curies":[{"name":"wp","href":"https:\/\/api.w.org\/{rel}","templated":true}]}}