{"id":11545,"date":"2023-02-14T21:19:36","date_gmt":"2023-02-14T18:19:36","guid":{"rendered":"https:\/\/irmak.k12.tr\/kindergarten\/?page_id=11545"},"modified":"2025-10-20T11:39:10","modified_gmt":"2025-10-20T08:39:10","slug":"akademik-program","status":"publish","type":"page","link":"https:\/\/irmak.k12.tr\/kindergarten\/akademik-program\/","title":{"rendered":"Akademik Program"},"content":{"rendered":"\r\n<p>Irmak Okullar\u0131\u2019nda akademik \u00e7al\u0131\u015fmalar\u0131n tamam\u0131 bilimsel temelli \u00f6\u011frenme modelleri, d\u00fcnya literat\u00fcr\u00fcnde tan\u0131nm\u0131\u015f alan\u0131nda uzman ki\u015filerin g\u00fcncel yay\u0131nlar\u0131 ve e\u011fitimleri takip edilerek tasarlan\u0131r, uygulan\u0131r ve de\u011ferlendirilir.\u00a0<\/p>\r\n\r\n\r\n\r\n<p>Okulumuzda \u00f6\u011frencilerimizin; ara\u015ft\u0131ran, sorgulayan, merak eden, \u00f6zg\u00fcveni y\u00fcksek, yarat\u0131c\u0131 d\u00fc\u015f\u00fcnen, ana dilinde yetkin, yabanc\u0131 dil becerileri geli\u015fmi\u015f, ilgi ve yeteneklerinin fark\u0131nda olan, problem \u00e7\u00f6zen, sosyal-duygusal becerileri g\u00fc\u00e7l\u00fc ve ilkokula haz\u0131r bireyler olarak yeti\u015ftirilmesi hedeflenir. Bu hedef do\u011frultusunda olu\u015fturulan e\u011fitim program\u0131m\u0131z akademik kadromuz taraf\u0131ndan d\u00fczenli olarak g\u00fcncellenir.<\/p>\r\n\r\n\r\n\r\n<p>Anaokulumuzda \u00f6\u011fretmenlerimiz, \u00f6\u011frencinin haz\u0131r bulunu\u015flu\u011funa, ilgisine ve \u00f6\u011frenme \u015fekline g\u00f6re \u00f6\u011frenme i\u00e7eri\u011fini, s\u00fcrecini, \u00fcr\u00fcn\u00fcn\u00fc veya \u00f6\u011frenme ortam\u0131n\u0131 farkl\u0131la\u015ft\u0131rarak her bir \u00f6\u011frencinin \u00f6\u011frenme yolculu\u011funu bireyselle\u015ftirmi\u015f olur. En temel anlamda farkl\u0131la\u015fma, \u00f6\u011fretmenin \u00f6\u011frenciler aras\u0131ndaki farkl\u0131l\u0131klara yan\u0131t vermek ve m\u00fcmk\u00fcn olan en iyi \u00f6\u011frenme deneyimini yaratmak i\u00e7in tek bir \u00f6\u011frenci veya k\u00fc\u00e7\u00fck bir grup ile \u00e7al\u0131\u015farak \u00f6\u011fretimini \u00e7e\u015fitlendirmesidir.<\/p>\r\n","protected":false},"excerpt":{"rendered":"<p>Irmak Okullar\u0131\u2019nda akademik \u00e7al\u0131\u015fmalar\u0131n tamam\u0131 bilimsel temelli \u00f6\u011frenme modelleri, d\u00fcnya literat\u00fcr\u00fcnde tan\u0131nm\u0131\u015f alan\u0131nda uzman ki\u015filerin g\u00fcncel yay\u0131nlar\u0131 ve e\u011fitimleri takip edilerek tasarlan\u0131r, uygulan\u0131r ve de\u011ferlendirilir.\u00a0 Okulumuzda \u00f6\u011frencilerimizin; ara\u015ft\u0131ran, sorgulayan, merak eden, \u00f6zg\u00fcveni y\u00fcksek, yarat\u0131c\u0131 d\u00fc\u015f\u00fcnen, ana dilinde yetkin, yabanc\u0131 dil becerileri geli\u015fmi\u015f, ilgi ve yeteneklerinin fark\u0131nda olan, problem \u00e7\u00f6zen, sosyal-duygusal becerileri g\u00fc\u00e7l\u00fc ve ilkokula haz\u0131r [&hellip;]<\/p>\n","protected":false},"author":1,"featured_media":0,"parent":0,"menu_order":0,"comment_status":"closed","ping_status":"closed","template":"","meta":{"footnotes":""},"class_list":["post-11545","page","type-page","status-publish","hentry"],"_links":{"self":[{"href":"https:\/\/irmak.k12.tr\/kindergarten\/wp-json\/wp\/v2\/pages\/11545","targetHints":{"allow":["GET"]}}],"collection":[{"href":"https:\/\/irmak.k12.tr\/kindergarten\/wp-json\/wp\/v2\/pages"}],"about":[{"href":"https:\/\/irmak.k12.tr\/kindergarten\/wp-json\/wp\/v2\/types\/page"}],"author":[{"embeddable":true,"href":"https:\/\/irmak.k12.tr\/kindergarten\/wp-json\/wp\/v2\/users\/1"}],"replies":[{"embeddable":true,"href":"https:\/\/irmak.k12.tr\/kindergarten\/wp-json\/wp\/v2\/comments?post=11545"}],"version-history":[{"count":1,"href":"https:\/\/irmak.k12.tr\/kindergarten\/wp-json\/wp\/v2\/pages\/11545\/revisions"}],"predecessor-version":[{"id":12619,"href":"https:\/\/irmak.k12.tr\/kindergarten\/wp-json\/wp\/v2\/pages\/11545\/revisions\/12619"}],"wp:attachment":[{"href":"https:\/\/irmak.k12.tr\/kindergarten\/wp-json\/wp\/v2\/media?parent=11545"}],"curies":[{"name":"wp","href":"https:\/\/api.w.org\/{rel}","templated":true}]}}