{"id":11535,"date":"2023-02-14T18:19:24","date_gmt":"2023-02-14T15:19:24","guid":{"rendered":"https:\/\/irmak.k12.tr\/kindergarten\/?page_id=11535"},"modified":"2025-10-20T11:44:24","modified_gmt":"2025-10-20T08:44:24","slug":"ilk-yillar-programi-pyp-2","status":"publish","type":"page","link":"https:\/\/irmak.k12.tr\/kindergarten\/ilk-yillar-programi-pyp-2\/","title":{"rendered":"\u0130lk Y\u0131llar Program\u0131 (PYP)"},"content":{"rendered":"<div class=\"wpb-content-wrapper\"><p>[vc_row][vc_column][vc_column_text]<\/p>\r\n<p>PYP, IBO&#8217;nun ( Uluslararas\u0131 Bakalorya Organizasyonu) d\u00f6rt program\u0131ndan &#8220;\u0130lk Y\u0131llar Program\u0131&#8217;d\u0131r. 3 ya\u015f ile 12 ya\u015f aras\u0131ndaki \u00f6\u011frencileri kapsar ve amac\u0131 ilgi \u00e7eken, ilintili ve d\u00fc\u015f\u00fcnmeye zorlayan disiplinler\u00fcst\u00fc bir m\u00fcfredat olu\u015fturmakt\u0131r. PYP uygulama yetkisi almak uzun \u00e7al\u0131\u015fmalar ve emek isteyen bir s\u00fcre\u00e7tir. \u00d6ncelikle program\u0131 uygulamay\u0131 isteyen okullar IB&#8217;yi bilgilendirirler. IB uzmanlar\u0131 bilgilendirme yapan okulun e\u011fitim felsefesi ve olanaklar\u0131 hakk\u0131nda ara\u015ft\u0131rmalar\u0131n\u0131 yapar. Aranan kriterlere uygunluk g\u00f6steren okullara aday okul s\u0131fat\u0131 verilir. Aday okul olma a\u015famas\u0131ndaki okullar akademik kadrosuna PYP ile ilgili e\u011fitimleri ald\u0131r\u0131r. Akademik kadro PYP sorgulama program\u0131 haz\u0131rl\u0131klar\u0131n\u0131 yaparken okulun t\u00fcm payda\u015flar\u0131 program\u0131n felsefesi hakk\u0131nda bilgilendirilir. Irmak Okullar\u0131 iletilen t\u00fcm a\u015famalar\u0131 ba\u015far\u0131yla tamamlayarak 14 May\u0131s 2008 tarihinde IBO&#8217;dan, yetki alm\u0131\u015f ve bu yetkiyle uluslararas\u0131 standartlarda e\u011fitim veren se\u00e7kin bir IB D\u00fcnya Okulu olma \u00f6zelli\u011fini kazanm\u0131\u015ft\u0131r. Bundan sonraki s\u00fcre\u00e7lerde IB&#8217;den gelen \u00f6neriler do\u011frultusunda olu\u015fturulan eylem planlar\u0131n\u0131n revize edilmesi olacakt\u0131r.<\/p>\r\n<p>[\/vc_column_text][vc_column_text][\/vc_column_text][\/vc_column][\/vc_row][vc_row][vc_column width=&#8221;1\/2&#8243;][vc_single_image image=&#8221;11785&#8243; img_size=&#8221;1080&#215;81080&#8243;][\/vc_column][vc_column width=&#8221;1\/2&#8243;][vc_column_text css=&#8221;&#8221;]<\/p>\r\n<p>Okulumuzda\u00a0<strong><a href=\"https:\/\/www.irmak.k12.tr\/wp-content\/uploads\/2023\/01\/ilk-yillar-programi-pyp.pdf\" target=\"_blank\" rel=\"noreferrer noopener\">PYP Sorgulama Program\u0131<\/a>\u00a0<\/strong>anaokulundan 4. s\u0131n\u0131f\u0131n sonuna kadar Milli E\u011fitim Bakanl\u0131\u011f\u0131&#8217;n\u0131n program\u0131yla b\u00fct\u00fcnle\u015fmi\u015f bir bi\u00e7imde uygulanmaktad\u0131r. Okulumuzda t\u00fcm \u00f6\u011frenciler programa tam anlam\u0131yla kat\u0131lmak i\u00e7in desteklenirler. Programda temel bilgi ve becerileri edinme, kavramsal anlay\u0131\u015f\u0131 geli\u015ftirme ve sorumlu eylemlerde bulunma aras\u0131nda bir denge kurulmaya sa\u011flan\u0131r. Program, \u00f6\u011frenilmesi gereken bilgileri s\u0131ralamak yerine hem \u00f6\u011frencilerin hem de \u00f6\u011fretmenin etkin bir \u015fekilde sorgulama yapt\u0131klar\u0131 bir s\u0131n\u0131f atmosferi yaratmay\u0131 \u00f6\u011frenme sonu\u00e7lar\u0131na ula\u015fan, uluslararas\u0131 bireyler yeti\u015ftirmeyi ama\u00e7lamaktad\u0131r.<\/p>\r\n<p>Program ulusal ve uluslararas\u0131 \u00f6nem ta\u015f\u0131yan bilgi birikimini disiplinler \u00fcst\u00fc temalarla ke\u015ffederken, ara\u015ft\u0131rma yapabilme, etkili ileti\u015fim kurabilme, ele\u015ftirel ve yarat\u0131c\u0131 d\u00fc\u015f\u00fcnebilme gibi becerileri kazand\u0131rma, sayg\u0131, ho\u015fg\u00f6r\u00fc, sorumluluk gibi tutumlar geli\u015ftirme, bak\u0131\u015f a\u00e7\u0131s\u0131, ba\u011flant\u0131 gibi kavramlara odaklanma, sosyal hizmetlerin \u00f6nemini kavray\u0131p anlaml\u0131 eylemlerde bulunmay\u0131 i\u00e7eren \u00f6\u011felerden olu\u015fur. M\u00fcfredat modelinde yer alan uluslararas\u0131 bak\u0131\u015f a\u00e7\u0131s\u0131n\u0131 geli\u015ftirmek ve i\u00e7selle\u015ftirmek program\u0131n en temel hedeflerindendir.<\/p>\r\n<p>[\/vc_column_text][\/vc_column][\/vc_row][vc_row][vc_column][vc_column_text]<\/p>\r\n<ul>\r\n<li><a href=\"https:\/\/irmak.k12.tr\/kindergarten\/ogrenen-profili-ozellikleri\/\">\u00d6\u011frenen Profili \u00d6zellikleri<\/a><\/li>\r\n<li><a href=\"https:\/\/irmak.k12.tr\/kindergarten\/ogrenme-yaklasimlari-atl\/\">\u00d6\u011frenme Yakla\u015f\u0131mlar\u0131 (ATL)<\/a><\/li>\r\n<li><a href=\"https:\/\/irmak.k12.tr\/kindergarten\/kavramlar\/\">Kavramlar<\/a><\/li>\r\n<li><a href=\"https:\/\/irmak.k12.tr\/kindergarten\/irmak-sorgulama-programi\/\">Irmak Sorgulama Program\u0131<\/a><\/li>\r\n<li><a href=\"https:\/\/irmak.k12.tr\/kindergarten\/pyp-sergisi\/\">PYP Sergisi<\/a><\/li>\r\n<li><a href=\"https:\/\/irmak.k12.tr\/kindergarten\/uluslararasi-bakis-acisi\/\">Uluslararas\u0131 Bak\u0131\u015f A\u00e7\u0131s\u0131<\/a><\/li>\r\n<li><a href=\"https:\/\/irmak.k12.tr\/kindergarten\/ib-hakkinda\/\">IB Hakk\u0131nda<\/a><\/li>\r\n<\/ul>\r\n<p>[\/vc_column_text][\/vc_column][\/vc_row]<\/p><\/div>","protected":false},"excerpt":{"rendered":"<p>[vc_row][vc_column][vc_column_text] PYP, IBO&#8217;nun ( Uluslararas\u0131 Bakalorya Organizasyonu) d\u00f6rt program\u0131ndan &#8220;\u0130lk Y\u0131llar Program\u0131&#8217;d\u0131r. 3 ya\u015f ile 12 ya\u015f aras\u0131ndaki \u00f6\u011frencileri kapsar ve amac\u0131 ilgi \u00e7eken, ilintili ve d\u00fc\u015f\u00fcnmeye zorlayan disiplinler\u00fcst\u00fc bir m\u00fcfredat olu\u015fturmakt\u0131r. PYP uygulama yetkisi almak uzun \u00e7al\u0131\u015fmalar ve emek isteyen bir s\u00fcre\u00e7tir. \u00d6ncelikle program\u0131 uygulamay\u0131 isteyen okullar IB&#8217;yi bilgilendirirler. IB uzmanlar\u0131 bilgilendirme yapan okulun [&hellip;]<\/p>\n","protected":false},"author":1,"featured_media":0,"parent":0,"menu_order":0,"comment_status":"closed","ping_status":"closed","template":"","meta":{"footnotes":""},"class_list":["post-11535","page","type-page","status-publish","hentry"],"_links":{"self":[{"href":"https:\/\/irmak.k12.tr\/kindergarten\/wp-json\/wp\/v2\/pages\/11535","targetHints":{"allow":["GET"]}}],"collection":[{"href":"https:\/\/irmak.k12.tr\/kindergarten\/wp-json\/wp\/v2\/pages"}],"about":[{"href":"https:\/\/irmak.k12.tr\/kindergarten\/wp-json\/wp\/v2\/types\/page"}],"author":[{"embeddable":true,"href":"https:\/\/irmak.k12.tr\/kindergarten\/wp-json\/wp\/v2\/users\/1"}],"replies":[{"embeddable":true,"href":"https:\/\/irmak.k12.tr\/kindergarten\/wp-json\/wp\/v2\/comments?post=11535"}],"version-history":[{"count":1,"href":"https:\/\/irmak.k12.tr\/kindergarten\/wp-json\/wp\/v2\/pages\/11535\/revisions"}],"predecessor-version":[{"id":12634,"href":"https:\/\/irmak.k12.tr\/kindergarten\/wp-json\/wp\/v2\/pages\/11535\/revisions\/12634"}],"wp:attachment":[{"href":"https:\/\/irmak.k12.tr\/kindergarten\/wp-json\/wp\/v2\/media?parent=11535"}],"curies":[{"name":"wp","href":"https:\/\/api.w.org\/{rel}","templated":true}]}}