{"id":13091,"date":"2023-12-15T11:35:03","date_gmt":"2023-12-15T08:35:03","guid":{"rendered":"https:\/\/irmak.k12.tr\/high\/?page_id=13091"},"modified":"2024-11-19T09:13:00","modified_gmt":"2024-11-19T06:13:00","slug":"kamplar","status":"publish","type":"page","link":"https:\/\/irmak.k12.tr\/high\/kamplar\/","title":{"rendered":"Kamplar"},"content":{"rendered":"<p><strong>Kayak Kamp\u0131:<\/strong> Kayak kamp\u0131, \u00f6\u011frencilere k\u0131\u015f sporlar\u0131 deneyimi kazand\u0131rmak, do\u011fa ile etkile\u015fimde bulunmak, \u00f6\u011frencilerimizin fiziksel aktiviteye olan ilgilerini canland\u0131rmak ve sosyal becerilerini geli\u015ftirmek amac\u0131yla d\u00fczenlenen bir etkinliktir.\u00a0 Kamp\u0131m\u0131zda \u00f6\u011frencilere uzman kayak e\u011fitmenleri e\u015fli\u011finde temel kayak becerilerini kazand\u0131rmay\u0131 ama\u00e7lar. Ayn\u0131 zamanda bu spor bran\u015f\u0131na yetenekli olan \u00f6\u011frencilerimizi ke\u015ffetmeyi hedefliyoruz.<\/p>\n<p><strong>S\u00f6rf Kamp\u0131:<\/strong> \u00d6\u011frencilerimizin su sporlar\u0131na olan ilgilerini art\u0131rmak, denizle i\u00e7 i\u00e7e olmalar\u0131n\u0131 sa\u011flamak, su sporlar\u0131 becerilerini geli\u015ftirmelerine destek olmak ve tak\u0131m ruhunu g\u00fc\u00e7lendirmek amac\u0131yla d\u00fczenledi\u011fimiz okul surf kamp\u0131 ile, \u00f6\u011frencilere unutulmaz bir deneyim sunmay\u0131 hedefliyoruz.<\/p>\n","protected":false},"excerpt":{"rendered":"<p>Kayak Kamp\u0131: Kayak kamp\u0131, \u00f6\u011frencilere k\u0131\u015f sporlar\u0131 deneyimi kazand\u0131rmak, do\u011fa ile etkile\u015fimde bulunmak, \u00f6\u011frencilerimizin fiziksel aktiviteye olan ilgilerini canland\u0131rmak ve sosyal becerilerini geli\u015ftirmek amac\u0131yla d\u00fczenlenen bir etkinliktir.\u00a0 Kamp\u0131m\u0131zda \u00f6\u011frencilere uzman kayak e\u011fitmenleri e\u015fli\u011finde temel kayak becerilerini kazand\u0131rmay\u0131 ama\u00e7lar. Ayn\u0131 zamanda bu spor bran\u015f\u0131na yetenekli olan \u00f6\u011frencilerimizi ke\u015ffetmeyi hedefliyoruz. S\u00f6rf Kamp\u0131: \u00d6\u011frencilerimizin su sporlar\u0131na olan ilgilerini [&hellip;]<\/p>\n","protected":false},"author":3,"featured_media":0,"parent":0,"menu_order":0,"comment_status":"closed","ping_status":"closed","template":"","meta":{"footnotes":""},"class_list":["post-13091","page","type-page","status-publish","hentry"],"_links":{"self":[{"href":"https:\/\/irmak.k12.tr\/high\/wp-json\/wp\/v2\/pages\/13091","targetHints":{"allow":["GET"]}}],"collection":[{"href":"https:\/\/irmak.k12.tr\/high\/wp-json\/wp\/v2\/pages"}],"about":[{"href":"https:\/\/irmak.k12.tr\/high\/wp-json\/wp\/v2\/types\/page"}],"author":[{"embeddable":true,"href":"https:\/\/irmak.k12.tr\/high\/wp-json\/wp\/v2\/users\/3"}],"replies":[{"embeddable":true,"href":"https:\/\/irmak.k12.tr\/high\/wp-json\/wp\/v2\/comments?post=13091"}],"version-history":[{"count":1,"href":"https:\/\/irmak.k12.tr\/high\/wp-json\/wp\/v2\/pages\/13091\/revisions"}],"predecessor-version":[{"id":13092,"href":"https:\/\/irmak.k12.tr\/high\/wp-json\/wp\/v2\/pages\/13091\/revisions\/13092"}],"wp:attachment":[{"href":"https:\/\/irmak.k12.tr\/high\/wp-json\/wp\/v2\/media?parent=13091"}],"curies":[{"name":"wp","href":"https:\/\/api.w.org\/{rel}","templated":true}]}}