{"id":11445,"date":"2023-02-19T21:05:04","date_gmt":"2023-02-19T18:05:04","guid":{"rendered":"https:\/\/irmak.k12.tr\/high\/?page_id=11445"},"modified":"2025-09-08T09:53:12","modified_gmt":"2025-09-08T06:53:12","slug":"yurt-ici-universite-danismanligi","status":"publish","type":"page","link":"https:\/\/irmak.k12.tr\/high\/yurt-ici-universite-danismanligi\/","title":{"rendered":"Yurt i\u00e7i \u00dcniversite Dan\u0131\u015fmanl\u0131\u011f\u0131"},"content":{"rendered":"\r\n<p><span style=\"font-weight: 400;\">Yurt \u0130\u00e7i \u00dcniversite Dan\u0131\u015fmanl\u0131\u011f\u0131 \u00e7al\u0131\u015fmalar\u0131m\u0131z; 9. s\u0131n\u0131ftan son s\u0131n\u0131fa kadar devam etmektedir. Kariyer planlamaya y\u00f6nelik \u00e7al\u0131\u015fmalar\u0131m\u0131z\u00a0 ,Psikolojik Dan\u0131\u015fmanl\u0131k\u00a0 Rehberlik\u00a0 B\u00f6l\u00fcm\u00fc ve Yurt D\u0131\u015f\u0131 \u00dcniversite Dan\u0131\u015fmanl\u0131\u011f\u0131 ile koordinasyon halinde\u00a0 y\u00fcr\u00fct\u00fclmektedir. \u00c7al\u0131\u015fmalar\u0131m\u0131z, her d\u00fczeyin ihtiya\u00e7lar\u0131na y\u00f6nelik, \u00f6\u011frenci ve velilerimize gerekli bilgi ve deste\u011fi sunacak i\u00e7erikte haz\u0131rlanm\u0131\u015ft\u0131r.<\/span><\/p>\r\n<p><span style=\"font-weight: 400;\">Program\u0131m\u0131z do\u011frultusunda TYT &amp; AYT i\u00e7eri\u011fi, bu s\u0131navlar\u0131n ders se\u00e7iminde etkisi, s\u0131navlara ba\u015fvuru prosed\u00fcr\u00fc ve s\u0131nav sistemi ile ilgili bilgilendirmeler yap\u0131lmaktad\u0131r.. Bunun yan\u0131nda meslek se\u00e7imi, \u00fcniversitelerin ve y\u00fcksek\u00f6\u011fretim programlar\u0131n\u0131n tan\u0131t\u0131m\u0131, bireysel akademik haz\u0131rl\u0131k s\u00fcreci takibi ve ba\u015fvuru\/tercih dan\u0131\u015fmanl\u0131\u011f\u0131 konular\u0131nda \u00e7al\u0131\u015fmalar yap\u0131lmaktad\u0131r. \u00d6\u011frencilerimizin kariyer s\u00fcre\u00e7lerine\u00a0 y\u00f6nelik planlamalar\u0131n\u0131 yaparken do\u011fru ki\u015fi ve kurulu\u015flardan ilham almalar\u0131n\u0131 hedeflemekteyiz. Bu ama\u00e7la Mesleki Deneyim Staj Program\u0131, Sempozyum\/Fuar ve konferanslarla, \u00fcniversite tan\u0131t\u0131m gezileri ile \u00f6\u011frencilerimize destek olmaktay\u0131z. <\/span><\/p>\r\n","protected":false},"excerpt":{"rendered":"<p>Yurt \u0130\u00e7i \u00dcniversite Dan\u0131\u015fmanl\u0131\u011f\u0131 \u00e7al\u0131\u015fmalar\u0131m\u0131z; 9. s\u0131n\u0131ftan son s\u0131n\u0131fa kadar devam etmektedir. Kariyer planlamaya y\u00f6nelik \u00e7al\u0131\u015fmalar\u0131m\u0131z\u00a0 ,Psikolojik Dan\u0131\u015fmanl\u0131k\u00a0 Rehberlik\u00a0 B\u00f6l\u00fcm\u00fc ve Yurt D\u0131\u015f\u0131 \u00dcniversite Dan\u0131\u015fmanl\u0131\u011f\u0131 ile koordinasyon halinde\u00a0 y\u00fcr\u00fct\u00fclmektedir. \u00c7al\u0131\u015fmalar\u0131m\u0131z, her d\u00fczeyin ihtiya\u00e7lar\u0131na y\u00f6nelik, \u00f6\u011frenci ve velilerimize gerekli bilgi ve deste\u011fi sunacak i\u00e7erikte haz\u0131rlanm\u0131\u015ft\u0131r. Program\u0131m\u0131z do\u011frultusunda TYT &amp; AYT i\u00e7eri\u011fi, bu s\u0131navlar\u0131n ders se\u00e7iminde etkisi, [&hellip;]<\/p>\n","protected":false},"author":1,"featured_media":0,"parent":0,"menu_order":0,"comment_status":"closed","ping_status":"closed","template":"","meta":{"footnotes":""},"class_list":["post-11445","page","type-page","status-publish","hentry"],"_links":{"self":[{"href":"https:\/\/irmak.k12.tr\/high\/wp-json\/wp\/v2\/pages\/11445","targetHints":{"allow":["GET"]}}],"collection":[{"href":"https:\/\/irmak.k12.tr\/high\/wp-json\/wp\/v2\/pages"}],"about":[{"href":"https:\/\/irmak.k12.tr\/high\/wp-json\/wp\/v2\/types\/page"}],"author":[{"embeddable":true,"href":"https:\/\/irmak.k12.tr\/high\/wp-json\/wp\/v2\/users\/1"}],"replies":[{"embeddable":true,"href":"https:\/\/irmak.k12.tr\/high\/wp-json\/wp\/v2\/comments?post=11445"}],"version-history":[{"count":2,"href":"https:\/\/irmak.k12.tr\/high\/wp-json\/wp\/v2\/pages\/11445\/revisions"}],"predecessor-version":[{"id":13484,"href":"https:\/\/irmak.k12.tr\/high\/wp-json\/wp\/v2\/pages\/11445\/revisions\/13484"}],"wp:attachment":[{"href":"https:\/\/irmak.k12.tr\/high\/wp-json\/wp\/v2\/media?parent=11445"}],"curies":[{"name":"wp","href":"https:\/\/api.w.org\/{rel}","templated":true}]}}