{"id":11437,"date":"2023-02-19T20:57:30","date_gmt":"2023-02-19T17:57:30","guid":{"rendered":"https:\/\/irmak.k12.tr\/high\/?page_id=11437"},"modified":"2025-09-08T10:03:19","modified_gmt":"2025-09-08T07:03:19","slug":"psikolojik-danismanlik-ve-rehberlik-calismalari","status":"publish","type":"page","link":"https:\/\/irmak.k12.tr\/high\/psikolojik-danismanlik-ve-rehberlik-calismalari\/","title":{"rendered":"Psikolojik dan\u0131\u015fmanl\u0131k ve rehberlik \u00e7al\u0131\u015fmalar\u0131"},"content":{"rendered":"\r\n<p>Psikolojik Dan\u0131\u015fma ve Rehberlik B\u00f6l\u00fcm\u00fc, Irmak Okullar\u0131\u2019n\u0131n misyonu ve vizyonu do\u011frultusunda\u00a0<strong>\u00f6nleyicilik, destekleyicilik, s\u00fcre\u00e7 odakl\u0131l\u0131k<\/strong>\u00a0ve\u00a0<strong>geli\u015fimsel rehberlik<\/strong>\u00a0\u00e7er\u00e7evesinde hizmet verir.<\/p>\r\n\r\n\r\n\r\n<p><strong>Psikolojik Dan\u0131\u015fma ve Rehberlik Hizmetleri\u00a0<\/strong>ile \u00f6\u011frencilerimizin<strong>;<\/strong><\/p>\r\n\r\n\r\n\r\n<ul>\r\n<li><span style=\"font-weight: 400;\">S\u0131n\u0131rlar\u0131n\u0131n fark\u0131nda,<\/span><\/li>\r\n<li><span style=\"font-weight: 400;\">Ya\u015f\u0131ndan beklenen sorumluluklar\u0131 \u00fcstlenebilen,<\/span><\/li>\r\n<li><span style=\"font-weight: 400;\">Kendisi ve di\u011fer insanlarla bar\u0131\u015f\u0131k,<\/span><\/li>\r\n<li><span style=\"font-weight: 400;\">Sosyal ya\u015famda ayaklar\u0131 \u00fczerinde durabilen,<\/span><\/li>\r\n<li><span style=\"font-weight: 400;\">Sorun \u00e7\u00f6zme becerileriyle donat\u0131lm\u0131\u015f,<\/span><\/li>\r\n<li><span style=\"font-weight: 400;\">Duygu ve d\u00fc\u015f\u00fcncelerini yerinde ve zaman\u0131nda, etkin bir bi\u00e7imde ifade edebilen,<\/span><\/li>\r\n<li><span style=\"font-weight: 400;\">\u0130lgi ve yeteneklerinin fark\u0131nda, geli\u015fmeye ve \u00f6\u011frenmeye a\u00e7\u0131k,<\/span><\/li>\r\n<li><span style=\"font-weight: 400;\">Mutlu ve sa\u011fl\u0131kl\u0131 bireyler olarak yeti\u015fmeleri i\u00e7in<\/span><\/li>\r\n<\/ul>\r\n\r\n\r\n\r\n<p>\u00a0s\u00fcrekli, sistemli ve profesyonel bir yard\u0131m\u0131n verilmesi hedeflenir.<\/p>\r\n\r\n\r\n\r\n<p><span style=\"font-weight: 400;\">Bu hedefler do\u011frultusunda, Psikolojik Dan\u0131\u015fma ve Rehberlik B\u00f6l\u00fcm\u00fc\u2019nde \u00f6\u011frencilerimizin akademik ve ki\u015filik geli\u015fimleri s\u00fcrekli izlenir. Sosyal becerileri geli\u015ftirici bireysel d\u00fczeyde ve s\u0131n\u0131f d\u00fczeyinde \u00e7al\u0131\u015fmalar uygulan\u0131r. \u00d6\u011frencilerimizin gereksinim duyduklar\u0131 konularda bilgilendirme ve y\u00f6nlendirme yap\u0131l\u0131r. \u00d6\u011frencilerimizi bir \u00fcst \u00f6\u011frenim kurumuna haz\u0131rlamak i\u00e7in hedeflerini belirleme konusunda onlara destek verilerek \u00f6\u011frencilerimize bireysel psikolojik dan\u0131\u015fmanl\u0131k hizmeti verilir.<\/span><\/p>\r\n<p>&nbsp;<\/p>\r\n<p><strong>\u00d6\u011frencilere Y\u00f6nelik \u00c7al\u0131\u015fmalar<\/strong><\/p>\r\n<p><\/p>\r\n<p><strong>Bireysel G\u00f6r\u00fc\u015fmeler<\/strong><\/p>\r\n<p>\r\n\r\n<\/p>\r\n<p><span style=\"font-weight: 400;\">Y\u0131l i\u00e7erisinde \u00f6\u011frencilerle bireysel olarak g\u00f6r\u00fc\u015f\u00fcl\u00fcr. S\u0131n\u0131f g\u00f6zlemi ve saha g\u00f6zlemi yap\u0131larak \u00f6\u011frenciler hem grup i\u00e7erisinde hem de bireysel olarak sosyal, duygusal a\u00e7\u0131dan de\u011ferlendirilir. \u00d6\u011frencilerin ihtiya\u00e7lar\u0131 do\u011frultusunda akademik s\u00fcre\u00e7ler, arkada\u015fl\u0131k ili\u015fkileri, duygu ve davran\u0131\u015f alanlar\u0131nda g\u00f6r\u00fc\u015fmeler ger\u00e7ekle\u015ftirilir.<\/span><\/p>\r\n<p><b>Grup \u00c7al\u0131\u015fmalar\u0131<\/b><\/p>\r\n<p><span style=\"font-weight: 400;\">Y\u0131l i\u00e7erisinde ortaya \u00e7\u0131kan geli\u015fimsel ihtiya\u00e7lar do\u011frultusunda de\u011ferler, duygu d\u00fczenleme, \u00f6z disiplin, s\u0131nav kayg\u0131s\u0131 gibi konularda gruplar halinde \u00f6\u011frencilerle oturumlar ger\u00e7ekle\u015ftirilir. Bu grup \u00e7al\u0131\u015fmalar\u0131nda \u00f6\u011frencilerin sosyal ve duygusal olarak payla\u015f\u0131mlarda bulunmalar\u0131 ve bu payla\u015f\u0131mlar arac\u0131l\u0131\u011f\u0131yla kendilerini ifade ederek etkile\u015fim kurmalar\u0131 ama\u00e7lan\u0131r. \u00d6\u011frencilere dinleme, empati yapma, \u00f6zde\u015fim kurma ve akran \u00f6\u011frenmesi gibi beceriler kazand\u0131r\u0131larak geli\u015fim ve de\u011fi\u015fim f\u0131rsat\u0131 sunulur.<\/span><\/p>\r\n<p>\r\n\r\n<\/p>\r\n<p><strong>Kariyer G\u00fcnleri<\/strong><\/p>\r\n<p>\r\n\r\n<\/p>\r\n<p><span style=\"font-weight: 400;\">\u00d6\u011frencilerimizin Kariyer Geli\u015fimini desteklemek i\u00e7in \u201cKariyer \u00d6yk\u00fcleri ve Meslek Tan\u0131t\u0131m\u201d g\u00fcnleri d\u00fczenlenmektedir. Kariyer \u00d6yk\u00fcleri Konferans\u0131 ve Bir Bilene Sor Paneli ile \u00f6\u011frencilerimizin rol model konumundaki ki\u015filerin deneyimlerinden yararlanmalar\u0131 sa\u011flan\u0131r. Bu etkinlikler ile <\/span><span style=\"font-weight: 400;\">\u00a0\u00f6\u011frencilerimizin ilgi duyduklar\u0131 meslekleri her y\u00f6n\u00fcyle tan\u0131malar\u0131n\u0131 sa\u011flamak, do\u011fru hedefler belirleyip, ki\u015filik \u00f6zellikleri, ilgi ve yetenekleri do\u011frultusunda bilin\u00e7li tercihler yapmalar\u0131 hedeflenmektedir..\u00a0 <\/span><\/p>\r\n<p>\r\n\r\n<\/p>\r\n<p><strong>\u00dcniversite Gezileri<\/strong><\/p>\r\n<p>\r\n\r\n<\/p>\r\n<p><span style=\"font-weight: 400;\">11. S\u0131n\u0131f \u00f6\u011frencilerimizin motivasyonlar\u0131n\u0131 art\u0131rmak ve \u00fcniversite ortam\u0131n\u0131 yak\u0131ndan g\u00f6zlemlemeleri amac\u0131yla \u00fcniversite gezileri d\u00fczenlenmektedir. Bu geziler ile \u00f6\u011frencilerimizin \u00fcniversite ya\u015fant\u0131s\u0131n\u0131 tan\u0131malar\u0131 ve \u00fcniversite programlar\u0131na dair bilgilerini artt\u0131rmalar\u0131 ama\u00e7lanmaktad\u0131r.<\/span><\/p>\r\n<p>\r\n\r\n<\/p>\r\n<p><strong>Seminerler<\/strong><\/p>\r\n<p><span style=\"font-weight: 400;\">Y\u0131l i\u00e7inde g\u00f6zlemlenen geli\u015fimsel ihtiya\u00e7lar do\u011frultusunda \u00f6\u011frencilere bilin\u00e7li teknoloji kullan\u0131m\u0131, sa\u011fl\u0131kl\u0131 beslenme, siber haklar ve sorumluluklar ve ilk yard\u0131m gibi \u00e7e\u015fitli konularda fark\u0131ndal\u0131k olu\u015fturmak, bilin\u00e7lendirmek ve bilgilendirmek amac\u0131yla seminerler ger\u00e7ekle\u015ftirilir. <\/span><\/p>\r\n<p><b>S\u0131n\u0131f \u0130\u00e7i \u00c7al\u0131\u015fmalar<\/b><\/p>\r\n<p><span style=\"font-weight: 400;\">Y\u0131l i\u00e7inde olu\u015fan geli\u015fimsel ihtiya\u00e7lar do\u011frultusunda \u00f6\u011frencilerle oryantasyon ve uyum, ergenlik d\u00f6nemi, akran ili\u015fkileri, toplumsal cinsiyet ve fl\u00f6rt \u015fiddeti gibi \u00e7e\u015fitli konularda fark\u0131ndal\u0131k olu\u015fturmak, bilin\u00e7lendirmek ve bilgilendirmek amac\u0131yla s\u0131n\u0131f \u00e7al\u0131\u015fmalar\u0131 ger\u00e7ekle\u015ftirilir. <\/span><\/p>\r\n<p><\/p>\r\n<p>&nbsp;<\/p>\r\n<p><strong>Velilere Y\u00f6nelik \u00c7al\u0131\u015fmalar<\/strong><\/p>\r\n<p><\/p>\r\n<p><strong>Bireysel G\u00f6r\u00fc\u015fmeler<\/strong><\/p>\r\n<p>\r\n\r\n<\/p>\r\n<p><span style=\"font-weight: 400;\">Y\u0131l i\u00e7erisinde t\u00fcm velilerle birebir g\u00f6r\u00fc\u015f\u00fcl\u00fcr. Bu g\u00f6r\u00fc\u015fmelerde \u00f6\u011frencilerin geli\u015fim \u00f6yk\u00fcleri al\u0131n\u0131r, okul i\u00e7erisinde yap\u0131lan g\u00f6zlemler ve \u00e7al\u0131\u015fmalar de\u011ferlendirilir ve ihtiya\u00e7lar do\u011frultusunda gerekli y\u00f6nlendirmeler yap\u0131l\u0131r.<\/span><\/p>\r\n<p>\r\n\r\n<\/p>\r\n<p><strong>Veli B\u00fcltenleri<\/strong><\/p>\r\n<p>\r\n\r\n<\/p>\r\n<p><span style=\"font-weight: 400;\">Geli\u015fim d\u00f6nemlerine uygun olarak \u00e7e\u015fitli konularda bilgilendirici e-b\u00fcltenler\u00a0 haz\u0131rlanarak velilere belirli aral\u0131klarla g\u00f6nderilir.<\/span><\/p>\r\n<p>Veli b\u00fcltenlerimizi dinlemek i\u00e7in <a href=\"https:\/\/open.spotify.com\/show\/3iXeZS6fYSX6QW3bahD7QZ\" target=\"_blank\" rel=\"noopener\"><strong>spotify hesab\u0131m\u0131zan<\/strong><\/a> ula\u015fabilirsiniz.<\/p>\r\n<p>\r\n\r\n<\/p>\r\n<p><strong>Seminer ve Konferanslar<\/strong><\/p>\r\n<p>\r\n\r\n<\/p>\r\n<p><span style=\"font-weight: 400;\">E\u011fitim \u00f6\u011fretim y\u0131l\u0131 i\u00e7erisinde Psikolojik Dan\u0131\u015fma ve Rehberlik B\u00f6l\u00fcm\u00fcne yans\u0131yan konulara ve ihtiya\u00e7lara g\u00f6re se\u00e7ilen \u00e7e\u015fitli konularda, psikolojik dan\u0131\u015fmanlar\u0131 ve alan\u0131nda uzman ki\u015filer taraf\u0131ndan velilere y\u00f6nelik seminer ve konferanslar d\u00fczenlenir.<\/span><\/p>\r\n<p><\/p>\r\n","protected":false},"excerpt":{"rendered":"<p>Psikolojik Dan\u0131\u015fma ve Rehberlik B\u00f6l\u00fcm\u00fc, Irmak Okullar\u0131\u2019n\u0131n misyonu ve vizyonu do\u011frultusunda\u00a0\u00f6nleyicilik, destekleyicilik, s\u00fcre\u00e7 odakl\u0131l\u0131k\u00a0ve\u00a0geli\u015fimsel rehberlik\u00a0\u00e7er\u00e7evesinde hizmet verir. Psikolojik Dan\u0131\u015fma ve Rehberlik Hizmetleri\u00a0ile \u00f6\u011frencilerimizin; S\u0131n\u0131rlar\u0131n\u0131n fark\u0131nda, Ya\u015f\u0131ndan beklenen sorumluluklar\u0131 \u00fcstlenebilen, Kendisi ve di\u011fer insanlarla bar\u0131\u015f\u0131k, Sosyal ya\u015famda ayaklar\u0131 \u00fczerinde durabilen, Sorun \u00e7\u00f6zme becerileriyle donat\u0131lm\u0131\u015f, Duygu ve d\u00fc\u015f\u00fcncelerini yerinde ve zaman\u0131nda, etkin bir bi\u00e7imde ifade edebilen, \u0130lgi [&hellip;]<\/p>\n","protected":false},"author":1,"featured_media":0,"parent":0,"menu_order":0,"comment_status":"closed","ping_status":"closed","template":"","meta":{"footnotes":""},"class_list":["post-11437","page","type-page","status-publish","hentry"],"_links":{"self":[{"href":"https:\/\/irmak.k12.tr\/high\/wp-json\/wp\/v2\/pages\/11437","targetHints":{"allow":["GET"]}}],"collection":[{"href":"https:\/\/irmak.k12.tr\/high\/wp-json\/wp\/v2\/pages"}],"about":[{"href":"https:\/\/irmak.k12.tr\/high\/wp-json\/wp\/v2\/types\/page"}],"author":[{"embeddable":true,"href":"https:\/\/irmak.k12.tr\/high\/wp-json\/wp\/v2\/users\/1"}],"replies":[{"embeddable":true,"href":"https:\/\/irmak.k12.tr\/high\/wp-json\/wp\/v2\/comments?post=11437"}],"version-history":[{"count":3,"href":"https:\/\/irmak.k12.tr\/high\/wp-json\/wp\/v2\/pages\/11437\/revisions"}],"predecessor-version":[{"id":13464,"href":"https:\/\/irmak.k12.tr\/high\/wp-json\/wp\/v2\/pages\/11437\/revisions\/13464"}],"wp:attachment":[{"href":"https:\/\/irmak.k12.tr\/high\/wp-json\/wp\/v2\/media?parent=11437"}],"curies":[{"name":"wp","href":"https:\/\/api.w.org\/{rel}","templated":true}]}}