{"id":11434,"date":"2023-02-19T20:54:53","date_gmt":"2023-02-19T17:54:53","guid":{"rendered":"https:\/\/irmak.k12.tr\/high\/?page_id=11434"},"modified":"2023-12-15T11:31:45","modified_gmt":"2023-12-15T08:31:45","slug":"okul-ici-yarismalar","status":"publish","type":"page","link":"https:\/\/irmak.k12.tr\/high\/okul-ici-yarismalar\/","title":{"rendered":"Okul \u0130\u00e7i Yar\u0131\u015fmalar"},"content":{"rendered":"<p>\u00d6\u011fle aras\u0131 teneff\u00fcslerimizi etkili bir \u015fekilde de\u011ferlendirmek i\u00e7in \u00e7e\u015fitli turnuva ve yar\u0131\u015fmalar d\u00fczenliyoruz. \u00d6\u011frencilerimiz bireysel ya da grupla kat\u0131ld\u0131klar\u0131 bu etkinliklerde kendilerini \u00e7e\u015fitli bran\u015flarda ifade etme f\u0131rsat\u0131 yakal\u0131yor. Ayr\u0131ca turnuvalar okulda pozitif davran\u0131\u015flar\u0131n sergilendi\u011fi olumlu sosyal bir ortam yaratmakla birlikte, \u00f6\u011frenci \u00f6\u011fretmen ili\u015fkilerini de desteklemektedir. Lise kademesinde yap\u0131lan turnuvalar festival havas\u0131nda ve m\u00fczik yay\u0131n\u0131 e\u015fli\u011finde yap\u0131lmaktad\u0131r. \u00d6\u011fretmen, \u00f6\u011frenci ve personel taraf\u0131ndan olu\u015fan izleyici trib\u00fcnleri alk\u0131\u015flar ve tezah\u00fcratlarla olumlu bir kenetlenme ortam\u0131 sa\u011flamaktad\u0131r. Okul sonras\u0131 ise farkl\u0131 okullar\u0131 davet ederek yapt\u0131\u011f\u0131m\u0131z m\u00fcsabakalarla hem \u00f6\u011frencilerimizin deneyimlerini artt\u0131r\u0131yor, hem de \u00e7evre okullarla olumlu ili\u015fkiler geli\u015ftiriyoruz.<\/p>\n<p><strong>Futsal Turnuvas\u0131<\/strong><br \/>Futbol temel becerilerinin sergilendi\u011fi ve tak\u0131m ruhunun bir arada kullan\u0131ld\u0131\u011f\u0131 turnuvam\u0131z t\u00fcm lise s\u0131n\u0131flar\u0131 seviyelerinde ger\u00e7ekle\u015ftirilmektedir. Turnuvam\u0131z\u00a0 Futbola \u00f6zg\u00fc, dayan\u0131kl\u0131l\u0131k, h\u0131z, \u00e7eviklik ve tak\u0131m \u00e7al\u0131\u015fmas\u0131 gibi bir\u00e7ok beceriyi geli\u015ftirme f\u0131rsat\u0131 sunar.<\/p>\n<p><strong>Atletizm Yar\u0131\u015fmalar\u0131<\/strong><br \/>Okul i\u00e7inde d\u00fczenlenen atletizm yar\u0131\u015fmalar\u0131nda \u00f6ncelikli amac\u0131m\u0131z; \u00f6\u011frencilerimizi fiziksel aktiviteye te\u015fvik edilmesidir.\u00a0 Yar\u0131\u015fmalar\u0131m\u0131zda \u00f6\u011frencilerimizin tak\u0131m ruhu geli\u015fir,\u00a0 disiplin ve strateji gibi \u00f6nemli beceriler kazan\u0131r ve rekabet ederken birbirlerine destek olmay\u0131 \u00f6\u011frenirler.<\/p>\n<p><strong>Basketbol Turnuvas\u0131<\/strong><br \/>Basketbol bran\u015f\u0131na \u00f6zg\u00fc, koordinasyon, h\u0131z, dayan\u0131kl\u0131l\u0131k ve tak\u0131m \u00e7al\u0131\u015fmas\u0131 gibi bir\u00e7ok beceriyi geli\u015ftirebilecekleri bir ortam sa\u011flamak amac\u0131yla ger\u00e7ekle\u015ftirilmektedir.<\/p>\n<p><strong>Tenis Turnuvas\u0131<\/strong><br \/>Okul i\u00e7inde d\u00fczenlenen tenis turnuvalar\u0131n\u0131n temel amac\u0131, \u00f6\u011frencilere tenis sporunu deneyimleme ve bu spor dal\u0131nda becerilerini geli\u015ftirme f\u0131rsat\u0131 sunmakt\u0131r. Tenis, h\u0131z, \u00e7eviklik, koordinasyon ve strateji gerektiren bir spor oldu\u011fu i\u00e7in, bu turnuvalar \u00f6\u011frencilere fiziksel yeteneklerini art\u0131rma ve teknik becerilerini peki\u015ftirme \u015fans\u0131 tan\u0131r. Ayn\u0131 zamanda, tenis turnuvalar\u0131 \u00f6\u011frenciler aras\u0131nda dost\u00e7a rekabeti te\u015fvik eder ve fair play (adil oyun) anlay\u0131\u015f\u0131n\u0131 g\u00fc\u00e7lendirir.\u00a0<\/p>\n<p><strong>Geleneksel Irmak Spor \u015eenli\u011fi<\/strong><br \/>19 May\u0131s Atat\u00fcrk\u2019\u00fc Anma Gen\u00e7lik ve Spor Bayram\u0131 kapsam\u0131nda her y\u0131l geleneksel olarak d\u00fczenledi\u011fi Irmak Spor \u015eenli\u011fi\u2019nde amac\u0131m\u0131z; farkl\u0131 bran\u015flarda Irmak Okullar\u0131\u2019n\u0131 temsil eden sporcu \u00f6\u011frencilerin, di\u011fer \u00f6zel okullar ve devlet okullar\u0131 sporcu \u00f6\u011frencileriyle kayna\u015fmalar\u0131n\u0131 sa\u011flamak ve sporun evrensel boyutlardaki sevgi, dostluk ve fair play ilkelerinin benimsenmesine katk\u0131da bulunmak amac\u0131yla ger\u00e7ekle\u015ftirmektedir.<\/p>\n<p><strong>Voleybol<\/strong><br \/>Sosyal bir ortam\u0131n,sporun evrensel \u00e7at\u0131s\u0131 alt\u0131nda birle\u015fmesini \u00f6rneklemesi bak\u0131m\u0131ndan bizim i\u00e7in \u00e7ok anlaml\u0131 olan bu turnuvam\u0131z; \u00f6\u011frencilerimizin kazanan\u0131 kutlama-kaybetmeyi kabullenme, tak\u0131m\u0131n bir par\u00e7as\u0131 olarak sorumluluk alma ve yerine getirme, ortak yeteneklerle ba\u015far\u0131ya y\u00f6nelik dinamik olu\u015fturma, kabul etme-kabulg\u00f6rme, birlikte hareket etme gibi becerilerini e\u011flenerek geli\u015ftirme hedefimizi desteklemektedir. Lise \u00f6\u011frencilerimiz ve g\u00f6n\u00fcll\u00fc t\u00fcm \u00f6\u011fretmenlerimiz kat\u0131l\u0131m\u0131 ile ger\u00e7ekle\u015ftirilir.<\/p>\n<p><strong>Cumhuriyet Tenis Turnuvas\u0131<\/strong><br \/>29 Ekim Cumhuriyet Bayram\u0131 etkinlikleri kapsam\u0131nda uygulanan turnuvam\u0131z, \u00f6\u011frencilerimizin tenis bran\u015f\u0131na olan ilgilerini artt\u0131rmak ve temel teknik becerileri geli\u015ftirmek amac\u0131yla d\u00fczenlenir.<\/p>\n","protected":false},"excerpt":{"rendered":"<p>\u00d6\u011fle aras\u0131 teneff\u00fcslerimizi etkili bir \u015fekilde de\u011ferlendirmek i\u00e7in \u00e7e\u015fitli turnuva ve yar\u0131\u015fmalar d\u00fczenliyoruz. \u00d6\u011frencilerimiz bireysel ya da grupla kat\u0131ld\u0131klar\u0131 bu etkinliklerde kendilerini \u00e7e\u015fitli bran\u015flarda ifade etme f\u0131rsat\u0131 yakal\u0131yor. Ayr\u0131ca turnuvalar okulda pozitif davran\u0131\u015flar\u0131n sergilendi\u011fi olumlu sosyal bir ortam yaratmakla birlikte, \u00f6\u011frenci \u00f6\u011fretmen ili\u015fkilerini de desteklemektedir. Lise kademesinde yap\u0131lan turnuvalar festival havas\u0131nda ve m\u00fczik yay\u0131n\u0131 e\u015fli\u011finde [&hellip;]<\/p>\n","protected":false},"author":1,"featured_media":0,"parent":0,"menu_order":0,"comment_status":"closed","ping_status":"closed","template":"","meta":{"footnotes":""},"class_list":["post-11434","page","type-page","status-publish","hentry"],"_links":{"self":[{"href":"https:\/\/irmak.k12.tr\/high\/wp-json\/wp\/v2\/pages\/11434","targetHints":{"allow":["GET"]}}],"collection":[{"href":"https:\/\/irmak.k12.tr\/high\/wp-json\/wp\/v2\/pages"}],"about":[{"href":"https:\/\/irmak.k12.tr\/high\/wp-json\/wp\/v2\/types\/page"}],"author":[{"embeddable":true,"href":"https:\/\/irmak.k12.tr\/high\/wp-json\/wp\/v2\/users\/1"}],"replies":[{"embeddable":true,"href":"https:\/\/irmak.k12.tr\/high\/wp-json\/wp\/v2\/comments?post=11434"}],"version-history":[{"count":1,"href":"https:\/\/irmak.k12.tr\/high\/wp-json\/wp\/v2\/pages\/11434\/revisions"}],"predecessor-version":[{"id":13090,"href":"https:\/\/irmak.k12.tr\/high\/wp-json\/wp\/v2\/pages\/11434\/revisions\/13090"}],"wp:attachment":[{"href":"https:\/\/irmak.k12.tr\/high\/wp-json\/wp\/v2\/media?parent=11434"}],"curies":[{"name":"wp","href":"https:\/\/api.w.org\/{rel}","templated":true}]}}