{"id":11427,"date":"2023-02-19T20:48:26","date_gmt":"2023-02-19T17:48:26","guid":{"rendered":"https:\/\/irmak.k12.tr\/high\/?page_id=11427"},"modified":"2023-02-24T13:14:30","modified_gmt":"2023-02-24T10:14:30","slug":"orkestra-calismalari","status":"publish","type":"page","link":"https:\/\/irmak.k12.tr\/high\/orkestra-calismalari\/","title":{"rendered":"Orkestra \u00c7al\u0131\u015fmalar\u0131"},"content":{"rendered":"\n<p>Lise \u00f6\u011frencilerimizi kapsayan orkestra kul\u00fcb\u00fcm\u00fcz\u00fcn provalar\u0131, per\u015fembe g\u00fcnleri 14.20-15.45 saatleri aras\u0131nda, orkestra odas\u0131nda yap\u0131lmaktad\u0131rlar. \u00d6\u011frencilerimiz performanslar\u0131n\u0131, \u00f6nemli g\u00fcn ve haftalarda k\u00fclt\u00fcr merkezimizde sergilemektedirler.<\/p>\n\n\n\n<p>Orkestra kul\u00fcb\u00fcm\u00fcz m\u00fczikten keyif almak ve m\u00fczi\u011fi payla\u015fmak isteyen, yetenekli m\u00fczisyen adaylar\u0131ndan olu\u015fur. Okulumuzu yar\u0131\u015fmalarda temsil etmenin yan\u0131 s\u0131ra \u00f6nemli g\u00fcn ve haftalarda yap\u0131lan etkinliklere destek olur. Kendi repertuvarlar\u0131n\u0131 olu\u015fturur ve konserler verirler.<\/p>\n\n\n\n<p>Kul\u00fcb\u00fcm\u00fcz\u00fcn amac\u0131, \u00f6\u011frencilerimizin m\u00fczik, k\u00fclt\u00fcr ve sanat alan\u0131ndaki yeteneklerinin geli\u015ftirilmesine katk\u0131da bulunmak, \u00f6\u011frencilerimizi sosyal ve k\u00fclt\u00fcrel faaliyetlere te\u015fvik etmektir.<br>Orkestra Kul\u00fcb\u00fcnde \u00e7e\u015fitli enstr\u00fcmanlarla ve vokal tekniklerle m\u00fczikal becerilerini geli\u015ftiren \u00f6\u011frencilerimiz, \u00e7e\u015fitli kurumlar\u0131n ve organizasyonlar\u0131n d\u00fczenlemi\u015f oldu\u011fu yar\u0131\u015fmalara kat\u0131larak okulumuzu temsil etmektedirler.<\/p>\n\n\n\n<p>Kasdav Liseleraras\u0131 M\u00fczik Yar\u0131\u015fmas\u0131 2010 &#8211; Beste ve yorum dal\u0131<br>Vodafone Liseleraras\u0131 M\u00fczik Yar\u0131\u015fmas\u0131 2011 &#8211; 2015 &#8211; Beste ve yorum dal\u0131<br>Maltepe \u00dcniversitesi Liseleraras\u0131 M\u00fczik Yar\u0131\u015fmas\u0131 Rock\u2019n Purple 2011 &#8211; 2015 Yorum dal\u0131<\/p>\n","protected":false},"excerpt":{"rendered":"<p>Lise \u00f6\u011frencilerimizi kapsayan orkestra kul\u00fcb\u00fcm\u00fcz\u00fcn provalar\u0131, per\u015fembe g\u00fcnleri 14.20-15.45 saatleri aras\u0131nda, orkestra odas\u0131nda yap\u0131lmaktad\u0131rlar. \u00d6\u011frencilerimiz performanslar\u0131n\u0131, \u00f6nemli g\u00fcn ve haftalarda k\u00fclt\u00fcr merkezimizde sergilemektedirler. Orkestra kul\u00fcb\u00fcm\u00fcz m\u00fczikten keyif almak ve m\u00fczi\u011fi payla\u015fmak isteyen, yetenekli m\u00fczisyen adaylar\u0131ndan olu\u015fur. Okulumuzu yar\u0131\u015fmalarda temsil etmenin yan\u0131 s\u0131ra \u00f6nemli g\u00fcn ve haftalarda yap\u0131lan etkinliklere destek olur. Kendi repertuvarlar\u0131n\u0131 olu\u015fturur ve konserler [&hellip;]<\/p>\n","protected":false},"author":1,"featured_media":0,"parent":0,"menu_order":0,"comment_status":"closed","ping_status":"closed","template":"","meta":{"footnotes":""},"class_list":["post-11427","page","type-page","status-publish","hentry"],"_links":{"self":[{"href":"https:\/\/irmak.k12.tr\/high\/wp-json\/wp\/v2\/pages\/11427","targetHints":{"allow":["GET"]}}],"collection":[{"href":"https:\/\/irmak.k12.tr\/high\/wp-json\/wp\/v2\/pages"}],"about":[{"href":"https:\/\/irmak.k12.tr\/high\/wp-json\/wp\/v2\/types\/page"}],"author":[{"embeddable":true,"href":"https:\/\/irmak.k12.tr\/high\/wp-json\/wp\/v2\/users\/1"}],"replies":[{"embeddable":true,"href":"https:\/\/irmak.k12.tr\/high\/wp-json\/wp\/v2\/comments?post=11427"}],"version-history":[{"count":0,"href":"https:\/\/irmak.k12.tr\/high\/wp-json\/wp\/v2\/pages\/11427\/revisions"}],"wp:attachment":[{"href":"https:\/\/irmak.k12.tr\/high\/wp-json\/wp\/v2\/media?parent=11427"}],"curies":[{"name":"wp","href":"https:\/\/api.w.org\/{rel}","templated":true}]}}