{"id":11425,"date":"2023-02-19T20:45:55","date_gmt":"2023-02-19T17:45:55","guid":{"rendered":"https:\/\/irmak.k12.tr\/high\/?page_id=11425"},"modified":"2023-02-24T13:12:48","modified_gmt":"2023-02-24T10:12:48","slug":"irmak-bienali","status":"publish","type":"page","link":"https:\/\/irmak.k12.tr\/high\/irmak-bienali\/","title":{"rendered":"Irmak Bienali"},"content":{"rendered":"\n<p>Sanat, \u00f6ncelikle insandaki g\u00fczeli sevmek duygusundan do\u011fmu\u015ftur. V\u00fccudun geli\u015fmesi i\u00e7in gerekli besin maddeleri gibi, insan ruhunun da geli\u015fmesi i\u00e7in sanata ihtiya\u00e7 vard\u0131r. Sanat; ruhu besleyen, d\u00fc\u015f\u00fcnceyi geli\u015ftiren, sorgulama ve be\u011feni duygular\u0131n\u0131 insan\u0131n geli\u015fim s\u00fcreci i\u00e7inde s\u00fcrekli destekleyen yarat\u0131m s\u00fcrecidir.<\/p>\n\n\n\n<p>80&#8217;lerin ikinci yar\u0131s\u0131ndan itibaren T\u00fcrkiye, bir de\u011fi\u015fim r\u00fczg\u00e2r\u0131 i\u00e7ine girdi. Yeni akt\u00f6rler, yeni sanat\u00e7\u0131lar, yeni g\u00f6r\u00fcn\u00fcrl\u00fcl\u00fck alanlar\u0131 derken \u201c\u00e7a\u011fda\u015f sanat\u201d dedi\u011fimiz alan ortaya \u00e7\u0131kt\u0131. Ge\u00e7mi\u015fte var olan tart\u0131\u015fmalar\u0131n \u00f6tesinde yepyeni \u00f6neriler ve beklentilerle birlikte; \u00e7ok daha fazla sanat\u00e7\u0131 ve \u00fcretim var art\u0131k. Hi\u00e7bir \u015fey eskisi gibi de\u011fil.<\/p>\n\n\n\n<p>Bienaller ile T\u00fcrkiye\u2019deki gen\u00e7 ku\u015fa\u011f\u0131n kendini temsil etme platformu yakalad\u0131\u011f\u0131n\u0131 s\u00f6ylemek m\u00fcmk\u00fcnd\u00fcr. Irmak Bienali ile \u00f6\u011frencilerin ve sanatseverlerin \u00e7a\u011fda\u015f sanata ilgilerini art\u0131rmay\u0131, vizyonlar\u0131n\u0131n geni\u015flemesine katk\u0131 sa\u011flamay\u0131 ve ak\u0131p giden zaman\u0131n d\u0131\u015f\u0131nda kalmadan, zaman\u0131n insanla var oldu\u011fu ger\u00e7e\u011fini fark etmelerini hedefliyoruz. Bu s\u00fcre\u00e7te bienal dan\u0131\u015fman\u0131m\u0131z olan Do\u00e7. Dr. Marcus Graf \u2018a te\u015fekk\u00fcr ederiz.<\/p>\n","protected":false},"excerpt":{"rendered":"<p>Sanat, \u00f6ncelikle insandaki g\u00fczeli sevmek duygusundan do\u011fmu\u015ftur. V\u00fccudun geli\u015fmesi i\u00e7in gerekli besin maddeleri gibi, insan ruhunun da geli\u015fmesi i\u00e7in sanata ihtiya\u00e7 vard\u0131r. Sanat; ruhu besleyen, d\u00fc\u015f\u00fcnceyi geli\u015ftiren, sorgulama ve be\u011feni duygular\u0131n\u0131 insan\u0131n geli\u015fim s\u00fcreci i\u00e7inde s\u00fcrekli destekleyen yarat\u0131m s\u00fcrecidir. 80&#8217;lerin ikinci yar\u0131s\u0131ndan itibaren T\u00fcrkiye, bir de\u011fi\u015fim r\u00fczg\u00e2r\u0131 i\u00e7ine girdi. Yeni akt\u00f6rler, yeni sanat\u00e7\u0131lar, yeni g\u00f6r\u00fcn\u00fcrl\u00fcl\u00fck [&hellip;]<\/p>\n","protected":false},"author":1,"featured_media":0,"parent":0,"menu_order":0,"comment_status":"closed","ping_status":"closed","template":"","meta":{"footnotes":""},"class_list":["post-11425","page","type-page","status-publish","hentry"],"_links":{"self":[{"href":"https:\/\/irmak.k12.tr\/high\/wp-json\/wp\/v2\/pages\/11425","targetHints":{"allow":["GET"]}}],"collection":[{"href":"https:\/\/irmak.k12.tr\/high\/wp-json\/wp\/v2\/pages"}],"about":[{"href":"https:\/\/irmak.k12.tr\/high\/wp-json\/wp\/v2\/types\/page"}],"author":[{"embeddable":true,"href":"https:\/\/irmak.k12.tr\/high\/wp-json\/wp\/v2\/users\/1"}],"replies":[{"embeddable":true,"href":"https:\/\/irmak.k12.tr\/high\/wp-json\/wp\/v2\/comments?post=11425"}],"version-history":[{"count":0,"href":"https:\/\/irmak.k12.tr\/high\/wp-json\/wp\/v2\/pages\/11425\/revisions"}],"wp:attachment":[{"href":"https:\/\/irmak.k12.tr\/high\/wp-json\/wp\/v2\/media?parent=11425"}],"curies":[{"name":"wp","href":"https:\/\/api.w.org\/{rel}","templated":true}]}}