{"id":11419,"date":"2023-02-19T16:15:41","date_gmt":"2023-02-19T13:15:41","guid":{"rendered":"https:\/\/irmak.k12.tr\/high\/?page_id=11419"},"modified":"2025-09-30T13:09:10","modified_gmt":"2025-09-30T10:09:10","slug":"kulup-etkinlikleri","status":"publish","type":"page","link":"https:\/\/irmak.k12.tr\/high\/kulup-etkinlikleri\/","title":{"rendered":"Kul\u00fcp Etkinlikleri"},"content":{"rendered":"<div class=\"wpb-content-wrapper\"><p>[vc_row][vc_column][vc_column_text css=&#8221;&#8221;]<\/p>\r\n\r\n<p>Irmak Okullar\u0131nda kul\u00fcp etkinlikleri \u00f6\u011frencilerimizin sosyal, duygusal ve akademik alanlarda var olan\u00a0ya da\u00a0yeni ke\u015ffedecekleri becerilerini geli\u015ftirme ama\u00e7l\u0131 planlan\u0131r. \u00d6\u011frencilerimize sanat, spor ve k\u00fclt\u00fcr-bilim alanlar\u0131nda kendilerini ifade etme ortam\u0131 yarat\u0131l\u0131r. Kul\u00fcp \u00e7al\u0131\u015fmalar\u0131m\u0131z, e\u011fitim \u00f6\u011fretim y\u0131l\u0131n\u0131n ikinci haftas\u0131\u00a0tan\u0131t\u0131m s\u00fcreci ile ba\u015flar. Kul\u00fcp \u00f6\u011fretmenleri taraf\u0131ndan sunumlar yap\u0131larak \u00f6\u011frencilerimize\u00a0i\u00e7erik hakk\u0131nda bilgi verilir. \u00d6\u011frencilerimiz, kat\u0131lmak istedikleri kul\u00fcb\u00fc belirleyerek kul\u00fcp tercih formunu doldurur. \u00dc\u00e7\u00fcnc\u00fc hafta kul\u00fcplerimiz \u00e7al\u0131\u015fmalar\u0131na ba\u015flar. Y\u0131l sonunda t\u00fcm kul\u00fcpler \u00e7al\u0131\u015fmalar\u0131n\u0131 sunumlarla sergiler. \u00d6\u011frencilerimiz bir sonraki y\u0131l i\u00e7in a\u00e7\u0131lmas\u0131n\u0131 istedikleri kul\u00fcpleri de\u011ferlendirme formlar\u0131yla bildirirler. Yeni kul\u00fcp \u00e7al\u0131\u015fmalar\u0131 bu do\u011frultuda planlanarak \u00f6\u011frencilerin se\u00e7imine sunulur.<\/p>\r\n\r\n<p><strong>Lise Kul\u00fcplerimiz<\/strong><\/p>\r\n\r\n<p>Al Writing and Storytelling Club<br \/>Basketbol Kul\u00fcb\u00fc<br \/>Caz Orkestras\u0131 Kul\u00fcb\u00fc<br \/>Destination Imagination Kul\u00fcb\u00fc<br \/>English Drama Club<br \/>eTwinning Kul\u00fcb\u00fc<br \/>Foto\u011fraf\u00e7\u0131l\u0131k Kul\u00fcb\u00fc<br \/>FRC Robotics Kul\u00fcb\u00fc<br \/>Futbol Kul\u00fcb\u00fc<br \/>Giri\u015fimcilik (Start Up Lab) Kul\u00fcb\u00fc<br \/>Global Science Exams Kul\u00fcb\u00fc<br \/>Irmak Ke\u015fif Kul\u00fcb\u00fc<br \/>Math Club<br \/>Mathletes<br \/>MUN CLUB<br \/>M\u00fcnazara Kul\u00fcb\u00fc<br \/>Orkestra Kul\u00fcb\u00fc<br \/>Performans Sanatlar\u0131 Kul\u00fcb\u00fc<br \/>Podcast Sokratik Savunma Kul\u00fcb\u00fc<br \/>Resim Kul\u00fcb\u00fc<br \/>Robotex Robotics<br \/>Seramik Kul\u00fcb\u00fc<br \/>Tenis Kul\u00fcb\u00fc<br \/>T\u00fcrk\u00e7e Drama Kul\u00fcb\u00fc<br \/>VEX Robotics<br \/>Voleybol Kul\u00fcb\u00fc<br \/>Yarat\u0131c\u0131 Yazarl\u0131k ve Dergi<\/p>\r\n<!-- \/wp:post-content -->\r\n<p>&nbsp;<\/p>\r\n<p>[\/vc_column_text][\/vc_column][\/vc_row]<\/p><\/div>","protected":false},"excerpt":{"rendered":"<p>[vc_row][vc_column][vc_column_text css=&#8221;&#8221;] Irmak Okullar\u0131nda kul\u00fcp etkinlikleri \u00f6\u011frencilerimizin sosyal, duygusal ve akademik alanlarda var olan\u00a0ya da\u00a0yeni ke\u015ffedecekleri becerilerini geli\u015ftirme ama\u00e7l\u0131 planlan\u0131r. \u00d6\u011frencilerimize sanat, spor ve k\u00fclt\u00fcr-bilim alanlar\u0131nda kendilerini ifade etme ortam\u0131 yarat\u0131l\u0131r. Kul\u00fcp \u00e7al\u0131\u015fmalar\u0131m\u0131z, e\u011fitim \u00f6\u011fretim y\u0131l\u0131n\u0131n ikinci haftas\u0131\u00a0tan\u0131t\u0131m s\u00fcreci ile ba\u015flar. Kul\u00fcp \u00f6\u011fretmenleri taraf\u0131ndan sunumlar yap\u0131larak \u00f6\u011frencilerimize\u00a0i\u00e7erik hakk\u0131nda bilgi verilir. \u00d6\u011frencilerimiz, kat\u0131lmak istedikleri kul\u00fcb\u00fc belirleyerek [&hellip;]<\/p>\n","protected":false},"author":1,"featured_media":0,"parent":0,"menu_order":0,"comment_status":"closed","ping_status":"closed","template":"","meta":{"footnotes":""},"class_list":["post-11419","page","type-page","status-publish","hentry"],"_links":{"self":[{"href":"https:\/\/irmak.k12.tr\/high\/wp-json\/wp\/v2\/pages\/11419","targetHints":{"allow":["GET"]}}],"collection":[{"href":"https:\/\/irmak.k12.tr\/high\/wp-json\/wp\/v2\/pages"}],"about":[{"href":"https:\/\/irmak.k12.tr\/high\/wp-json\/wp\/v2\/types\/page"}],"author":[{"embeddable":true,"href":"https:\/\/irmak.k12.tr\/high\/wp-json\/wp\/v2\/users\/1"}],"replies":[{"embeddable":true,"href":"https:\/\/irmak.k12.tr\/high\/wp-json\/wp\/v2\/comments?post=11419"}],"version-history":[{"count":2,"href":"https:\/\/irmak.k12.tr\/high\/wp-json\/wp\/v2\/pages\/11419\/revisions"}],"predecessor-version":[{"id":15922,"href":"https:\/\/irmak.k12.tr\/high\/wp-json\/wp\/v2\/pages\/11419\/revisions\/15922"}],"wp:attachment":[{"href":"https:\/\/irmak.k12.tr\/high\/wp-json\/wp\/v2\/media?parent=11419"}],"curies":[{"name":"wp","href":"https:\/\/api.w.org\/{rel}","templated":true}]}}