{"id":11416,"date":"2023-02-19T16:11:20","date_gmt":"2023-02-19T13:11:20","guid":{"rendered":"https:\/\/irmak.k12.tr\/high\/?page_id=11416"},"modified":"2024-02-21T13:42:40","modified_gmt":"2024-02-21T10:42:40","slug":"yurt-disi-universite-danismanligi","status":"publish","type":"page","link":"https:\/\/irmak.k12.tr\/high\/yurt-disi-universite-danismanligi\/","title":{"rendered":"Yurt D\u0131\u015f\u0131 \u00dcniversite Dan\u0131\u015fmanl\u0131\u011f\u0131"},"content":{"rendered":"\r\n<p><b>\u00c7al\u0131\u015fma Y\u00f6ntemi ve Sorumluluklar<\/b><\/p>\r\n<p><span style=\"font-weight: 400;\">Irmak Okullar\u0131nda &#8220;Yurtd\u0131\u015f\u0131 Dan\u0131\u015fmanl\u0131\u011f\u0131&#8221; \u00f6\u011frencilerin ilgi, yetenek ve ba\u015far\u0131lar\u0131n\u0131 g\u00f6z \u00f6n\u00fcnde bulundurarak yurtd\u0131\u015f\u0131 \u00fcniversite se\u00e7imlerine yard\u0131mc\u0131 olmay\u0131 ama\u00e7lamaktad\u0131r.<\/span><\/p>\r\n<p><span style=\"font-weight: 400;\">Okul se\u00e7iminde ba\u015far\u0131l\u0131 olabilmek i\u00e7in s\u00fcrecin okul, veli ve \u00f6\u011frenci taraf\u0131ndan birlikte y\u00f6netilmesi ve en uygun \u00fcniversitenin se\u00e7ilmesi gerekir. S\u00fcrece dahil olan herkes sorumluluk almal\u0131 ve birbiriyle ileti\u015fim halinde olmal\u0131d\u0131r. \u00d6\u011frenci bu s\u00fcre\u00e7te ara\u015ft\u0131rma, planlama ve son karar\u0131 vererek lider olmal\u0131d\u0131r. \u00d6\u011frencileri bilgilendirmek, okula ba\u015fvuru s\u00fcre\u00e7lerini takip etmek ve \u00f6\u011frencilere rehberlik etmek b\u00f6l\u00fcm\u00fcn temel g\u00f6revleridir.<\/span><\/p>\r\n<p><span style=\"font-weight: 400;\">Bu s\u00fcre\u00e7te velilerimizden beklentimiz; \u00f6\u011frencileri desteklemeleri ve cesaretlendirmeleridir. Rehber \u00f6\u011fretmenin temel sorumluluklar\u0131; \u00f6\u011frencilere \u00fcniversiteler ve programlar hakk\u0131nda bilgi vermek, ba\u015fvuru i\u00e7in \u00fcniversite listesi haz\u0131rlamak, rehber \u00f6\u011fretmen olarak referans mektubu yazmak ve \u00f6\u011frenciyi \u00fcniversitelerle en iyi \u015fekilde tan\u0131\u015ft\u0131rmakt\u0131r. Bu s\u00fcre\u00e7, do\u011fru y\u00f6nlendirme ve organizasyonla, \u00f6m\u00fcr boyu s\u00fcrecek de\u011ferli bir ya\u015fam deneyimi olacakt\u0131r. Irmak Lisesi Yurtd\u0131\u015f\u0131 Dan\u0131\u015fmanl\u0131\u011f\u0131 B\u00f6l\u00fcm\u00fc, \u00f6\u011frencilerimizle birlikte bu yolculu\u011fa \u00e7\u0131kmaktan ve her ad\u0131mda onlara yard\u0131mc\u0131 olmaktan mutluluk duyacakt\u0131r.<\/span><\/p>\r\n<p><b>YURTDI\u015eI \u00dcNI\u0307VERSI\u0307TE BA\u015eVURULARI I\u0307\u00c7I\u0307N ZAMAN \u00c7I\u0307ZELGESI<\/b><span style=\"font-weight: 400;\">\u0307<\/span><\/p>\r\n<p><b>11. S\u0131n\u0131f &#8211; 1. D\u00f6nem<\/b><\/p>\r\n<ul>\r\n<li><span style=\"font-weight: 400;\">Ekim ay\u0131nda PSAT s\u0131nav\u0131na girin.<\/span><\/li>\r\n<li><span style=\"font-weight: 400;\">Uluslararas\u0131 \u00fcniversite dan\u0131\u015fman\u0131 ile g\u00f6r\u00fc\u015f\u00fcn.<\/span><\/li>\r\n<li><span style=\"font-weight: 400;\">Okulda ve d\u0131\u015far\u0131da d\u00fczenlenen uluslararas\u0131 \u00fcniversite sunumlar\u0131na ve fuarlar\u0131na kat\u0131l\u0131n.<\/span><\/li>\r\n<li><span style=\"font-weight: 400;\">Ailenizle birlikte yurt d\u0131\u015f\u0131nda e\u011fitimle ilgili genel planlar yapmaya ba\u015flay\u0131n.<\/span><\/li>\r\n<li><span style=\"font-weight: 400;\">SAT 1, SAT 2, TOEFL veya IELTS s\u0131navlar\u0131 i\u00e7in \u00e7al\u0131\u015fmaya ba\u015flay\u0131n.<\/span><\/li>\r\n<\/ul>\r\n<p><strong>\u00a011. S\u0131n\u0131f &#8211; 2. D\u00f6nem<\/strong><\/p>\r\n<ul>\r\n<li><span style=\"font-weight: 400;\">Uluslararas\u0131 \u00fcniversite dan\u0131\u015fman\u0131 ile g\u00f6r\u00fc\u015f\u00fcn.<\/span><\/li>\r\n<li><span style=\"font-weight: 400;\">Yurt d\u0131\u015f\u0131nda e\u011fitim almay\u0131 planlayan \u00f6\u011frenciler i\u00e7in d\u00fczenlenen toplant\u0131lara kat\u0131l\u0131n.<\/span><\/li>\r\n<li><span style=\"font-weight: 400;\">Okul i\u00e7i ve d\u0131\u015f\u0131 uluslararas\u0131 \u00fcniversite sunumlar\u0131na ve fuarlar\u0131na kat\u0131l\u0131n.<\/span><\/li>\r\n<li><span style=\"font-weight: 400;\">Yaz okullar\u0131 hakk\u0131nda bilgi edinin ve ba\u015fvurunuzu tamamlay\u0131n.<\/span><\/li>\r\n<li><span style=\"font-weight: 400;\">Ara\u015ft\u0131rma yaparak detayl\u0131 bir \u00fcniversite listesi haz\u0131rlay\u0131n ve d\u00f6nem sonuna kadar dan\u0131\u015fman\u0131n\u0131zla birlikte bu listeyi k\u0131saltmaya \u00e7al\u0131\u015f\u0131n.<\/span><\/li>\r\n<li><span style=\"font-weight: 400;\">May\u0131s veya Haziran aylar\u0131nda SAT 1 ve\/veya SAT 2 s\u0131navlar\u0131na girin, TOEFL veya IELTS\u2019e de bu aylarda girebilirsiniz.<\/span><\/li>\r\n<li><span style=\"font-weight: 400;\">\u00dcniversitelerden bro\u015f\u00fcr ve ba\u015fvuru formlar\u0131 isteyin.<\/span><\/li>\r\n<li><span style=\"font-weight: 400;\">Kompozisyonlar\u0131n\u0131z\u0131 haz\u0131rlamaya ba\u015flay\u0131n.<\/span><\/li>\r\n<li><span style=\"font-weight: 400;\">Referans mektuplar\u0131 i\u00e7in \u00f6\u011fretmen isimlerinden olu\u015fan bir liste belirleyin.<\/span><\/li>\r\n<li><span style=\"font-weight: 400;\">Yaz aylar\u0131nda yurt d\u0131\u015f\u0131na seyahat edecekseniz \u00fcniversite kamp\u00fcslerini ziyaret edin ve m\u00fclakat i\u00e7in randevu ayarlamaya \u00e7al\u0131\u015f\u0131n.<\/span><\/li>\r\n<\/ul>\r\n<p><strong>\u00a012. S\u0131n\u0131f &#8211; 1. D\u00f6nem<\/strong><\/p>\r\n<ul>\r\n<li><span style=\"font-weight: 400;\">Kaliforniya&#8217;daki \u00fcniversitelere ba\u015fvurmak isteyen \u00f6\u011frenciler, m\u00fcmk\u00fcn olan en k\u0131sa s\u00fcrede uluslararas\u0131 \u00fcniversite dan\u0131\u015fmanlar\u0131na dan\u0131\u015fmal\u0131d\u0131r, ba\u015fvurular i\u00e7in son tarih genellikle 1 Kas\u0131m&#8217;d\u0131r.<\/span><\/li>\r\n<li><span style=\"font-weight: 400;\">Amerika&#8217;daki baz\u0131 \u00fcniversiteler i\u00e7in erken ba\u015fvuru sistemi vard\u0131r (Early Action \/ Early Decision) &#8211; son ba\u015fvuru tarihi 1 Kas\u0131m veya 15 Kas\u0131m&#8217;d\u0131r. \u00d6\u011frenciler m\u00fcmk\u00fcn olan en k\u0131sa s\u00fcrede dan\u0131\u015fmanlar\u0131yla g\u00f6r\u00fc\u015fmelidir.<\/span><\/li>\r\n<li><span style=\"font-weight: 400;\">Gerekli standart testleri (SAT \/ TOEFL, vb.) tekrar almak i\u00e7in kay\u0131t olun.<\/span><\/li>\r\n<li><span style=\"font-weight: 400;\">Okulda ve d\u0131\u015far\u0131da d\u00fczenlenen uluslararas\u0131 \u00fcniversite sunumlar\u0131na ve fuarlar\u0131na kat\u0131l\u0131n.<\/span><\/li>\r\n<li><span style=\"font-weight: 400;\">Ba\u015fvuru makalelerinizi d\u00fczeltin ve tamamlay\u0131n.<\/span><\/li>\r\n<li><span style=\"font-weight: 400;\">\u00d6\u011fretmenlerinizden referans mektuplar\u0131 talep edin.<\/span><\/li>\r\n<li><span style=\"font-weight: 400;\">T\u00fcm okul raporlar\u0131n\u0131z\u0131 dan\u0131\u015fman\u0131n\u0131za verin.<\/span><\/li>\r\n<li><span style=\"font-weight: 400;\">Dan\u0131\u015fman\u0131n\u0131zla d\u00fczenli olarak konu\u015fun.<\/span><\/li>\r\n<li><span style=\"font-weight: 400;\">T\u00fcm ba\u015fvurular\u0131n\u0131z\u0131 uluslararas\u0131 \u00fcniversite dan\u0131\u015fman\u0131n\u0131z arac\u0131l\u0131\u011f\u0131yla g\u00f6ndermek i\u00e7in bir plan yap\u0131n.<\/span><\/li>\r\n<\/ul>\r\n<p><strong>\u00a012. S\u0131n\u0131f &#8211; 2. D\u00f6nem<\/strong><\/p>\r\n<ul>\r\n<li><span style=\"font-weight: 400;\">Ba\u015fvurdu\u011funuz \u00fcniversitelerle g\u00f6r\u00fc\u015f\u00fcn ve ba\u015fvurunuzda eksik bir \u015fey olup olmad\u0131\u011f\u0131n\u0131 kontrol edin.<\/span><\/li>\r\n<li><span style=\"font-weight: 400;\">Al\u0131nan yan\u0131tlar hakk\u0131nda dan\u0131\u015fman\u0131n\u0131z\u0131 bilgilendirin. (Sonu\u00e7lar genellikle 15 Mart ile 15 Nisan aras\u0131nda gelir.)<\/span><\/li>\r\n<li><span style=\"font-weight: 400;\">Bekleme listesi tekliflerine yan\u0131t verin.<\/span><\/li>\r\n<li><span style=\"font-weight: 400;\">Gitmeye karar verdi\u011finiz \u00fcniversitedeki yerinizi g\u00fcvence alt\u0131na almak i\u00e7in depozitonuzu g\u00f6nderin.<\/span><\/li>\r\n<li><span style=\"font-weight: 400;\">Di\u011fer ba\u015fvurular\u0131n\u0131z\u0131 iptal etmek i\u00e7in \u00fcniversite kabul ofislerine mektup yaz\u0131n.<\/span><\/li>\r\n<li><span style=\"font-weight: 400;\">Dan\u0131\u015fman\u0131n\u0131zla son transkriptinizin ve di\u011fer belgelerin postalanmas\u0131 hakk\u0131nda konu\u015fun.<\/span><\/li>\r\n<li><span style=\"font-weight: 400;\">Dan\u0131\u015fman\u0131n\u0131zdan \u00f6\u011frenci vizesi prosed\u00fcrleri hakk\u0131nda bilgi al\u0131n.<\/span><\/li>\r\n<\/ul>\r\n\r\n\r\n","protected":false},"excerpt":{"rendered":"<p>\u00c7al\u0131\u015fma Y\u00f6ntemi ve Sorumluluklar Irmak Okullar\u0131nda &#8220;Yurtd\u0131\u015f\u0131 Dan\u0131\u015fmanl\u0131\u011f\u0131&#8221; \u00f6\u011frencilerin ilgi, yetenek ve ba\u015far\u0131lar\u0131n\u0131 g\u00f6z \u00f6n\u00fcnde bulundurarak yurtd\u0131\u015f\u0131 \u00fcniversite se\u00e7imlerine yard\u0131mc\u0131 olmay\u0131 ama\u00e7lamaktad\u0131r. Okul se\u00e7iminde ba\u015far\u0131l\u0131 olabilmek i\u00e7in s\u00fcrecin okul, veli ve \u00f6\u011frenci taraf\u0131ndan birlikte y\u00f6netilmesi ve en uygun \u00fcniversitenin se\u00e7ilmesi gerekir. S\u00fcrece dahil olan herkes sorumluluk almal\u0131 ve birbiriyle ileti\u015fim halinde olmal\u0131d\u0131r. \u00d6\u011frenci bu s\u00fcre\u00e7te [&hellip;]<\/p>\n","protected":false},"author":1,"featured_media":0,"parent":0,"menu_order":0,"comment_status":"closed","ping_status":"closed","template":"","meta":{"footnotes":""},"class_list":["post-11416","page","type-page","status-publish","hentry"],"_links":{"self":[{"href":"https:\/\/irmak.k12.tr\/high\/wp-json\/wp\/v2\/pages\/11416","targetHints":{"allow":["GET"]}}],"collection":[{"href":"https:\/\/irmak.k12.tr\/high\/wp-json\/wp\/v2\/pages"}],"about":[{"href":"https:\/\/irmak.k12.tr\/high\/wp-json\/wp\/v2\/types\/page"}],"author":[{"embeddable":true,"href":"https:\/\/irmak.k12.tr\/high\/wp-json\/wp\/v2\/users\/1"}],"replies":[{"embeddable":true,"href":"https:\/\/irmak.k12.tr\/high\/wp-json\/wp\/v2\/comments?post=11416"}],"version-history":[{"count":9,"href":"https:\/\/irmak.k12.tr\/high\/wp-json\/wp\/v2\/pages\/11416\/revisions"}],"predecessor-version":[{"id":13468,"href":"https:\/\/irmak.k12.tr\/high\/wp-json\/wp\/v2\/pages\/11416\/revisions\/13468"}],"wp:attachment":[{"href":"https:\/\/irmak.k12.tr\/high\/wp-json\/wp\/v2\/media?parent=11416"}],"curies":[{"name":"wp","href":"https:\/\/api.w.org\/{rel}","templated":true}]}}