{"id":11407,"date":"2023-02-19T15:53:35","date_gmt":"2023-02-19T12:53:35","guid":{"rendered":"https:\/\/irmak.k12.tr\/high\/?page_id=11407"},"modified":"2024-11-19T09:06:31","modified_gmt":"2024-11-19T06:06:31","slug":"beden-egitimi","status":"publish","type":"page","link":"https:\/\/irmak.k12.tr\/high\/beden-egitimi\/","title":{"rendered":"Beden E\u011fitimi"},"content":{"rendered":"\n<p>Irmak Okullar\u0131nda Beden E\u011fitimi dersleri ulusal ve uluslararas\u0131 m\u00fcfredatlarla zenginle\u015ftirilmi\u015f dikey planlamalar do\u011frultusunda \u00f6\u011frencilerimizin do\u011fal hayata aktarabilecekleri ya\u015fam becerilerinin kazan\u0131lmas\u0131nda genel e\u011fitimin vazge\u00e7ilmez bir par\u00e7as\u0131d\u0131r. Beden E\u011fitimi dersleri do\u011fas\u0131 gere\u011fi farkl\u0131 disiplinlerin kazan\u0131mlar\u0131n\u0131 da peki\u015ftirmede \u00f6\u011frencilerimize olanak sa\u011flar. Program\u0131m\u0131z K -12 d\u00fczeyinde yap\u0131land\u0131r\u0131larak; \u00f6\u011frencilerimizin fiziksel, devini\u015fsel, bili\u015fsel, duygusal ve toplumsal geli\u015fimine katk\u0131da bulunmay\u0131, ya\u015fam boyu fiziksel etkinliklere kat\u0131l\u0131m\u0131n\u0131 sa\u011flamay\u0131 hedefler. Irmak okullar\u0131ndan mezun olan \u00f6\u011frencilerimiz spor bran\u015flar\u0131 hakk\u0131nda donan\u0131ml\u0131 bir k\u00fclt\u00fcre sahip olur. Spor bran\u015flar\u0131ndan birini g\u00fcnl\u00fck hayat standartlar\u0131na eklerler.<br><br><strong>B\u00f6l\u00fcm Ama\u00e7lar\u0131<\/strong><br>Sporu ara\u00e7 olarak kullanarak fiziksel ve ruhsal bak\u0131mdan sa\u011fl\u0131kl\u0131, karma\u015f\u0131k durumlara \u00e7\u00f6z\u00fcmsel yakla\u015fabilen, kolektif \u00e7al\u0131\u015fan, analitik d\u00fc\u015f\u00fcnen, sosyal ya\u015famlar\u0131nda farkl\u0131l\u0131klara sayg\u0131 g\u00f6steren, empati ve sempati kavramlar\u0131n\u0131 \u00f6z\u00fcmsemi\u015f, kazanmay\u0131 kutlayan, kaybetmeyi kabullenen, zararl\u0131 maddelere kar\u015f\u0131 sa\u011flam karakterli \u00f6\u011frenciler yeti\u015ftirmek, as\u0131l ama\u00e7lar\u0131m\u0131z\u0131 olu\u015fturur.<br><br>\u2022 Sa\u011fl\u0131kl\u0131 ya\u015fam becerisi kazanma,<br>\u2022 Bedenini kontrol etme ve mekansal alg\u0131 geli\u015ftirme,<br>\u2022 Sportif etkinliklere aktif kat\u0131lma,<br>\u2022 Oyun oynama yetisi kazanma,<br>\u2022 Ritim duygusu kazanma,<br>\u2022 Yeteneklerini ke\u015ffetmelerine f\u0131rsat verme ve geli\u015ftirme,<br>\u2022 \u00c7e\u015fitli fiziksel etkinliklerle yeni beceriler kazanma ve deneyim elde etme,<br>\u2022 Bir tak\u0131m\u0131n ya da grubun par\u00e7as\u0131 olabilmek i\u00e7in i\u015f birlik\u00e7i davran\u0131\u015flar geli\u015ftirme,<br>\u2022 Fiziksel etkinliklerde bulunurken uygun g\u00fcvenlik \u00f6nlemlerini alma.<br><br><strong>B\u00f6l\u00fcm Hedefleri<\/strong><br>\u00d6\u011frencilerimizin alanlar\u0131 ve aletleri kullanarak fiziksel deneyimler kazanmas\u0131 ve d\u00f6n\u00fc\u015f\u00fcml\u00fc d\u00fc\u015f\u00fcnme becerisi geli\u015ftirerek bu becerileri ya\u015fant\u0131s\u0131na aktarmas\u0131 as\u0131l hedefimizdir. Bunlar\u0131n yan\u0131 s\u0131ra;<br><br>\u2022 V\u00fccudumuzu ve \u00e7al\u0131\u015fma prensiplerini sorgulama,<br>\u2022 Bedenin \u00e7e\u015fitli b\u00f6l\u00fcmlerini kullanarak alet ve ekipman kullanabilme,<br>\u2022 Uzamsal \u00e7al\u0131\u015fmalarla hareket alanlar\u0131 belirleme,<br>\u2022 Ulusal ve uluslararas\u0131 spor bran\u015flar\u0131nda teknik ve taktik beceriler kazanma,<br>\u2022 Oyunlar kurgulama,<br>\u2022 M\u00fczik ile \u00f6zg\u00fcn hareket serileri yaratma,<br>\u2022 Sportif beceri testleri yapma ve motive etme,<br>\u2022 Tak\u0131m sporlar\u0131 ve ferdi sporlar\u0131n oryantasyonunu yapma,<br>\u2022 Spor sakatl\u0131klar\u0131 ve ilk yard\u0131m konusunda \u00f6\u011frencileri bilin\u00e7lendirme hedeflenmektedir.<\/p>\n","protected":false},"excerpt":{"rendered":"<p>Irmak Okullar\u0131nda Beden E\u011fitimi dersleri ulusal ve uluslararas\u0131 m\u00fcfredatlarla zenginle\u015ftirilmi\u015f dikey planlamalar do\u011frultusunda \u00f6\u011frencilerimizin do\u011fal hayata aktarabilecekleri ya\u015fam becerilerinin kazan\u0131lmas\u0131nda genel e\u011fitimin vazge\u00e7ilmez bir par\u00e7as\u0131d\u0131r. Beden E\u011fitimi dersleri do\u011fas\u0131 gere\u011fi farkl\u0131 disiplinlerin kazan\u0131mlar\u0131n\u0131 da peki\u015ftirmede \u00f6\u011frencilerimize olanak sa\u011flar. Program\u0131m\u0131z K -12 d\u00fczeyinde yap\u0131land\u0131r\u0131larak; \u00f6\u011frencilerimizin fiziksel, devini\u015fsel, bili\u015fsel, duygusal ve toplumsal geli\u015fimine katk\u0131da bulunmay\u0131, ya\u015fam boyu [&hellip;]<\/p>\n","protected":false},"author":1,"featured_media":0,"parent":0,"menu_order":0,"comment_status":"closed","ping_status":"closed","template":"","meta":{"footnotes":""},"class_list":["post-11407","page","type-page","status-publish","hentry"],"_links":{"self":[{"href":"https:\/\/irmak.k12.tr\/high\/wp-json\/wp\/v2\/pages\/11407","targetHints":{"allow":["GET"]}}],"collection":[{"href":"https:\/\/irmak.k12.tr\/high\/wp-json\/wp\/v2\/pages"}],"about":[{"href":"https:\/\/irmak.k12.tr\/high\/wp-json\/wp\/v2\/types\/page"}],"author":[{"embeddable":true,"href":"https:\/\/irmak.k12.tr\/high\/wp-json\/wp\/v2\/users\/1"}],"replies":[{"embeddable":true,"href":"https:\/\/irmak.k12.tr\/high\/wp-json\/wp\/v2\/comments?post=11407"}],"version-history":[{"count":1,"href":"https:\/\/irmak.k12.tr\/high\/wp-json\/wp\/v2\/pages\/11407\/revisions"}],"predecessor-version":[{"id":12997,"href":"https:\/\/irmak.k12.tr\/high\/wp-json\/wp\/v2\/pages\/11407\/revisions\/12997"}],"wp:attachment":[{"href":"https:\/\/irmak.k12.tr\/high\/wp-json\/wp\/v2\/media?parent=11407"}],"curies":[{"name":"wp","href":"https:\/\/api.w.org\/{rel}","templated":true}]}}