{"id":11398,"date":"2023-02-19T15:43:41","date_gmt":"2023-02-19T12:43:41","guid":{"rendered":"https:\/\/irmak.k12.tr\/high\/?page_id=11398"},"modified":"2024-02-05T14:30:19","modified_gmt":"2024-02-05T11:30:19","slug":"gorsel-sanatlar","status":"publish","type":"page","link":"https:\/\/irmak.k12.tr\/high\/gorsel-sanatlar\/","title":{"rendered":"G\u00f6rsel Sanatlar"},"content":{"rendered":"\r\n<p><span style=\"font-weight: 400;\">Sanat, bireye d\u0131\u015favurum olana\u011f\u0131 sa\u011flayan, her alanda kullanabilece\u011fi yarat\u0131c\u0131l\u0131\u011f\u0131 geli\u015ftiren, ya\u015fad\u0131\u011f\u0131 k\u00fclt\u00fcre ve di\u011fer k\u00fclt\u00fcrlere de\u011fer verme ve sahip \u00e7\u0131kma bilinci edindiren en \u00f6nemli alanlardan biridir.<\/span><\/p>\r\n<p><span style=\"font-weight: 400;\">Irmak Lisesinde G\u00f6rsel Sanatlar dersinin amac\u0131; sanat\u00e7\u0131 yeti\u015ftirmek de\u011fil, sanat\u0131 seven bireyler yeti\u015ftirmektir. Sanat yap\u0131t\u0131yla kar\u015f\u0131la\u015f\u0131p onu de\u011ferlendiren, ki\u015fide harekete ge\u00e7en t\u00fcm zihinsel yeti ve s\u00fcre\u00e7leri; duyu, duyum, alg\u0131lama, imgeleme, d\u00fc\u015f\u00fcnme, \u00e7a\u011fr\u0131\u015f\u0131m gibi g\u00fc\u00e7leri e\u011fitmek sanat e\u011fitimi ile ger\u00e7ekle\u015febilir.<\/span><\/p>\r\n<p><b>B\u00f6l\u00fcm Hedefleri<\/b><\/p>\r\n<p><span style=\"font-weight: 400;\">Irmak Lisesi G\u00f6rsel Sanatlar dersinde; sanat\u0131 ya\u015fam\u0131n\u0131n bir par\u00e7as\u0131 olarak g\u00f6ren, duygu, d\u00fc\u015f\u00fcnce ve izlenimlerini \u00f6zg\u00fcn sanatsal tasar\u0131mlara d\u00f6n\u00fc\u015ft\u00fcren, tarih\u00ee ve k\u00fclt\u00fcrel de\u011ferlerimize duyarl\u0131, bir sanat eseriyle kar\u015f\u0131la\u015f\u0131ld\u0131\u011f\u0131nda ona nas\u0131l bak\u0131lmas\u0131 gerekti\u011fini bilen, evrensel d\u00fc\u015f\u00fcnceye sahip, sanattan tat alan, \u00f6zg\u00fcveni geli\u015fmi\u015f, yarat\u0131c\u0131 ve \u00fcretken, ele\u015ftirel bak\u0131\u015f a\u00e7\u0131s\u0131na sahip \u00f6\u011frenciler yeti\u015ftirilmesi hedeflemektedir.<\/span><\/p>\r\n<p><span style=\"font-weight: 400;\">Irmak Lisesinde;<\/span><\/p>\r\n<ul>\r\n<li><span style=\"font-weight: 400;\">\u00d6\u011frencilerin \u00e7e\u015fitli d\u00f6nemlere ve k\u00fclt\u00fcrlere ait sanat eserlerini inceleyerek, sanat tarihini ve k\u00fclt\u00fcrler aras\u0131 etkile\u015fimi anlamaya y\u00f6nelik fark\u0131ndal\u0131k geli\u015ftirmeleri,<\/span><\/li>\r\n<li><span style=\"font-weight: 400;\">Sanat\u0131n toplum \u00fczerindeki etkilerini ve evrensel dilini anlama becerisi kazanmay\u0131,<\/span><\/li>\r\n<li><span style=\"font-weight: 400;\">\u00c7e\u015fitli sanat t\u00fcrleri, malzemeleri ve teknikleriyle kendi yarat\u0131c\u0131 ifadesini geli\u015ftirmeyi ve farkl\u0131 sanat disiplinlerinde temel beceriler kazanarak eser \u00fcretebilmeleri,<\/span><\/li>\r\n<li><span style=\"font-weight: 400;\">Ele\u015ftirel bir bak\u0131\u015f a\u00e7\u0131s\u0131yla sanat\u0131n \u00e7e\u015fitli y\u00f6nlerini anlama ve yorumlama yetene\u011fini geli\u015ftirmeleri hedeflenmektedir.<\/span><\/li>\r\n<\/ul>\r\n<p><b>Sanat Dersleri ve At\u00f6lye \u00c7al\u0131\u015fmalar\u0131<\/b><\/p>\r\n<p><span style=\"font-weight: 400;\">Okulumuzda sanat e\u011fitimi programlar\u0131 haz\u0131rlan\u0131rken derslerimizi destekleyen sanat etkinliklerine yo\u011fun bir \u015fekilde yer verilmektedir<\/span><span style=\"font-weight: 400;\">. Irmak lisesinde resim ve seramik bran\u015f\u0131nda ger\u00e7ekle\u015ftirilen \u00e7al\u0131\u015fmalarda teknik beceriler \u00fczerinden \u00f6zg\u00fcn yorumlamayla yarat\u0131c\u0131 ifadeler \u00fczerine yo\u011funla\u015f\u0131l\u0131r. Ger\u00e7ekle\u015ftirilen \u201cIrmak Bienali\u201d ve \u201cSanat Gecesi\u201d etkinliklerinin k\u00fcrat\u00f6rl\u00fc\u011f\u00fcn\u00fc \u00fcstlenen \u00f6\u011frencilerimiz sanat d\u00fcnyas\u0131yla etkile\u015fimde bulunma, organizasyon ve ileti\u015fim becerilerini geli\u015ftirme f\u0131rsat\u0131 elde ederler. Ders kapsam\u0131nda d\u00fczenlenen gezilerimizle <\/span><span style=\"font-weight: 400;\">\u00f6\u011frencilerimizin, sanat eserlerini yak\u0131ndan g\u00f6rerek tan\u0131malar\u0131na, eserlerin \u00f6zg\u00fcnl\u00fc\u011f\u00fcn\u00fc, g\u00f6rsel alg\u0131lama deneyimini yerinde ve ilk elden g\u00f6rerek ya\u015famalar\u0131na olanak sa\u011flanmaktad\u0131r. Her ya\u015f seviyesine uygun olarak sanat\u00e7\u0131larla bulu\u015fma imk\u00e2n\u0131 sa\u011flayan etkinliklerimizde \u00f6\u011frencilerimiz sanat\u00e7\u0131lar\u0131 daha yak\u0131ndan tan\u0131yarak kendi bak\u0131\u015f a\u00e7\u0131lar\u0131n\u0131 geli\u015ftirici \u00e7al\u0131\u015fmalar yapmaktad\u0131r. G\u00f6rsel sanatlar dersini destekleyen, geli\u015ftiren ve \u00f6\u011frencilerimizi farkl\u0131 etkinliklerle bulu\u015fturan yar\u0131\u015fma ve proje \u00e7al\u0131\u015fmalar\u0131yla sanatsal bilinci artt\u0131ran, farkl\u0131 bak\u0131\u015f a\u00e7\u0131lar\u0131 kazand\u0131ran etkinlikler d\u00fczenlenmektedir.<\/span><\/p>\r\n","protected":false},"excerpt":{"rendered":"<p>Sanat, bireye d\u0131\u015favurum olana\u011f\u0131 sa\u011flayan, her alanda kullanabilece\u011fi yarat\u0131c\u0131l\u0131\u011f\u0131 geli\u015ftiren, ya\u015fad\u0131\u011f\u0131 k\u00fclt\u00fcre ve di\u011fer k\u00fclt\u00fcrlere de\u011fer verme ve sahip \u00e7\u0131kma bilinci edindiren en \u00f6nemli alanlardan biridir. Irmak Lisesinde G\u00f6rsel Sanatlar dersinin amac\u0131; sanat\u00e7\u0131 yeti\u015ftirmek de\u011fil, sanat\u0131 seven bireyler yeti\u015ftirmektir. Sanat yap\u0131t\u0131yla kar\u015f\u0131la\u015f\u0131p onu de\u011ferlendiren, ki\u015fide harekete ge\u00e7en t\u00fcm zihinsel yeti ve s\u00fcre\u00e7leri; duyu, duyum, alg\u0131lama, [&hellip;]<\/p>\n","protected":false},"author":1,"featured_media":0,"parent":0,"menu_order":0,"comment_status":"closed","ping_status":"closed","template":"","meta":{"footnotes":""},"class_list":["post-11398","page","type-page","status-publish","hentry"],"_links":{"self":[{"href":"https:\/\/irmak.k12.tr\/high\/wp-json\/wp\/v2\/pages\/11398","targetHints":{"allow":["GET"]}}],"collection":[{"href":"https:\/\/irmak.k12.tr\/high\/wp-json\/wp\/v2\/pages"}],"about":[{"href":"https:\/\/irmak.k12.tr\/high\/wp-json\/wp\/v2\/types\/page"}],"author":[{"embeddable":true,"href":"https:\/\/irmak.k12.tr\/high\/wp-json\/wp\/v2\/users\/1"}],"replies":[{"embeddable":true,"href":"https:\/\/irmak.k12.tr\/high\/wp-json\/wp\/v2\/comments?post=11398"}],"version-history":[{"count":3,"href":"https:\/\/irmak.k12.tr\/high\/wp-json\/wp\/v2\/pages\/11398\/revisions"}],"predecessor-version":[{"id":13353,"href":"https:\/\/irmak.k12.tr\/high\/wp-json\/wp\/v2\/pages\/11398\/revisions\/13353"}],"wp:attachment":[{"href":"https:\/\/irmak.k12.tr\/high\/wp-json\/wp\/v2\/media?parent=11398"}],"curies":[{"name":"wp","href":"https:\/\/api.w.org\/{rel}","templated":true}]}}